{"id":1334,"date":"2022-06-15T12:42:40","date_gmt":"2022-06-15T10:42:40","guid":{"rendered":"https:\/\/patrimoine.lamayenne.fr\/jublains\/?page_id=1334"},"modified":"2025-09-17T11:53:59","modified_gmt":"2025-09-17T09:53:59","slug":"accessibilite","status":"publish","type":"page","link":"https:\/\/patrimoine.lamayenne.fr\/jublains\/preparer-ma-visite\/accessibilite\/","title":{"rendered":"Accessibilit\u00e9"},"content":{"rendered":"<nav aria-label=\"Fil d'Ariane\" class=\"ariane\">\n  <ol>\n    <li>\n      <a href=\"https:\/\/patrimoine.lamayenne.fr\/jublains\">Jublains<\/a>\n    <\/li>\n    <li>\n      <a href=\"https:\/\/patrimoine.lamayenne.fr\/jublains\/preparer-ma-visite\/accessibilite\/\" aria-current=\"page\">Accessibilit\u00e9<\/a>\n    <\/li>\n  <\/ol>\n<\/nav>\n\n<header class=\"hero flex\">\n  <h1>Accessibilit\u00e9<\/h1>\n  <figure class=\"hero__image\">\n    <img decoding=\"async\" data-src=\"https:\/\/patrimoine.lamayenne.fr\/jublains\/wp-content\/uploads\/2022\/06\/Jublains__ville_romaine-Jublains-CP-Les_droners_Claire_et_Arthur_-_Mayenne_Tourisme-1920px1.jpg\" alt=\"\" src=\"data:image\/svg+xml;base64,PHN2ZyB3aWR0aD0iMSIgaGVpZ2h0PSIxIiB4bWxucz0iaHR0cDovL3d3dy53My5vcmcvMjAwMC9zdmciPjwvc3ZnPg==\" class=\"lazyload\" style=\"--smush-placeholder-width: 1920px; --smush-placeholder-aspect-ratio: 1920\/1078;\">\n          <figcaption class=\"screen-reader-text\">le th\u00e9\u00e2tre de Jublains en vue a\u00e9rienne<\/figcaption>\n      <\/figure>\n  <\/header>\n\n\n<h2 class=\"wp-block-heading\" id=\"sainte-suzanne-le-chateau-adapte-a-tous\">Jublains, Un mus\u00e9e adapt\u00e9 \u00e0 tous<\/h2>\n\n\n\n<div class=\"wp-block-columns is-layout-flex wp-container-core-columns-is-layout-9d6595d7 wp-block-columns-is-layout-flex\">\n<div class=\"wp-block-column is-layout-flow wp-block-column-is-layout-flow\"><div class=\"wp-block-image\">\n<figure class=\"aligncenter size-full\"><img decoding=\"async\" width=\"557\" height=\"393\" data-src=\"https:\/\/patrimoine.lamayenne.fr\/jublains\/wp-content\/uploads\/2022\/07\/Tourisme-et-handicap.jpg\" alt=\"\" class=\"wp-image-1630 lazyload\" data-srcset=\"https:\/\/patrimoine.lamayenne.fr\/jublains\/wp-content\/uploads\/2022\/07\/Tourisme-et-handicap.jpg 557w, https:\/\/patrimoine.lamayenne.fr\/jublains\/wp-content\/uploads\/2022\/07\/Tourisme-et-handicap-300x212.jpg 300w\" data-sizes=\"(max-width: 557px) 100vw, 557px\" src=\"data:image\/svg+xml;base64,PHN2ZyB3aWR0aD0iMSIgaGVpZ2h0PSIxIiB4bWxucz0iaHR0cDovL3d3dy53My5vcmcvMjAwMC9zdmciPjwvc3ZnPg==\" style=\"--smush-placeholder-width: 557px; --smush-placeholder-aspect-ratio: 557\/393;\" \/><\/figure>\n<\/div><\/div>\n\n\n\n<div class=\"wp-block-column is-layout-flow wp-block-column-is-layout-flow\">\n<p>Sur r\u00e9servation pour les groupes, un mois \u00e0 l\u2019avance au minimum.<\/p>\n\n\n\n<p>CONTACT PAR MAIL musee.jublains@lamayenne.fr OU TELEPHONE 02 43 58 13 20<\/p>\n\n\n\n<p><strong>Le mus\u00e9e a  re\u00e7u le label national \u00ab Tourisme &amp; Handicap \u00bb pour les quatre handicaps : auditif, mental, moteur et visuel.<\/strong><\/p>\n\n\n\n<p>Des m\u00e9diations adapt\u00e9es sont propos\u00e9es : visite tactile, ou visite en LSF (langue des signes fran\u00e7aise) sur demande un mois avant, pour les groupes. <\/p>\n\n\n\n<p><strong>PMR<\/strong> : 1 place de parking r\u00e9serv\u00e9e devant le mus\u00e9e<\/p>\n\n\n\n<p><strong>D\u00e9pose minute<\/strong> possible dans l&rsquo;all\u00e9e devant l&rsquo;entr\u00e9e du mus\u00e9e<\/p>\n\n\n\n<p><strong>Sonnette<\/strong> : \u00e0 droite de l&rsquo;entr\u00e9e si besoin d&rsquo;aide pour l&rsquo;ouverture de la porte<\/p>\n\n\n\n<p><strong>WC <\/strong>accessibles depuis l&rsquo;accueil du mus\u00e9e (transfert \u00e0 droite)<\/p>\n\n\n\n<p><strong>Boutique<\/strong> dans l&rsquo;accueil du mus\u00e9e<\/p>\n\n\n\n<p><strong>VISITE DE LA FORTERESSE<\/strong> : acc\u00e8s difficile aux personnes en fauteuil et aux personnes ayant des difficult\u00e9s motrices ( pente et sol enherb\u00e9); \u00e9l\u00e9ments compensatoires \u00e0 l&rsquo;aide d&rsquo;une maquette tactile ext\u00e9rieure ainsi qu&rsquo;une restitution num\u00e9rique dans le mus\u00e9e ( projection sur \u00e9cran t\u00e9l\u00e9).<\/p>\n\n\n<ul class=\"links flex\">\n  \t  <li>\n\t\t<a href=\"https:\/\/patrimoine.lamayenne.fr\/jublains\/wp-content\/uploads\/2022\/06\/jublains-outils-aide-visite.pdf\" target=\"_blank\" class=\"link\">Outils d&rsquo;aide \u00e0 la visite (fichier PDF)<\/a>\n\t  <\/li>\n\t  <\/ul>\n<\/div>\n<\/div>\n\n\n\n<section class=\"wp-block-group grey_full_bg has-gris-background-color has-background\"><div class=\"wp-block-group__inner-container is-layout-flow wp-block-group-is-layout-flow\">\n<h2 class=\"wp-block-heading\">Le mus\u00e9e s\u2019adapte pour vous accueillir<\/h2>\n\n\n\n<div class=\"wp-block-columns is-layout-flex wp-container-core-columns-is-layout-9d6595d7 wp-block-columns-is-layout-flex\">\n<div class=\"wp-block-column is-layout-flow wp-block-column-is-layout-flow\">\n<h3 class=\"wp-block-heading has-rouge-color has-text-color\">Handicap Visuel<\/h3>\n\n\n\n<figure class=\"wp-block-image size-full is-resized\"><img decoding=\"async\" width=\"214\" height=\"187\" data-src=\"https:\/\/patrimoine.lamayenne.fr\/jublains\/wp-content\/uploads\/2022\/02\/handicap-visuel.png\" alt=\"\" class=\"wp-image-336 lazyload\" style=\"--smush-placeholder-width: 214px; --smush-placeholder-aspect-ratio: 214\/187;width:54px;height:48px\" src=\"data:image\/svg+xml;base64,PHN2ZyB3aWR0aD0iMSIgaGVpZ2h0PSIxIiB4bWxucz0iaHR0cDovL3d3dy53My5vcmcvMjAwMC9zdmciPjwvc3ZnPg==\" \/><\/figure>\n\n\n\n<p>Des visites tactiles sont r\u00e9guli\u00e8rement mises en place dans la programmation et peuvent \u00eatre demand\u00e9es sur r\u00e9servation pour des groupes sp\u00e9cifiques, des associations, etc.<\/p>\n\n\n\n<p><strong>Sur le site arch\u00e9ologique<\/strong>, l\u2019ensemble du parcours dans le village est accessible aux personnes mal et non-voyantes accompagn\u00e9es. La forteresse, les thermes et le temple disposent de maquettes ou de plans en relief \u00e0 toucher.<\/p>\n\n\n\n<p><strong>Des \u00e9l\u00e9ments tactiles sont en libre-acc\u00e8s<\/strong> : un fac-simil\u00e9 de meule \u00e0 grain pour produire une mouture de bl\u00e9, une restitution miniature de maison gauloise pour en comprendre la constitution, un dispositif de serrure gauloise avec une cl\u00e9 \u00e0 manipuler, et un pan de mur en torchis en grandeur nature.<\/p>\n\n\n<ul class=\"links flex\">\n  \t  <li>\n\t\t<a href=\"https:\/\/patrimoine.lamayenne.fr\/jublains\/wp-content\/uploads\/2022\/06\/jublains-handicap-visuel.pdf\" target=\"_blank\" class=\"link\">Handicap Visuel (fichier PDF)<\/a>\n\t  <\/li>\n\t  <\/ul>\n<\/div>\n\n\n\n<div class=\"wp-block-column is-layout-flow wp-block-column-is-layout-flow\">\n<h3 class=\"wp-block-heading has-rouge-color has-text-color\">Handicap Auditif<\/h3>\n\n\n\n<figure class=\"wp-block-image size-full is-resized\"><img decoding=\"async\" width=\"243\" height=\"198\" data-src=\"https:\/\/patrimoine.lamayenne.fr\/jublains\/wp-content\/uploads\/2022\/02\/handicap-auditif.png\" alt=\"\" class=\"wp-image-334 lazyload\" style=\"--smush-placeholder-width: 243px; --smush-placeholder-aspect-ratio: 243\/198;width:57px;height:46px\" src=\"data:image\/svg+xml;base64,PHN2ZyB3aWR0aD0iMSIgaGVpZ2h0PSIxIiB4bWxucz0iaHR0cDovL3d3dy53My5vcmcvMjAwMC9zdmciPjwvc3ZnPg==\" \/><\/figure>\n\n\n\n<p>Les visiteurs sont accueillis par un agent form\u00e9 \u00e0 la LSF (Langue des signes fran\u00e7aise), l&rsquo;accueil est \u00e9quip\u00e9 d&rsquo;une boucle magn\u00e9tique permettant d&rsquo;amplifier le son dans l&rsquo;appareil auditif du visiteur accueilli.<\/p>\n\n\n\n<p><strong>Aux thermes<\/strong>, situ\u00e9s dans l&rsquo;\u00e9glise, un descriptif oral accompagn\u00e9 d&rsquo;un \u00e9clairage cibl\u00e9 des vestiges est permet de comprendre le fonctionnement des bais antiques. En l\u2019absence de sous-titrages, la lecture du panneau plac\u00e9 \u00e0 l\u2019entr\u00e9e du monument sert d\u2019\u00e9l\u00e9ment compensatoire. Ce dernier comprend un plan (empreinte des trac\u00e9s arch\u00e9ologiques, trac\u00e9 des contours de l\u2019\u00e9glise) et un dessin de restitution du monument avec la fonction on de chaque pi\u00e8ce des thermes.<\/p>\n\n\n\n<p><strong>Lors des animations et des visites adapt\u00e9es<\/strong>, des visites traduites en LSF sont programm\u00e9es r\u00e9guli\u00e8rement, par exemple lors des Journ\u00e9es Europ\u00e9ennes du Patrimoine ou des Journ\u00e9es Nationales Tourisme &amp; Handicap. Des \u00e9tablissements scolaires accueillant des \u00e9l\u00e8ves sourds ou malentendants peuvent solliciter un accompagnement pour la visite du site et du mus\u00e9e.<\/p>\n\n\n<ul class=\"links flex\">\n  \t  <li>\n\t\t<a href=\"https:\/\/patrimoine.lamayenne.fr\/jublains\/wp-content\/uploads\/2022\/06\/jublains-handicap-auditif.pdf\" target=\"\" class=\"link\">Handicap Auditif (fichier PDF)<\/a>\n\t  <\/li>\n\t  <\/ul>\n<\/div>\n<\/div>\n\n\n\n<div class=\"wp-block-columns is-layout-flex wp-container-core-columns-is-layout-9d6595d7 wp-block-columns-is-layout-flex\">\n<div class=\"wp-block-column is-layout-flow wp-block-column-is-layout-flow\">\n<h3 class=\"wp-block-heading has-rouge-color has-text-color\">Handicap Moteur<\/h3>\n\n\n\n<figure class=\"wp-block-image size-full is-resized\"><img decoding=\"async\" width=\"206\" height=\"190\" data-src=\"https:\/\/patrimoine.lamayenne.fr\/jublains\/wp-content\/uploads\/2022\/02\/logo-handicap-moteur.jpg\" alt=\"\" class=\"wp-image-316 lazyload\" style=\"--smush-placeholder-width: 206px; --smush-placeholder-aspect-ratio: 206\/190;width:56px;height:51px\" src=\"data:image\/svg+xml;base64,PHN2ZyB3aWR0aD0iMSIgaGVpZ2h0PSIxIiB4bWxucz0iaHR0cDovL3d3dy53My5vcmcvMjAwMC9zdmciPjwvc3ZnPg==\" \/><\/figure>\n\n\n\n<p><strong>Lors des animations<\/strong>, des places sont syst\u00e9matiquement r\u00e9serv\u00e9es aux personnes \u00e0 mobilit\u00e9 r\u00e9duite. Pour les visites, les guides adaptent le parcours, notamment en ext\u00e9rieur, pour faciliter le d\u00e9placement.<\/p>\n\n\n\n<p><strong>Sur le site arch\u00e9ologique<\/strong>, les lieux sont partiellement accessibles aux personnes en fauteuil ou \u00e0 mobilit\u00e9 r\u00e9duite. Il est conseill\u00e9 de parcourir le village en voiture pour aller d&rsquo;un monument \u00e0 l&rsquo;autre, car le site offre peu d&rsquo;espaces pour se reposer. Une grande partie du cheminement s&rsquo;effectue sur des all\u00e9es recouvertes de sable et pr\u00e9sente par endroits une pente importante.<\/p>\n\n\n\n<p><strong>Au th\u00e9\u00e2tre<\/strong>, une place de parking sp\u00e9cifique est am\u00e9nag\u00e9e pour s&rsquo;approcher au plus pr\u00e8s du monument, et de la borne d&rsquo;information.<\/p>\n\n\n\n<p><strong>Les thermes<\/strong> sont accessibles de plain-pied depuis le c\u00f4t\u00e9 gauche de l&rsquo;\u00e9glise.<\/p>\n\n\n\n<p><strong>Dans la forteresse et au temple<\/strong>, des \u00e9l\u00e9ments compensatoires permettent d&rsquo;avoir des informations sur les monuments car ils sont partiellement accessibles avec un fauteuil.<\/p>\n\n\n<ul class=\"links flex\">\n  \t  <li>\n\t\t<a href=\"https:\/\/patrimoine.lamayenne.fr\/jublains\/wp-content\/uploads\/2022\/06\/jublains-handicap-moteur.pdf\" target=\"_blank\" class=\"link\">Handicap Moteur (fichier PDF)<\/a>\n\t  <\/li>\n\t  <\/ul>\n<\/div>\n\n\n\n<div class=\"wp-block-column is-layout-flow wp-block-column-is-layout-flow\">\n<h3 class=\"wp-block-heading has-rouge-color has-text-color\">Handicap Mental<\/h3>\n\n\n\n<figure class=\"wp-block-image size-full is-resized\"><img decoding=\"async\" width=\"213\" height=\"204\" data-src=\"https:\/\/patrimoine.lamayenne.fr\/jublains\/wp-content\/uploads\/2022\/02\/handicap-mental.png\" alt=\"\" class=\"wp-image-335 lazyload\" style=\"--smush-placeholder-width: 213px; --smush-placeholder-aspect-ratio: 213\/204;width:54px;height:52px\" src=\"data:image\/svg+xml;base64,PHN2ZyB3aWR0aD0iMSIgaGVpZ2h0PSIxIiB4bWxucz0iaHR0cDovL3d3dy53My5vcmcvMjAwMC9zdmciPjwvc3ZnPg==\" \/><\/figure>\n\n\n\n<p><strong>L\u2019ensemble du mus\u00e9e est accessible<\/strong> : les espaces sont signal\u00e9s par des pictogrammes, le film d\u2019introduction est ais\u00e9 \u00e0 comprendre, les panneaux des vitrines comportent de nombreuses photos et des fiches en FALC (Facile \u00e0 Lire et \u00e0 Comprendre) sont mises \u00e0 disposition durant les expositions temporaires.<\/p>\n\n\n\n<p><strong>Sur le site arch\u00e9ologique<\/strong>, les panneaux d&rsquo;information qui jalonnent le parcours comportent de nombreux visuels (photos et dessins). Des modules ludiques, type rouleaux tib\u00e9tains, des \u00ab\u00a0viseurs\u00a0\u00bb et des mat\u00e9riauth\u00e8ques sont en libre-acc\u00e8s sur le parcours, en plus des maquettes \u00e0 d\u00e9couvrir.<\/p>\n\n\n\n<p><strong>Lors des animations et des visites adapt\u00e9es<\/strong>, des reproductions d&rsquo;objets sont pr\u00e9sent\u00e9es pour \u00e9voquer des th\u00e9matiques concr\u00e8tes, comme la vaisselle et le repas. <\/p>\n\n\n\n<p><strong>Au th\u00e9\u00e2tre<\/strong>, il est possible de prendre des masques et de jouer avec l&rsquo;acoustique du lieu, pour rendre les visites ludiques. En pr\u00e9sence d&rsquo;un m\u00e9diateur du mus\u00e9e.<\/p>\n\n\n<ul class=\"links flex\">\n  \t  <li>\n\t\t<a href=\"https:\/\/patrimoine.lamayenne.fr\/jublains\/wp-content\/uploads\/2022\/06\/jublains-handicap-mental.pdf\" target=\"_blank\" class=\"link\">Handicap Mental (fichier PDF)<\/a>\n\t  <\/li>\n\t  <\/ul>\n<\/div>\n<\/div>\n\n\n<ul class=\"blocButtons flex center\">\n  <\/ul>\n<\/div><\/section>\n\n\n\n<section class=\"wp-block-group\"><div class=\"wp-block-group__inner-container is-layout-flow wp-block-group-is-layout-flow\">\n<h2 class=\"wp-block-heading\"><\/h2>\n<\/div><\/section>\n","protected":false},"excerpt":{"rendered":"<p>Jublains, Un mus\u00e9e adapt\u00e9 \u00e0 tous Sur r\u00e9servation pour les groupes, un mois \u00e0 l\u2019avance au minimum. CONTACT PAR MAIL musee.jublains@lamayenne.fr OU TELEPHONE 02 43 58 13 20 Le mus\u00e9e a re\u00e7u le label national \u00ab Tourisme &amp; Handicap \u00bb pour les quatre handicaps : auditif, mental, moteur et visuel. Des m\u00e9diations adapt\u00e9es sont propos\u00e9es [&hellip;]<\/p>\n","protected":false},"author":9,"featured_media":0,"parent":229,"menu_order":0,"comment_status":"closed","ping_status":"closed","template":"","meta":{"_acf_changed":false,"footnotes":""},"class_list":["post-1334","page","type-page","status-publish","hentry"],"acf":[],"yoast_head":"<!-- This site is optimized with the Yoast SEO plugin v25.8 - https:\/\/yoast.com\/wordpress\/plugins\/seo\/ -->\n<title>Accessibilit\u00e9 - Jublains<\/title>\n<meta name=\"description\" content=\"Le mus\u00e9e de Jublains est adapt\u00e9 \u00e0 tous. Trouvez toutes les informations et ressources sur l&#039;accessibilit\u00e9 du mus\u00e9e.\" \/>\n<meta name=\"robots\" content=\"index, follow, max-snippet:-1, max-image-preview:large, max-video-preview:-1\" \/>\n<link rel=\"canonical\" href=\"https:\/\/patrimoine.lamayenne.fr\/jublains\/preparer-ma-visite\/accessibilite\/\" \/>\n<meta name=\"twitter:card\" content=\"summary_large_image\" \/>\n<meta name=\"twitter:title\" content=\"Accessibilit\u00e9 - Jublains\" \/>\n<meta name=\"twitter:description\" content=\"Le mus\u00e9e de Jublains est adapt\u00e9 \u00e0 tous. Trouvez toutes les informations et ressources sur l&#039;accessibilit\u00e9 du mus\u00e9e.\" \/>\n<meta name=\"twitter:image\" content=\"https:\/\/patrimoine.lamayenne.fr\/jublains\/wp-content\/uploads\/2022\/07\/Tourisme-et-handicap.jpg\" \/>\n<meta name=\"twitter:site\" content=\"@lamayenne\" \/>\n<meta name=\"twitter:label1\" content=\"Dur\u00e9e de lecture estim\u00e9e\" \/>\n\t<meta name=\"twitter:data1\" content=\"5 minutes\" \/>\n<script type=\"application\/ld+json\" class=\"yoast-schema-graph\">{\"@context\":\"https:\/\/schema.org\",\"@graph\":[{\"@type\":\"WebPage\",\"@id\":\"https:\/\/patrimoine.lamayenne.fr\/jublains\/preparer-ma-visite\/accessibilite\/\",\"url\":\"https:\/\/patrimoine.lamayenne.fr\/jublains\/preparer-ma-visite\/accessibilite\/\",\"name\":\"Accessibilit\u00e9 - Jublains\",\"isPartOf\":{\"@id\":\"https:\/\/patrimoine.lamayenne.fr\/jublains\/#website\"},\"primaryImageOfPage\":{\"@id\":\"https:\/\/patrimoine.lamayenne.fr\/jublains\/preparer-ma-visite\/accessibilite\/#primaryimage\"},\"image\":{\"@id\":\"https:\/\/patrimoine.lamayenne.fr\/jublains\/preparer-ma-visite\/accessibilite\/#primaryimage\"},\"thumbnailUrl\":\"https:\/\/patrimoine.lamayenne.fr\/jublains\/wp-content\/uploads\/2022\/07\/Tourisme-et-handicap.jpg\",\"datePublished\":\"2022-06-15T10:42:40+00:00\",\"dateModified\":\"2025-09-17T09:53:59+00:00\",\"description\":\"Le mus\u00e9e de Jublains est adapt\u00e9 \u00e0 tous. Trouvez toutes les informations et ressources sur l'accessibilit\u00e9 du mus\u00e9e.\",\"breadcrumb\":{\"@id\":\"https:\/\/patrimoine.lamayenne.fr\/jublains\/preparer-ma-visite\/accessibilite\/#breadcrumb\"},\"inLanguage\":\"fr-FR\",\"potentialAction\":[{\"@type\":\"ReadAction\",\"target\":[\"https:\/\/patrimoine.lamayenne.fr\/jublains\/preparer-ma-visite\/accessibilite\/\"]}]},{\"@type\":\"ImageObject\",\"inLanguage\":\"fr-FR\",\"@id\":\"https:\/\/patrimoine.lamayenne.fr\/jublains\/preparer-ma-visite\/accessibilite\/#primaryimage\",\"url\":\"https:\/\/patrimoine.lamayenne.fr\/jublains\/wp-content\/uploads\/2022\/07\/Tourisme-et-handicap.jpg\",\"contentUrl\":\"https:\/\/patrimoine.lamayenne.fr\/jublains\/wp-content\/uploads\/2022\/07\/Tourisme-et-handicap.jpg\",\"width\":557,\"height\":393,\"caption\":\"logo Tourisme et handicap\"},{\"@type\":\"BreadcrumbList\",\"@id\":\"https:\/\/patrimoine.lamayenne.fr\/jublains\/preparer-ma-visite\/accessibilite\/#breadcrumb\",\"itemListElement\":[{\"@type\":\"ListItem\",\"position\":1,\"name\":\"Accueil\",\"item\":\"https:\/\/patrimoine.lamayenne.fr\/jublains\/\"},{\"@type\":\"ListItem\",\"position\":2,\"name\":\"Pr\u00e9parer ma visite\",\"item\":\"https:\/\/patrimoine.lamayenne.fr\/jublains\/preparer-ma-visite\/\"},{\"@type\":\"ListItem\",\"position\":3,\"name\":\"Accessibilit\u00e9\"}]},{\"@type\":\"WebSite\",\"@id\":\"https:\/\/patrimoine.lamayenne.fr\/jublains\/#website\",\"url\":\"https:\/\/patrimoine.lamayenne.fr\/jublains\/\",\"name\":\"Jublains\",\"description\":\"\",\"publisher\":{\"@id\":\"https:\/\/patrimoine.lamayenne.fr\/jublains\/#organization\"},\"potentialAction\":[{\"@type\":\"SearchAction\",\"target\":{\"@type\":\"EntryPoint\",\"urlTemplate\":\"https:\/\/patrimoine.lamayenne.fr\/jublains\/?s={search_term_string}\"},\"query-input\":{\"@type\":\"PropertyValueSpecification\",\"valueRequired\":true,\"valueName\":\"search_term_string\"}}],\"inLanguage\":\"fr-FR\"},{\"@type\":\"Organization\",\"@id\":\"https:\/\/patrimoine.lamayenne.fr\/jublains\/#organization\",\"name\":\"Jublains\",\"url\":\"https:\/\/patrimoine.lamayenne.fr\/jublains\/\",\"logo\":{\"@type\":\"ImageObject\",\"inLanguage\":\"fr-FR\",\"@id\":\"https:\/\/patrimoine.lamayenne.fr\/jublains\/#\/schema\/logo\/image\/\",\"url\":\"https:\/\/patrimoine.lamayenne.fr\/jublains\/wp-content\/uploads\/2022\/04\/logos_jublains_quadri.svg\",\"contentUrl\":\"https:\/\/patrimoine.lamayenne.fr\/jublains\/wp-content\/uploads\/2022\/04\/logos_jublains_quadri.svg\",\"width\":1,\"height\":1,\"caption\":\"Jublains\"},\"image\":{\"@id\":\"https:\/\/patrimoine.lamayenne.fr\/jublains\/#\/schema\/logo\/image\/\"},\"sameAs\":[\"https:\/\/www.facebook.com\/departement.lamayenne\",\"https:\/\/x.com\/lamayenne\",\"https:\/\/www.instagram.com\/la.mayenne\/\",\"https:\/\/www.youtube.com\/user\/LaMayenneTV\"]}]}<\/script>\n<!-- \/ Yoast SEO plugin. -->","yoast_head_json":{"title":"Accessibilit\u00e9 - Jublains","description":"Le mus\u00e9e de Jublains est adapt\u00e9 \u00e0 tous. Trouvez toutes les informations et ressources sur l'accessibilit\u00e9 du mus\u00e9e.","robots":{"index":"index","follow":"follow","max-snippet":"max-snippet:-1","max-image-preview":"max-image-preview:large","max-video-preview":"max-video-preview:-1"},"canonical":"https:\/\/patrimoine.lamayenne.fr\/jublains\/preparer-ma-visite\/accessibilite\/","twitter_card":"summary_large_image","twitter_title":"Accessibilit\u00e9 - Jublains","twitter_description":"Le mus\u00e9e de Jublains est adapt\u00e9 \u00e0 tous. Trouvez toutes les informations et ressources sur l'accessibilit\u00e9 du mus\u00e9e.","twitter_image":"https:\/\/patrimoine.lamayenne.fr\/jublains\/wp-content\/uploads\/2022\/07\/Tourisme-et-handicap.jpg","twitter_site":"@lamayenne","twitter_misc":{"Dur\u00e9e de lecture estim\u00e9e":"5 minutes"},"schema":{"@context":"https:\/\/schema.org","@graph":[{"@type":"WebPage","@id":"https:\/\/patrimoine.lamayenne.fr\/jublains\/preparer-ma-visite\/accessibilite\/","url":"https:\/\/patrimoine.lamayenne.fr\/jublains\/preparer-ma-visite\/accessibilite\/","name":"Accessibilit\u00e9 - Jublains","isPartOf":{"@id":"https:\/\/patrimoine.lamayenne.fr\/jublains\/#website"},"primaryImageOfPage":{"@id":"https:\/\/patrimoine.lamayenne.fr\/jublains\/preparer-ma-visite\/accessibilite\/#primaryimage"},"image":{"@id":"https:\/\/patrimoine.lamayenne.fr\/jublains\/preparer-ma-visite\/accessibilite\/#primaryimage"},"thumbnailUrl":"https:\/\/patrimoine.lamayenne.fr\/jublains\/wp-content\/uploads\/2022\/07\/Tourisme-et-handicap.jpg","datePublished":"2022-06-15T10:42:40+00:00","dateModified":"2025-09-17T09:53:59+00:00","description":"Le mus\u00e9e de Jublains est adapt\u00e9 \u00e0 tous. Trouvez toutes les informations et ressources sur l'accessibilit\u00e9 du mus\u00e9e.","breadcrumb":{"@id":"https:\/\/patrimoine.lamayenne.fr\/jublains\/preparer-ma-visite\/accessibilite\/#breadcrumb"},"inLanguage":"fr-FR","potentialAction":[{"@type":"ReadAction","target":["https:\/\/patrimoine.lamayenne.fr\/jublains\/preparer-ma-visite\/accessibilite\/"]}]},{"@type":"ImageObject","inLanguage":"fr-FR","@id":"https:\/\/patrimoine.lamayenne.fr\/jublains\/preparer-ma-visite\/accessibilite\/#primaryimage","url":"https:\/\/patrimoine.lamayenne.fr\/jublains\/wp-content\/uploads\/2022\/07\/Tourisme-et-handicap.jpg","contentUrl":"https:\/\/patrimoine.lamayenne.fr\/jublains\/wp-content\/uploads\/2022\/07\/Tourisme-et-handicap.jpg","width":557,"height":393,"caption":"logo Tourisme et handicap"},{"@type":"BreadcrumbList","@id":"https:\/\/patrimoine.lamayenne.fr\/jublains\/preparer-ma-visite\/accessibilite\/#breadcrumb","itemListElement":[{"@type":"ListItem","position":1,"name":"Accueil","item":"https:\/\/patrimoine.lamayenne.fr\/jublains\/"},{"@type":"ListItem","position":2,"name":"Pr\u00e9parer ma visite","item":"https:\/\/patrimoine.lamayenne.fr\/jublains\/preparer-ma-visite\/"},{"@type":"ListItem","position":3,"name":"Accessibilit\u00e9"}]},{"@type":"WebSite","@id":"https:\/\/patrimoine.lamayenne.fr\/jublains\/#website","url":"https:\/\/patrimoine.lamayenne.fr\/jublains\/","name":"Jublains","description":"","publisher":{"@id":"https:\/\/patrimoine.lamayenne.fr\/jublains\/#organization"},"potentialAction":[{"@type":"SearchAction","target":{"@type":"EntryPoint","urlTemplate":"https:\/\/patrimoine.lamayenne.fr\/jublains\/?s={search_term_string}"},"query-input":{"@type":"PropertyValueSpecification","valueRequired":true,"valueName":"search_term_string"}}],"inLanguage":"fr-FR"},{"@type":"Organization","@id":"https:\/\/patrimoine.lamayenne.fr\/jublains\/#organization","name":"Jublains","url":"https:\/\/patrimoine.lamayenne.fr\/jublains\/","logo":{"@type":"ImageObject","inLanguage":"fr-FR","@id":"https:\/\/patrimoine.lamayenne.fr\/jublains\/#\/schema\/logo\/image\/","url":"https:\/\/patrimoine.lamayenne.fr\/jublains\/wp-content\/uploads\/2022\/04\/logos_jublains_quadri.svg","contentUrl":"https:\/\/patrimoine.lamayenne.fr\/jublains\/wp-content\/uploads\/2022\/04\/logos_jublains_quadri.svg","width":1,"height":1,"caption":"Jublains"},"image":{"@id":"https:\/\/patrimoine.lamayenne.fr\/jublains\/#\/schema\/logo\/image\/"},"sameAs":["https:\/\/www.facebook.com\/departement.lamayenne","https:\/\/x.com\/lamayenne","https:\/\/www.instagram.com\/la.mayenne\/","https:\/\/www.youtube.com\/user\/LaMayenneTV"]}]}},"lang":"fr","translations":{"fr":1334,"en":2323},"pll_sync_post":[],"_links":{"self":[{"href":"https:\/\/patrimoine.lamayenne.fr\/jublains\/wp-json\/wp\/v2\/pages\/1334","targetHints":{"allow":["GET"]}}],"collection":[{"href":"https:\/\/patrimoine.lamayenne.fr\/jublains\/wp-json\/wp\/v2\/pages"}],"about":[{"href":"https:\/\/patrimoine.lamayenne.fr\/jublains\/wp-json\/wp\/v2\/types\/page"}],"author":[{"embeddable":true,"href":"https:\/\/patrimoine.lamayenne.fr\/jublains\/wp-json\/wp\/v2\/users\/9"}],"replies":[{"embeddable":true,"href":"https:\/\/patrimoine.lamayenne.fr\/jublains\/wp-json\/wp\/v2\/comments?post=1334"}],"version-history":[{"count":40,"href":"https:\/\/patrimoine.lamayenne.fr\/jublains\/wp-json\/wp\/v2\/pages\/1334\/revisions"}],"predecessor-version":[{"id":3877,"href":"https:\/\/patrimoine.lamayenne.fr\/jublains\/wp-json\/wp\/v2\/pages\/1334\/revisions\/3877"}],"up":[{"embeddable":true,"href":"https:\/\/patrimoine.lamayenne.fr\/jublains\/wp-json\/wp\/v2\/pages\/229"}],"wp:attachment":[{"href":"https:\/\/patrimoine.lamayenne.fr\/jublains\/wp-json\/wp\/v2\/media?parent=1334"}],"curies":[{"name":"wp","href":"https:\/\/api.w.org\/{rel}","templated":true}]}}