{"id":139,"date":"2022-02-04T17:47:42","date_gmt":"2022-02-04T16:47:42","guid":{"rendered":"https:\/\/patrimoine.lamayenne.fr\/jublains\/?page_id=139"},"modified":"2026-03-04T15:27:41","modified_gmt":"2026-03-04T14:27:41","slug":"accueil","status":"publish","type":"page","link":"https:\/\/patrimoine.lamayenne.fr\/jublains\/","title":{"rendered":"Accueil"},"content":{"rendered":"<header class=\"hero hero__have__embleme flex\">\n  <h1>Cit\u00e9 antique <br\/>de Jublains<\/h1>\n  <figure class=\"hero__image\">\n    <img decoding=\"async\" data-src=\"https:\/\/patrimoine.lamayenne.fr\/jublains\/wp-content\/uploads\/2022\/04\/jublains_mayenne.jpg\" alt=\"\" src=\"data:image\/svg+xml;base64,PHN2ZyB3aWR0aD0iMSIgaGVpZ2h0PSIxIiB4bWxucz0iaHR0cDovL3d3dy53My5vcmcvMjAwMC9zdmciPjwvc3ZnPg==\" class=\"lazyload\" style=\"--smush-placeholder-width: 1920px; --smush-placeholder-aspect-ratio: 1920\/760;\">\n      <\/figure>\n      <div aria-hidden=\"true\" class=\"hero__embleme\">\n      <img decoding=\"async\" data-src=\"https:\/\/patrimoine.lamayenne.fr\/jublains\/wp-content\/uploads\/2022\/04\/jublains-embleme.svg\" alt=\"\" src=\"data:image\/svg+xml;base64,PHN2ZyB3aWR0aD0iMSIgaGVpZ2h0PSIxIiB4bWxucz0iaHR0cDovL3d3dy53My5vcmcvMjAwMC9zdmciPjwvc3ZnPg==\" class=\"lazyload\">\n    <\/div>\n    <\/header>\n\n\n<p class=\"has-blanc-color has-rouge-background-color has-text-color has-background has-link-color has-medium-font-size wp-elements-4f8a33902800dafd7cb2d66955bfd1e0\">Le  foodtruck  <em>La Roul&rsquo;Hotte<\/em> est pr\u00e9sent le dimanche midi, un week-end sur deux.  Sinon, pr\u00e9voyez le pique-nique!<\/p>\n\n\n\n<h2 class=\"wp-block-heading\" id=\"en-ce-moment\">En ce moment<\/h2>\n\n\n  <section class=\"evt evt__three flex\" id=\"evt\">\n          <article class=\"evt__card flex__col\">\n          <div class=\"evt__content flex__col\">\n            <h3 class=\"evt__title\">\n              <a href=\"https:\/\/patrimoine.lamayenne.fr\/jublains\/evenements\/apres-midi-jeux-au-musee\/\">APR\u00c8S-MIDI JEUX AU MUS\u00c9E<\/a>\n            <\/h3>\n                          <p class=\"evt__subtitle\">Activit\u00e9 en autonomie<\/p>\n                        <p class=\"evt__date\">Du 08 mars au 13 d\u00e9cembre 2026 De 13H30 \u00e0 17H30<\/p>\n                          <p class=\"evt__lastLine\">Un rendez-vous sp\u00e9cial propos\u00e9 aux petits et aux grands  <\/p>\n                                      <p class=\"evt__lastLine\">Tous publics &#8211; Mus\u00e9e de Jublains<\/p>\n                      <\/div>\n          <figure class=\"evt__image flex__col\">\n            <img decoding=\"async\" class=\"evt__thumb lazyload\" data-src=\"https:\/\/patrimoine.lamayenne.fr\/jublains\/wp-content\/uploads\/2026\/03\/P1500891-scaled.jpg\" alt=\"\" src=\"data:image\/svg+xml;base64,PHN2ZyB3aWR0aD0iMSIgaGVpZ2h0PSIxIiB4bWxucz0iaHR0cDovL3d3dy53My5vcmcvMjAwMC9zdmciPjwvc3ZnPg==\" style=\"--smush-placeholder-width: 1297px; --smush-placeholder-aspect-ratio: 1297\/1640;\" \/>\n          <\/figure>\n                  <\/article>\n                <article class=\"evt__card flex__col\">\n          <div class=\"evt__content flex__col\">\n            <h3 class=\"evt__title\">\n              <a href=\"https:\/\/patrimoine.lamayenne.fr\/jublains\/evenements\/250-ans-dhistoire-la-mosaique-de-jublains\/\">250 ANS D\u2019HISTOIRE, LA MOSA\u00cfQUE DE JUBLAINS<\/a>\n            <\/h3>\n                          <p class=\"evt__subtitle\">VISITE GUID\u00c9E FLASH <\/p>\n                        <p class=\"evt__date\">Du 01 avril au 31 octobre 2026 De 16H00 \u00e0 16H30<\/p>\n                          <p class=\"evt__lastLine\">Le mus\u00e9e de Jublains f\u00eate les 250 ans de la d\u00e9couverte de la mosa\u00efque <\/p>\n                                      <p class=\"evt__lastLine\">Tous publics &#8211; Mus\u00e9e de Jublains<\/p>\n                      <\/div>\n          <figure class=\"evt__image flex__col\">\n            <img decoding=\"async\" class=\"evt__thumb lazyload\" data-src=\"https:\/\/patrimoine.lamayenne.fr\/jublains\/wp-content\/uploads\/2024\/12\/mosaique-restauree.jpg\" alt=\"\" src=\"data:image\/svg+xml;base64,PHN2ZyB3aWR0aD0iMSIgaGVpZ2h0PSIxIiB4bWxucz0iaHR0cDovL3d3dy53My5vcmcvMjAwMC9zdmciPjwvc3ZnPg==\" style=\"--smush-placeholder-width: 1147px; --smush-placeholder-aspect-ratio: 1147\/870;\" \/>\n          <\/figure>\n                  <\/article>\n                <article class=\"evt__card flex__col\">\n          <div class=\"evt__content flex__col\">\n            <h3 class=\"evt__title\">\n              <a href=\"https:\/\/patrimoine.lamayenne.fr\/jublains\/evenements\/mission-arkeoeufs-logique\/\">Mission\u00a0Ark\u00e9OEUFS&#8230;logique\u00a0!\u00a0<\/a>\n            <\/h3>\n                          <p class=\"evt__subtitle\">Parcours en famille <\/p>\n                        <p class=\"evt__date\">Le 05 avril 2026 De 10H00 \u00e0 18H00<\/p>\n                                      <p class=\"evt__lastLine\">Tous publics &#8211; Site antique de Jublains <\/p>\n                      <\/div>\n          <figure class=\"evt__image flex__col\">\n            <img decoding=\"async\" class=\"evt__thumb lazyload\" data-src=\"https:\/\/patrimoine.lamayenne.fr\/jublains\/wp-content\/uploads\/2025\/02\/006_part.jpg\" alt=\"\" src=\"data:image\/svg+xml;base64,PHN2ZyB3aWR0aD0iMSIgaGVpZ2h0PSIxIiB4bWxucz0iaHR0cDovL3d3dy53My5vcmcvMjAwMC9zdmciPjwvc3ZnPg==\" style=\"--smush-placeholder-width: 425px; --smush-placeholder-aspect-ratio: 425\/283;\" \/>\n          <\/figure>\n                  <\/article>\n        <\/section>\n  <ul class=\"links flex\">\n    \t\t  <li>\n\t\t\t  <a href=\"https:\/\/patrimoine.lamayenne.fr\/jublains\/les-rendez-vous\/\" target=\"\" class=\"link\">Voir tous les rendez-vous <\/a>\n\t\t  <\/li>\n\t\t    <\/ul>\n  \n\n<section class=\"redbloc flex__col\">\n  <h2>Les grands chantiers<\/h2>\n<p>Le chantier de restauration de la forteresse antique, class\u00e9e au titre des Monuments Historiques, a d\u00e9but\u00e9 le 6 f\u00e9vrier 2023 par un nettoyage des murs. Ce nettoyage a permis de red\u00e9couvrir les couleurs des diff\u00e9rents mortiers.\u00a0 En 2024, une \u00e9tude du b\u00e2ti a \u00e9t\u00e9 men\u00e9e par des arch\u00e9ologues et la restauration des ma\u00e7onneries a pu d\u00e9buter. Aujourd&rsquo;hui, 2 courtines sur les 4 sont presque restaur\u00e9es; les \u00e9chafaudages sont en place mais la visite du complexe fortifi\u00e9 est toujours possible.<br \/>\nLe Conseil d\u00e9partemental s&rsquo;engage \u00e9galement dans la r\u00e9novation compl\u00e8te de l&rsquo;exposition permanente du mus\u00e9e arch\u00e9ologique.<\/p>\n<p>&nbsp;<\/p>\n        <ul class=\"redbloc__buttons redbloc__buttons__left flex\">\n              <li>\n          <a target=\"\" class=\"button button__white\" href=\"https:\/\/patrimoine.lamayenne.fr\/jublains\/decouvrir\/\">la forteresse<\/a>\n        <\/li>\n              <li>\n          <a target=\"\" class=\"button button__white\" href=\"https:\/\/patrimoine.lamayenne.fr\/jublains\/le-musee\/\">Le mus\u00e9e arch\u00e9ologique<\/a>\n        <\/li>\n            <\/ul>\n      <img decoding=\"async\" draggable=\"false\" aria-hidden=\"true\" class=\"redbloc__bg lazyload\" data-src=\"https:\/\/patrimoine.lamayenne.fr\/jublains\/wp-content\/uploads\/2022\/04\/jublain-logo-signe-blanc.svg\" alt=\"https:\/\/patrimoine.lamayenne.fr\/jublains\/wp-content\/uploads\/2022\/04\/jublain-logo-signe-blanc.svg\" src=\"data:image\/svg+xml;base64,PHN2ZyB3aWR0aD0iMSIgaGVpZ2h0PSIxIiB4bWxucz0iaHR0cDovL3d3dy53My5vcmcvMjAwMC9zdmciPjwvc3ZnPg==\">\n<\/section>\n\n\n<h2 class=\"wp-block-heading\">Ce site fait partie du<\/h2>\n\n\n<header class=\"hero flex\">\n  <h1>Pays d&rsquo;art et d&rsquo;histoire Co\u00ebvrons-Mayenne<\/h1>\n  <figure class=\"hero__image\">\n    <img decoding=\"async\" data-src=\"https:\/\/patrimoine.lamayenne.fr\/jublains\/wp-content\/uploads\/2026\/03\/banniere-pah-1-scaled.jpg\" alt=\"\" src=\"data:image\/svg+xml;base64,PHN2ZyB3aWR0aD0iMSIgaGVpZ2h0PSIxIiB4bWxucz0iaHR0cDovL3d3dy53My5vcmcvMjAwMC9zdmciPjwvc3ZnPg==\" class=\"lazyload\" style=\"--smush-placeholder-width: 1640px; --smush-placeholder-aspect-ratio: 1640\/923;\">\n      <\/figure>\n  <\/header>\n\n<ul class=\"links flex\">\n  \t  <li>\n\t\t<a href=\"https:\/\/patrimoine.lamayenne.fr\/sainte-suzanne\/pays-dart-et-dhistoire\/\" target=\"_blank\" class=\"link\">D\u00e9couvrir les rendez-vous<\/a>\n\t  <\/li>\n\t  <\/ul>\n\n\n\n<p><\/p>\n","protected":false},"excerpt":{"rendered":"<p>Le foodtruck La Roul&rsquo;Hotte est pr\u00e9sent le dimanche midi, un week-end sur deux. Sinon, pr\u00e9voyez le pique-nique! En ce moment Ce site fait partie du<\/p>\n","protected":false},"author":9,"featured_media":0,"parent":0,"menu_order":0,"comment_status":"closed","ping_status":"closed","template":"","meta":{"_acf_changed":false,"footnotes":""},"class_list":["post-139","page","type-page","status-publish","hentry"],"acf":[],"yoast_head":"<!-- This site is optimized with the Yoast SEO plugin v25.8 - https:\/\/yoast.com\/wordpress\/plugins\/seo\/ -->\n<title>Accueil - Jublains<\/title>\n<meta name=\"description\" content=\"Consid\u00e9r\u00e9 comme le plus grand et le meilleur t\u00e9moignage de l\u2019\u00e9poque gallo-romaine du Grand Ouest, Jublains vous invite \u00e0 l\u2019histoire antique.\" \/>\n<meta name=\"robots\" content=\"index, follow, max-snippet:-1, max-image-preview:large, max-video-preview:-1\" \/>\n<link rel=\"canonical\" href=\"https:\/\/patrimoine.lamayenne.fr\/jublains\/\" \/>\n<meta name=\"twitter:card\" content=\"summary_large_image\" \/>\n<meta name=\"twitter:title\" content=\"Accueil - Jublains\" \/>\n<meta name=\"twitter:description\" content=\"Consid\u00e9r\u00e9 comme le plus grand et le meilleur t\u00e9moignage de l\u2019\u00e9poque gallo-romaine du Grand Ouest, Jublains vous invite \u00e0 l\u2019histoire antique.\" \/>\n<meta name=\"twitter:site\" content=\"@lamayenne\" \/>\n<meta name=\"twitter:label1\" content=\"Dur\u00e9e de lecture estim\u00e9e\" \/>\n\t<meta name=\"twitter:data1\" content=\"1 minute\" \/>\n<script type=\"application\/ld+json\" class=\"yoast-schema-graph\">{\"@context\":\"https:\/\/schema.org\",\"@graph\":[{\"@type\":\"WebPage\",\"@id\":\"https:\/\/patrimoine.lamayenne.fr\/jublains\/\",\"url\":\"https:\/\/patrimoine.lamayenne.fr\/jublains\/\",\"name\":\"Accueil - Jublains\",\"isPartOf\":{\"@id\":\"https:\/\/patrimoine.lamayenne.fr\/jublains\/#website\"},\"datePublished\":\"2022-02-04T16:47:42+00:00\",\"dateModified\":\"2026-03-04T14:27:41+00:00\",\"description\":\"Consid\u00e9r\u00e9 comme le plus grand et le meilleur t\u00e9moignage de l\u2019\u00e9poque gallo-romaine du Grand Ouest, Jublains vous invite \u00e0 l\u2019histoire antique.\",\"breadcrumb\":{\"@id\":\"https:\/\/patrimoine.lamayenne.fr\/jublains\/#breadcrumb\"},\"inLanguage\":\"fr-FR\",\"potentialAction\":[{\"@type\":\"ReadAction\",\"target\":[\"https:\/\/patrimoine.lamayenne.fr\/jublains\/\"]}]},{\"@type\":\"BreadcrumbList\",\"@id\":\"https:\/\/patrimoine.lamayenne.fr\/jublains\/#breadcrumb\",\"itemListElement\":[{\"@type\":\"ListItem\",\"position\":1,\"name\":\"Accueil\",\"item\":\"https:\/\/patrimoine.lamayenne.fr\/jublains\/\"},{\"@type\":\"ListItem\",\"position\":2,\"name\":\"Accueil\"}]},{\"@type\":\"WebSite\",\"@id\":\"https:\/\/patrimoine.lamayenne.fr\/jublains\/#website\",\"url\":\"https:\/\/patrimoine.lamayenne.fr\/jublains\/\",\"name\":\"Jublains\",\"description\":\"\",\"publisher\":{\"@id\":\"https:\/\/patrimoine.lamayenne.fr\/jublains\/#organization\"},\"potentialAction\":[{\"@type\":\"SearchAction\",\"target\":{\"@type\":\"EntryPoint\",\"urlTemplate\":\"https:\/\/patrimoine.lamayenne.fr\/jublains\/?s={search_term_string}\"},\"query-input\":{\"@type\":\"PropertyValueSpecification\",\"valueRequired\":true,\"valueName\":\"search_term_string\"}}],\"inLanguage\":\"fr-FR\"},{\"@type\":\"Organization\",\"@id\":\"https:\/\/patrimoine.lamayenne.fr\/jublains\/#organization\",\"name\":\"Jublains\",\"url\":\"https:\/\/patrimoine.lamayenne.fr\/jublains\/\",\"logo\":{\"@type\":\"ImageObject\",\"inLanguage\":\"fr-FR\",\"@id\":\"https:\/\/patrimoine.lamayenne.fr\/jublains\/#\/schema\/logo\/image\/\",\"url\":\"https:\/\/patrimoine.lamayenne.fr\/jublains\/wp-content\/uploads\/2022\/04\/logos_jublains_quadri.svg\",\"contentUrl\":\"https:\/\/patrimoine.lamayenne.fr\/jublains\/wp-content\/uploads\/2022\/04\/logos_jublains_quadri.svg\",\"width\":1,\"height\":1,\"caption\":\"Jublains\"},\"image\":{\"@id\":\"https:\/\/patrimoine.lamayenne.fr\/jublains\/#\/schema\/logo\/image\/\"},\"sameAs\":[\"https:\/\/www.facebook.com\/departement.lamayenne\",\"https:\/\/x.com\/lamayenne\",\"https:\/\/www.instagram.com\/la.mayenne\/\",\"https:\/\/www.youtube.com\/user\/LaMayenneTV\"]}]}<\/script>\n<!-- \/ Yoast SEO plugin. -->","yoast_head_json":{"title":"Accueil - Jublains","description":"Consid\u00e9r\u00e9 comme le plus grand et le meilleur t\u00e9moignage de l\u2019\u00e9poque gallo-romaine du Grand Ouest, Jublains vous invite \u00e0 l\u2019histoire antique.","robots":{"index":"index","follow":"follow","max-snippet":"max-snippet:-1","max-image-preview":"max-image-preview:large","max-video-preview":"max-video-preview:-1"},"canonical":"https:\/\/patrimoine.lamayenne.fr\/jublains\/","twitter_card":"summary_large_image","twitter_title":"Accueil - Jublains","twitter_description":"Consid\u00e9r\u00e9 comme le plus grand et le meilleur t\u00e9moignage de l\u2019\u00e9poque gallo-romaine du Grand Ouest, Jublains vous invite \u00e0 l\u2019histoire antique.","twitter_site":"@lamayenne","twitter_misc":{"Dur\u00e9e de lecture estim\u00e9e":"1 minute"},"schema":{"@context":"https:\/\/schema.org","@graph":[{"@type":"WebPage","@id":"https:\/\/patrimoine.lamayenne.fr\/jublains\/","url":"https:\/\/patrimoine.lamayenne.fr\/jublains\/","name":"Accueil - Jublains","isPartOf":{"@id":"https:\/\/patrimoine.lamayenne.fr\/jublains\/#website"},"datePublished":"2022-02-04T16:47:42+00:00","dateModified":"2026-03-04T14:27:41+00:00","description":"Consid\u00e9r\u00e9 comme le plus grand et le meilleur t\u00e9moignage de l\u2019\u00e9poque gallo-romaine du Grand Ouest, Jublains vous invite \u00e0 l\u2019histoire antique.","breadcrumb":{"@id":"https:\/\/patrimoine.lamayenne.fr\/jublains\/#breadcrumb"},"inLanguage":"fr-FR","potentialAction":[{"@type":"ReadAction","target":["https:\/\/patrimoine.lamayenne.fr\/jublains\/"]}]},{"@type":"BreadcrumbList","@id":"https:\/\/patrimoine.lamayenne.fr\/jublains\/#breadcrumb","itemListElement":[{"@type":"ListItem","position":1,"name":"Accueil","item":"https:\/\/patrimoine.lamayenne.fr\/jublains\/"},{"@type":"ListItem","position":2,"name":"Accueil"}]},{"@type":"WebSite","@id":"https:\/\/patrimoine.lamayenne.fr\/jublains\/#website","url":"https:\/\/patrimoine.lamayenne.fr\/jublains\/","name":"Jublains","description":"","publisher":{"@id":"https:\/\/patrimoine.lamayenne.fr\/jublains\/#organization"},"potentialAction":[{"@type":"SearchAction","target":{"@type":"EntryPoint","urlTemplate":"https:\/\/patrimoine.lamayenne.fr\/jublains\/?s={search_term_string}"},"query-input":{"@type":"PropertyValueSpecification","valueRequired":true,"valueName":"search_term_string"}}],"inLanguage":"fr-FR"},{"@type":"Organization","@id":"https:\/\/patrimoine.lamayenne.fr\/jublains\/#organization","name":"Jublains","url":"https:\/\/patrimoine.lamayenne.fr\/jublains\/","logo":{"@type":"ImageObject","inLanguage":"fr-FR","@id":"https:\/\/patrimoine.lamayenne.fr\/jublains\/#\/schema\/logo\/image\/","url":"https:\/\/patrimoine.lamayenne.fr\/jublains\/wp-content\/uploads\/2022\/04\/logos_jublains_quadri.svg","contentUrl":"https:\/\/patrimoine.lamayenne.fr\/jublains\/wp-content\/uploads\/2022\/04\/logos_jublains_quadri.svg","width":1,"height":1,"caption":"Jublains"},"image":{"@id":"https:\/\/patrimoine.lamayenne.fr\/jublains\/#\/schema\/logo\/image\/"},"sameAs":["https:\/\/www.facebook.com\/departement.lamayenne","https:\/\/x.com\/lamayenne","https:\/\/www.instagram.com\/la.mayenne\/","https:\/\/www.youtube.com\/user\/LaMayenneTV"]}]}},"lang":"fr","translations":{"fr":139,"en":2281},"pll_sync_post":[],"_links":{"self":[{"href":"https:\/\/patrimoine.lamayenne.fr\/jublains\/wp-json\/wp\/v2\/pages\/139","targetHints":{"allow":["GET"]}}],"collection":[{"href":"https:\/\/patrimoine.lamayenne.fr\/jublains\/wp-json\/wp\/v2\/pages"}],"about":[{"href":"https:\/\/patrimoine.lamayenne.fr\/jublains\/wp-json\/wp\/v2\/types\/page"}],"author":[{"embeddable":true,"href":"https:\/\/patrimoine.lamayenne.fr\/jublains\/wp-json\/wp\/v2\/users\/9"}],"replies":[{"embeddable":true,"href":"https:\/\/patrimoine.lamayenne.fr\/jublains\/wp-json\/wp\/v2\/comments?post=139"}],"version-history":[{"count":64,"href":"https:\/\/patrimoine.lamayenne.fr\/jublains\/wp-json\/wp\/v2\/pages\/139\/revisions"}],"predecessor-version":[{"id":4063,"href":"https:\/\/patrimoine.lamayenne.fr\/jublains\/wp-json\/wp\/v2\/pages\/139\/revisions\/4063"}],"wp:attachment":[{"href":"https:\/\/patrimoine.lamayenne.fr\/jublains\/wp-json\/wp\/v2\/media?parent=139"}],"curies":[{"name":"wp","href":"https:\/\/api.w.org\/{rel}","templated":true}]}}