{"id":2312,"date":"2023-03-17T13:45:05","date_gmt":"2023-03-17T12:45:05","guid":{"rendered":"https:\/\/patrimoine.lamayenne.fr\/jublains\/?page_id=2312"},"modified":"2023-11-06T15:07:31","modified_gmt":"2023-11-06T14:07:31","slug":"events","status":"publish","type":"page","link":"https:\/\/patrimoine.lamayenne.fr\/jublains\/en\/events\/","title":{"rendered":"Events"},"content":{"rendered":"<nav aria-label=\"Fil d'Ariane\" class=\"ariane\">\n  <ol>\n    <li>\n      <a href=\"https:\/\/patrimoine.lamayenne.fr\/jublains\">Jublains<\/a>\n    <\/li>\n    <li>\n      <a href=\"https:\/\/patrimoine.lamayenne.fr\/jublains\/en\/events\/\" aria-current=\"page\">Events<\/a>\n    <\/li>\n  <\/ol>\n<\/nav>\n\n<header class=\"hero flex\">\n  <h1>In your <br\/>diary<\/h1>\n  <figure class=\"hero__image\">\n    <img decoding=\"async\" data-src=\"https:\/\/patrimoine.lamayenne.fr\/jublains\/wp-content\/uploads\/2022\/06\/Les_Romains_dans_la_ville-Jublains-CP-Pascal_BELTRAMI_-_Mayenne_Tourisme-1920px.jpg\" alt=\"\" src=\"data:image\/svg+xml;base64,PHN2ZyB3aWR0aD0iMSIgaGVpZ2h0PSIxIiB4bWxucz0iaHR0cDovL3d3dy53My5vcmcvMjAwMC9zdmciPjwvc3ZnPg==\" class=\"lazyload\" style=\"--smush-placeholder-width: 1920px; --smush-placeholder-aspect-ratio: 1920\/1277;\">\n      <\/figure>\n  <\/header>\n\n<section class=\"redbloc flex__col\">\n  <p><strong>Online content about the appointments is available in French only.<br \/>\n<\/strong><\/p>\n      <img decoding=\"async\" draggable=\"false\" aria-hidden=\"true\" class=\"redbloc__bg lazyload\" data-src=\"https:\/\/patrimoine.lamayenne.fr\/jublains\/wp-content\/uploads\/2022\/04\/jublain-logo-signe-blanc.svg\" alt=\"https:\/\/patrimoine.lamayenne.fr\/jublains\/wp-content\/uploads\/2022\/04\/jublain-logo-signe-blanc.svg\" src=\"data:image\/svg+xml;base64,PHN2ZyB3aWR0aD0iMSIgaGVpZ2h0PSIxIiB4bWxucz0iaHR0cDovL3d3dy53My5vcmcvMjAwMC9zdmciPjwvc3ZnPg==\">\n<\/section>","protected":false},"excerpt":{"rendered":"","protected":false},"author":9,"featured_media":0,"parent":0,"menu_order":0,"comment_status":"closed","ping_status":"closed","template":"templates\/template-evenements.php","meta":{"_acf_changed":false,"footnotes":""},"class_list":["post-2312","page","type-page","status-publish","hentry"],"acf":[],"yoast_head":"<!-- This site is optimized with the Yoast SEO plugin v25.8 - https:\/\/yoast.com\/wordpress\/plugins\/seo\/ -->\n<title>Events - Jublains<\/title>\n<meta name=\"description\" content=\"D\u00e9couvrez le programme des visites guid\u00e9es, conf\u00e9rences, animations, concerts pour adultes et enfants au mus\u00e9e de Jublains.\" \/>\n<meta name=\"robots\" content=\"index, follow, max-snippet:-1, max-image-preview:large, max-video-preview:-1\" \/>\n<link rel=\"canonical\" href=\"https:\/\/patrimoine.lamayenne.fr\/jublains\/en\/events\/\" \/>\n<meta name=\"twitter:card\" content=\"summary_large_image\" \/>\n<meta name=\"twitter:title\" content=\"Events - Jublains\" \/>\n<meta name=\"twitter:description\" content=\"D\u00e9couvrez le programme des visites guid\u00e9es, conf\u00e9rences, animations, concerts pour adultes et enfants au mus\u00e9e de Jublains.\" \/>\n<meta name=\"twitter:site\" content=\"@lamayenne\" \/>\n<script type=\"application\/ld+json\" class=\"yoast-schema-graph\">{\"@context\":\"https:\/\/schema.org\",\"@graph\":[{\"@type\":\"WebPage\",\"@id\":\"https:\/\/patrimoine.lamayenne.fr\/jublains\/en\/events\/\",\"url\":\"https:\/\/patrimoine.lamayenne.fr\/jublains\/en\/events\/\",\"name\":\"Events - Jublains\",\"isPartOf\":{\"@id\":\"https:\/\/patrimoine.lamayenne.fr\/jublains\/#website\"},\"datePublished\":\"2023-03-17T12:45:05+00:00\",\"dateModified\":\"2023-11-06T14:07:31+00:00\",\"description\":\"D\u00e9couvrez le programme des visites guid\u00e9es, conf\u00e9rences, animations, concerts pour adultes et enfants au mus\u00e9e de Jublains.\",\"breadcrumb\":{\"@id\":\"https:\/\/patrimoine.lamayenne.fr\/jublains\/en\/events\/#breadcrumb\"},\"inLanguage\":\"fr-FR\",\"potentialAction\":[{\"@type\":\"ReadAction\",\"target\":[\"https:\/\/patrimoine.lamayenne.fr\/jublains\/en\/events\/\"]}]},{\"@type\":\"BreadcrumbList\",\"@id\":\"https:\/\/patrimoine.lamayenne.fr\/jublains\/en\/events\/#breadcrumb\",\"itemListElement\":[{\"@type\":\"ListItem\",\"position\":1,\"name\":\"Accueil\",\"item\":\"https:\/\/patrimoine.lamayenne.fr\/jublains\/\"},{\"@type\":\"ListItem\",\"position\":2,\"name\":\"Events\"}]},{\"@type\":\"WebSite\",\"@id\":\"https:\/\/patrimoine.lamayenne.fr\/jublains\/#website\",\"url\":\"https:\/\/patrimoine.lamayenne.fr\/jublains\/\",\"name\":\"Jublains\",\"description\":\"\",\"publisher\":{\"@id\":\"https:\/\/patrimoine.lamayenne.fr\/jublains\/#organization\"},\"potentialAction\":[{\"@type\":\"SearchAction\",\"target\":{\"@type\":\"EntryPoint\",\"urlTemplate\":\"https:\/\/patrimoine.lamayenne.fr\/jublains\/?s={search_term_string}\"},\"query-input\":{\"@type\":\"PropertyValueSpecification\",\"valueRequired\":true,\"valueName\":\"search_term_string\"}}],\"inLanguage\":\"fr-FR\"},{\"@type\":\"Organization\",\"@id\":\"https:\/\/patrimoine.lamayenne.fr\/jublains\/#organization\",\"name\":\"Jublains\",\"url\":\"https:\/\/patrimoine.lamayenne.fr\/jublains\/\",\"logo\":{\"@type\":\"ImageObject\",\"inLanguage\":\"fr-FR\",\"@id\":\"https:\/\/patrimoine.lamayenne.fr\/jublains\/#\/schema\/logo\/image\/\",\"url\":\"https:\/\/patrimoine.lamayenne.fr\/jublains\/wp-content\/uploads\/2022\/04\/logos_jublains_quadri.svg\",\"contentUrl\":\"https:\/\/patrimoine.lamayenne.fr\/jublains\/wp-content\/uploads\/2022\/04\/logos_jublains_quadri.svg\",\"width\":1,\"height\":1,\"caption\":\"Jublains\"},\"image\":{\"@id\":\"https:\/\/patrimoine.lamayenne.fr\/jublains\/#\/schema\/logo\/image\/\"},\"sameAs\":[\"https:\/\/www.facebook.com\/departement.lamayenne\",\"https:\/\/x.com\/lamayenne\",\"https:\/\/www.instagram.com\/la.mayenne\/\",\"https:\/\/www.youtube.com\/user\/LaMayenneTV\"]}]}<\/script>\n<!-- \/ Yoast SEO plugin. -->","yoast_head_json":{"title":"Events - Jublains","description":"D\u00e9couvrez le programme des visites guid\u00e9es, conf\u00e9rences, animations, concerts pour adultes et enfants au mus\u00e9e de Jublains.","robots":{"index":"index","follow":"follow","max-snippet":"max-snippet:-1","max-image-preview":"max-image-preview:large","max-video-preview":"max-video-preview:-1"},"canonical":"https:\/\/patrimoine.lamayenne.fr\/jublains\/en\/events\/","twitter_card":"summary_large_image","twitter_title":"Events - Jublains","twitter_description":"D\u00e9couvrez le programme des visites guid\u00e9es, conf\u00e9rences, animations, concerts pour adultes et enfants au mus\u00e9e de Jublains.","twitter_site":"@lamayenne","schema":{"@context":"https:\/\/schema.org","@graph":[{"@type":"WebPage","@id":"https:\/\/patrimoine.lamayenne.fr\/jublains\/en\/events\/","url":"https:\/\/patrimoine.lamayenne.fr\/jublains\/en\/events\/","name":"Events - Jublains","isPartOf":{"@id":"https:\/\/patrimoine.lamayenne.fr\/jublains\/#website"},"datePublished":"2023-03-17T12:45:05+00:00","dateModified":"2023-11-06T14:07:31+00:00","description":"D\u00e9couvrez le programme des visites guid\u00e9es, conf\u00e9rences, animations, concerts pour adultes et enfants au mus\u00e9e de Jublains.","breadcrumb":{"@id":"https:\/\/patrimoine.lamayenne.fr\/jublains\/en\/events\/#breadcrumb"},"inLanguage":"fr-FR","potentialAction":[{"@type":"ReadAction","target":["https:\/\/patrimoine.lamayenne.fr\/jublains\/en\/events\/"]}]},{"@type":"BreadcrumbList","@id":"https:\/\/patrimoine.lamayenne.fr\/jublains\/en\/events\/#breadcrumb","itemListElement":[{"@type":"ListItem","position":1,"name":"Accueil","item":"https:\/\/patrimoine.lamayenne.fr\/jublains\/"},{"@type":"ListItem","position":2,"name":"Events"}]},{"@type":"WebSite","@id":"https:\/\/patrimoine.lamayenne.fr\/jublains\/#website","url":"https:\/\/patrimoine.lamayenne.fr\/jublains\/","name":"Jublains","description":"","publisher":{"@id":"https:\/\/patrimoine.lamayenne.fr\/jublains\/#organization"},"potentialAction":[{"@type":"SearchAction","target":{"@type":"EntryPoint","urlTemplate":"https:\/\/patrimoine.lamayenne.fr\/jublains\/?s={search_term_string}"},"query-input":{"@type":"PropertyValueSpecification","valueRequired":true,"valueName":"search_term_string"}}],"inLanguage":"fr-FR"},{"@type":"Organization","@id":"https:\/\/patrimoine.lamayenne.fr\/jublains\/#organization","name":"Jublains","url":"https:\/\/patrimoine.lamayenne.fr\/jublains\/","logo":{"@type":"ImageObject","inLanguage":"fr-FR","@id":"https:\/\/patrimoine.lamayenne.fr\/jublains\/#\/schema\/logo\/image\/","url":"https:\/\/patrimoine.lamayenne.fr\/jublains\/wp-content\/uploads\/2022\/04\/logos_jublains_quadri.svg","contentUrl":"https:\/\/patrimoine.lamayenne.fr\/jublains\/wp-content\/uploads\/2022\/04\/logos_jublains_quadri.svg","width":1,"height":1,"caption":"Jublains"},"image":{"@id":"https:\/\/patrimoine.lamayenne.fr\/jublains\/#\/schema\/logo\/image\/"},"sameAs":["https:\/\/www.facebook.com\/departement.lamayenne","https:\/\/x.com\/lamayenne","https:\/\/www.instagram.com\/la.mayenne\/","https:\/\/www.youtube.com\/user\/LaMayenneTV"]}]}},"lang":"en","translations":{"en":2312,"fr":35},"pll_sync_post":[],"_links":{"self":[{"href":"https:\/\/patrimoine.lamayenne.fr\/jublains\/wp-json\/wp\/v2\/pages\/2312","targetHints":{"allow":["GET"]}}],"collection":[{"href":"https:\/\/patrimoine.lamayenne.fr\/jublains\/wp-json\/wp\/v2\/pages"}],"about":[{"href":"https:\/\/patrimoine.lamayenne.fr\/jublains\/wp-json\/wp\/v2\/types\/page"}],"author":[{"embeddable":true,"href":"https:\/\/patrimoine.lamayenne.fr\/jublains\/wp-json\/wp\/v2\/users\/9"}],"replies":[{"embeddable":true,"href":"https:\/\/patrimoine.lamayenne.fr\/jublains\/wp-json\/wp\/v2\/comments?post=2312"}],"version-history":[{"count":11,"href":"https:\/\/patrimoine.lamayenne.fr\/jublains\/wp-json\/wp\/v2\/pages\/2312\/revisions"}],"predecessor-version":[{"id":2406,"href":"https:\/\/patrimoine.lamayenne.fr\/jublains\/wp-json\/wp\/v2\/pages\/2312\/revisions\/2406"}],"wp:attachment":[{"href":"https:\/\/patrimoine.lamayenne.fr\/jublains\/wp-json\/wp\/v2\/media?parent=2312"}],"curies":[{"name":"wp","href":"https:\/\/api.w.org\/{rel}","templated":true}]}}