{"id":2316,"date":"2023-03-17T14:08:30","date_gmt":"2023-03-17T13:08:30","guid":{"rendered":"https:\/\/patrimoine.lamayenne.fr\/jublains\/?page_id=2316"},"modified":"2023-06-12T15:51:31","modified_gmt":"2023-06-12T13:51:31","slug":"the-exhibitions","status":"publish","type":"page","link":"https:\/\/patrimoine.lamayenne.fr\/jublains\/en\/the-exhibitions\/","title":{"rendered":"The exhibitions"},"content":{"rendered":"<header class=\"hero flex\">\n  <h1>The exhibitions<\/h1>\n  <figure class=\"hero__image\">\n    <img decoding=\"async\" data-src=\"https:\/\/patrimoine.lamayenne.fr\/jublains\/wp-content\/uploads\/2022\/06\/2X5A6717-scaled.jpg\" alt=\"\" src=\"data:image\/svg+xml;base64,PHN2ZyB3aWR0aD0iMSIgaGVpZ2h0PSIxIiB4bWxucz0iaHR0cDovL3d3dy53My5vcmcvMjAwMC9zdmciPjwvc3ZnPg==\" class=\"lazyload\" style=\"--smush-placeholder-width: 2560px; --smush-placeholder-aspect-ratio: 2560\/1707;\">\n      <\/figure>\n  <\/header>\n\n<section class=\"redbloc flex__col\">\n  <p><strong>Online content about the exhibitions is available in French only.<br \/>\n<\/strong><\/p>\n      <img decoding=\"async\" draggable=\"false\" aria-hidden=\"true\" class=\"redbloc__bg lazyload\" data-src=\"https:\/\/patrimoine.lamayenne.fr\/jublains\/wp-content\/uploads\/2022\/04\/jublain-logo-signe-blanc.svg\" alt=\"https:\/\/patrimoine.lamayenne.fr\/jublains\/wp-content\/uploads\/2022\/04\/jublain-logo-signe-blanc.svg\" src=\"data:image\/svg+xml;base64,PHN2ZyB3aWR0aD0iMSIgaGVpZ2h0PSIxIiB4bWxucz0iaHR0cDovL3d3dy53My5vcmcvMjAwMC9zdmciPjwvc3ZnPg==\">\n<\/section>\n\n\n<h2 class=\"wp-block-heading\">Current exhibitions<\/h2>\n\n\n<section class=\"template__evt evt flex\" id=\"evt\">\n    <article class=\"evt__card flex__col\">\n    <div class=\"evt__content flex__col\">\n      <h3 class=\"evt__title\">\n        <a href=\"https:\/\/patrimoine.lamayenne.fr\/jublains\/expositions\/vous-cherchez-des-fouilles\/\">Vous cherchez des fouilles ?<\/a>\n      <\/h3>\n      <div class=\"evt__date\">Du 11 juin au 02 octobre 2022 <\/div>\n    <\/div>\n    <figure class=\"evt__image flex__col lazyload\" style=\"background-image:inherit\" data-bg-image=\"url(&#039;https:\/\/patrimoine.lamayenne.fr\/jublains\/wp-content\/uploads\/2022\/04\/expo-vouscherchez-des-fouilles-2-1.jpg&#039;)\">\n      <img decoding=\"async\" class=\"evt__thumb lazyload\" data-src=\"https:\/\/patrimoine.lamayenne.fr\/jublains\/wp-content\/uploads\/2022\/04\/expo-vouscherchez-des-fouilles-2-1.jpg\" alt=\"\" src=\"data:image\/svg+xml;base64,PHN2ZyB3aWR0aD0iMSIgaGVpZ2h0PSIxIiB4bWxucz0iaHR0cDovL3d3dy53My5vcmcvMjAwMC9zdmciPjwvc3ZnPg==\" style=\"--smush-placeholder-width: 1000px; --smush-placeholder-aspect-ratio: 1000\/667;\" \/>\n    <\/figure>\n  <\/article>\n<\/section>\n\n\n<h2 class=\"wp-block-heading\" id=\"expositions-passees\">Past exhibitions<\/h2>\n\n\n  <section class=\"evt evt__three flex\" id=\"evt\">\n          <article class=\"evt__card flex__col\">\n          <div class=\"evt__content flex__col\">\n                        <h3 class=\"evt__title\">\n              <a href=\"https:\/\/patrimoine.lamayenne.fr\/jublains\/expositions\/tatin-chez-les-diablintes\/\">TATIN CHEZ LES DIABLINTES<\/a>\n            <\/h3>\n            <p class=\"evt__date\">Du 17 mai au 28 septembre 2025 <\/p>\n          <\/div>\n          <figure class=\"evt__image flex__col\">\n            <img decoding=\"async\" class=\"evt__thumb lazyload\" data-src=\"https:\/\/patrimoine.lamayenne.fr\/jublains\/wp-content\/uploads\/2025\/05\/CD53-Expo-Tatin-Diablintes-Affiche-V41-scaled.jpg\" alt=\"\" src=\"data:image\/svg+xml;base64,PHN2ZyB3aWR0aD0iMSIgaGVpZ2h0PSIxIiB4bWxucz0iaHR0cDovL3d3dy53My5vcmcvMjAwMC9zdmciPjwvc3ZnPg==\" style=\"--smush-placeholder-width: 1159px; --smush-placeholder-aspect-ratio: 1159\/1640;\" \/>\n            <div class=\"evt__cat\">\n                          <\/div>\n          <\/figure>\n        <\/article>\n            <article class=\"evt__card flex__col\">\n          <div class=\"evt__content flex__col\">\n                        <h3 class=\"evt__title\">\n              <a href=\"https:\/\/patrimoine.lamayenne.fr\/jublains\/expositions\/expo-forteresse-antique-jublains\/\">De curieuses ruines. La forteresse antique de Jublains au 19e si\u00e8cle<\/a>\n            <\/h3>\n            <p class=\"evt__date\">Du 15 mai 2024 au 21 septembre 2025 <\/p>\n          <\/div>\n          <figure class=\"evt__image flex__col\">\n            <img decoding=\"async\" class=\"evt__thumb lazyload\" data-src=\"https:\/\/patrimoine.lamayenne.fr\/jublains\/wp-content\/uploads\/2024\/05\/Affiche-web-724x1024-1.jpg\" alt=\"\" src=\"data:image\/svg+xml;base64,PHN2ZyB3aWR0aD0iMSIgaGVpZ2h0PSIxIiB4bWxucz0iaHR0cDovL3d3dy53My5vcmcvMjAwMC9zdmciPjwvc3ZnPg==\" style=\"--smush-placeholder-width: 724px; --smush-placeholder-aspect-ratio: 724\/1024;\" \/>\n            <div class=\"evt__cat\">\n                          <\/div>\n          <\/figure>\n        <\/article>\n            <article class=\"evt__card flex__col\">\n          <div class=\"evt__content flex__col\">\n                        <h3 class=\"evt__title\">\n              <a href=\"https:\/\/patrimoine.lamayenne.fr\/jublains\/expositions\/autour-du-chantier-de-fouilles\/\">Autour du chantier de fouilles<\/a>\n            <\/h3>\n            <p class=\"evt__date\">Du 01 juin au 31 octobre 2023 <\/p>\n          <\/div>\n          <figure class=\"evt__image flex__col\">\n            <img decoding=\"async\" class=\"evt__thumb lazyload\" data-src=\"https:\/\/patrimoine.lamayenne.fr\/jublains\/wp-content\/uploads\/2022\/04\/jublains-chantier-de-fouilles-1.jpg\" alt=\"\" src=\"data:image\/svg+xml;base64,PHN2ZyB3aWR0aD0iMSIgaGVpZ2h0PSIxIiB4bWxucz0iaHR0cDovL3d3dy53My5vcmcvMjAwMC9zdmciPjwvc3ZnPg==\" style=\"--smush-placeholder-width: 1050px; --smush-placeholder-aspect-ratio: 1050\/673;\" \/>\n            <div class=\"evt__cat\">\n                          <\/div>\n          <\/figure>\n        <\/article>\n    <\/section>\n  <ul class=\"links flex\">\n    \t\t  <li>\n\t\t\t  <a href=\"https:\/\/patrimoine.lamayenne.fr\/jublains\/expositions\/\" target=\"\" class=\"link\">See all the exhibitions<\/a>\n\t\t  <\/li>\n\t\t    <\/ul>\n  ","protected":false},"excerpt":{"rendered":"<p>Current exhibitions Past exhibitions<\/p>\n","protected":false},"author":9,"featured_media":0,"parent":0,"menu_order":0,"comment_status":"closed","ping_status":"closed","template":"","meta":{"_acf_changed":false,"footnotes":""},"class_list":["post-2316","page","type-page","status-publish","hentry"],"acf":[],"yoast_head":"<!-- This site is optimized with the Yoast SEO plugin v25.8 - https:\/\/yoast.com\/wordpress\/plugins\/seo\/ -->\n<title>The exhibitions - Jublains<\/title>\n<meta name=\"description\" content=\"Le mus\u00e9e de Jublains propose \u00e0 ses visiteurs l&#039;exposition du moment. Retrouvez toutes les informations des expositions au mus\u00e9e.\" \/>\n<meta name=\"robots\" content=\"index, follow, max-snippet:-1, max-image-preview:large, max-video-preview:-1\" \/>\n<link rel=\"canonical\" href=\"https:\/\/patrimoine.lamayenne.fr\/jublains\/en\/the-exhibitions\/\" \/>\n<meta name=\"twitter:card\" content=\"summary_large_image\" \/>\n<meta name=\"twitter:title\" content=\"The exhibitions - Jublains\" \/>\n<meta name=\"twitter:description\" content=\"Le mus\u00e9e de Jublains propose \u00e0 ses visiteurs l&#039;exposition du moment. Retrouvez toutes les informations des expositions au mus\u00e9e.\" \/>\n<meta name=\"twitter:site\" content=\"@lamayenne\" \/>\n<meta name=\"twitter:label1\" content=\"Dur\u00e9e de lecture estim\u00e9e\" \/>\n\t<meta name=\"twitter:data1\" content=\"1 minute\" \/>\n<script type=\"application\/ld+json\" class=\"yoast-schema-graph\">{\"@context\":\"https:\/\/schema.org\",\"@graph\":[{\"@type\":\"WebPage\",\"@id\":\"https:\/\/patrimoine.lamayenne.fr\/jublains\/en\/the-exhibitions\/\",\"url\":\"https:\/\/patrimoine.lamayenne.fr\/jublains\/en\/the-exhibitions\/\",\"name\":\"The exhibitions - Jublains\",\"isPartOf\":{\"@id\":\"https:\/\/patrimoine.lamayenne.fr\/jublains\/#website\"},\"datePublished\":\"2023-03-17T13:08:30+00:00\",\"dateModified\":\"2023-06-12T13:51:31+00:00\",\"description\":\"Le mus\u00e9e de Jublains propose \u00e0 ses visiteurs l'exposition du moment. Retrouvez toutes les informations des expositions au mus\u00e9e.\",\"breadcrumb\":{\"@id\":\"https:\/\/patrimoine.lamayenne.fr\/jublains\/en\/the-exhibitions\/#breadcrumb\"},\"inLanguage\":\"fr-FR\",\"potentialAction\":[{\"@type\":\"ReadAction\",\"target\":[\"https:\/\/patrimoine.lamayenne.fr\/jublains\/en\/the-exhibitions\/\"]}]},{\"@type\":\"BreadcrumbList\",\"@id\":\"https:\/\/patrimoine.lamayenne.fr\/jublains\/en\/the-exhibitions\/#breadcrumb\",\"itemListElement\":[{\"@type\":\"ListItem\",\"position\":1,\"name\":\"Accueil\",\"item\":\"https:\/\/patrimoine.lamayenne.fr\/jublains\/\"},{\"@type\":\"ListItem\",\"position\":2,\"name\":\"The exhibitions\"}]},{\"@type\":\"WebSite\",\"@id\":\"https:\/\/patrimoine.lamayenne.fr\/jublains\/#website\",\"url\":\"https:\/\/patrimoine.lamayenne.fr\/jublains\/\",\"name\":\"Jublains\",\"description\":\"\",\"publisher\":{\"@id\":\"https:\/\/patrimoine.lamayenne.fr\/jublains\/#organization\"},\"potentialAction\":[{\"@type\":\"SearchAction\",\"target\":{\"@type\":\"EntryPoint\",\"urlTemplate\":\"https:\/\/patrimoine.lamayenne.fr\/jublains\/?s={search_term_string}\"},\"query-input\":{\"@type\":\"PropertyValueSpecification\",\"valueRequired\":true,\"valueName\":\"search_term_string\"}}],\"inLanguage\":\"fr-FR\"},{\"@type\":\"Organization\",\"@id\":\"https:\/\/patrimoine.lamayenne.fr\/jublains\/#organization\",\"name\":\"Jublains\",\"url\":\"https:\/\/patrimoine.lamayenne.fr\/jublains\/\",\"logo\":{\"@type\":\"ImageObject\",\"inLanguage\":\"fr-FR\",\"@id\":\"https:\/\/patrimoine.lamayenne.fr\/jublains\/#\/schema\/logo\/image\/\",\"url\":\"https:\/\/patrimoine.lamayenne.fr\/jublains\/wp-content\/uploads\/2022\/04\/logos_jublains_quadri.svg\",\"contentUrl\":\"https:\/\/patrimoine.lamayenne.fr\/jublains\/wp-content\/uploads\/2022\/04\/logos_jublains_quadri.svg\",\"width\":1,\"height\":1,\"caption\":\"Jublains\"},\"image\":{\"@id\":\"https:\/\/patrimoine.lamayenne.fr\/jublains\/#\/schema\/logo\/image\/\"},\"sameAs\":[\"https:\/\/www.facebook.com\/departement.lamayenne\",\"https:\/\/x.com\/lamayenne\",\"https:\/\/www.instagram.com\/la.mayenne\/\",\"https:\/\/www.youtube.com\/user\/LaMayenneTV\"]}]}<\/script>\n<!-- \/ Yoast SEO plugin. -->","yoast_head_json":{"title":"The exhibitions - Jublains","description":"Le mus\u00e9e de Jublains propose \u00e0 ses visiteurs l'exposition du moment. Retrouvez toutes les informations des expositions au mus\u00e9e.","robots":{"index":"index","follow":"follow","max-snippet":"max-snippet:-1","max-image-preview":"max-image-preview:large","max-video-preview":"max-video-preview:-1"},"canonical":"https:\/\/patrimoine.lamayenne.fr\/jublains\/en\/the-exhibitions\/","twitter_card":"summary_large_image","twitter_title":"The exhibitions - Jublains","twitter_description":"Le mus\u00e9e de Jublains propose \u00e0 ses visiteurs l'exposition du moment. Retrouvez toutes les informations des expositions au mus\u00e9e.","twitter_site":"@lamayenne","twitter_misc":{"Dur\u00e9e de lecture estim\u00e9e":"1 minute"},"schema":{"@context":"https:\/\/schema.org","@graph":[{"@type":"WebPage","@id":"https:\/\/patrimoine.lamayenne.fr\/jublains\/en\/the-exhibitions\/","url":"https:\/\/patrimoine.lamayenne.fr\/jublains\/en\/the-exhibitions\/","name":"The exhibitions - Jublains","isPartOf":{"@id":"https:\/\/patrimoine.lamayenne.fr\/jublains\/#website"},"datePublished":"2023-03-17T13:08:30+00:00","dateModified":"2023-06-12T13:51:31+00:00","description":"Le mus\u00e9e de Jublains propose \u00e0 ses visiteurs l'exposition du moment. Retrouvez toutes les informations des expositions au mus\u00e9e.","breadcrumb":{"@id":"https:\/\/patrimoine.lamayenne.fr\/jublains\/en\/the-exhibitions\/#breadcrumb"},"inLanguage":"fr-FR","potentialAction":[{"@type":"ReadAction","target":["https:\/\/patrimoine.lamayenne.fr\/jublains\/en\/the-exhibitions\/"]}]},{"@type":"BreadcrumbList","@id":"https:\/\/patrimoine.lamayenne.fr\/jublains\/en\/the-exhibitions\/#breadcrumb","itemListElement":[{"@type":"ListItem","position":1,"name":"Accueil","item":"https:\/\/patrimoine.lamayenne.fr\/jublains\/"},{"@type":"ListItem","position":2,"name":"The exhibitions"}]},{"@type":"WebSite","@id":"https:\/\/patrimoine.lamayenne.fr\/jublains\/#website","url":"https:\/\/patrimoine.lamayenne.fr\/jublains\/","name":"Jublains","description":"","publisher":{"@id":"https:\/\/patrimoine.lamayenne.fr\/jublains\/#organization"},"potentialAction":[{"@type":"SearchAction","target":{"@type":"EntryPoint","urlTemplate":"https:\/\/patrimoine.lamayenne.fr\/jublains\/?s={search_term_string}"},"query-input":{"@type":"PropertyValueSpecification","valueRequired":true,"valueName":"search_term_string"}}],"inLanguage":"fr-FR"},{"@type":"Organization","@id":"https:\/\/patrimoine.lamayenne.fr\/jublains\/#organization","name":"Jublains","url":"https:\/\/patrimoine.lamayenne.fr\/jublains\/","logo":{"@type":"ImageObject","inLanguage":"fr-FR","@id":"https:\/\/patrimoine.lamayenne.fr\/jublains\/#\/schema\/logo\/image\/","url":"https:\/\/patrimoine.lamayenne.fr\/jublains\/wp-content\/uploads\/2022\/04\/logos_jublains_quadri.svg","contentUrl":"https:\/\/patrimoine.lamayenne.fr\/jublains\/wp-content\/uploads\/2022\/04\/logos_jublains_quadri.svg","width":1,"height":1,"caption":"Jublains"},"image":{"@id":"https:\/\/patrimoine.lamayenne.fr\/jublains\/#\/schema\/logo\/image\/"},"sameAs":["https:\/\/www.facebook.com\/departement.lamayenne","https:\/\/x.com\/lamayenne","https:\/\/www.instagram.com\/la.mayenne\/","https:\/\/www.youtube.com\/user\/LaMayenneTV"]}]}},"lang":"en","translations":{"en":2316,"fr":345},"pll_sync_post":[],"_links":{"self":[{"href":"https:\/\/patrimoine.lamayenne.fr\/jublains\/wp-json\/wp\/v2\/pages\/2316","targetHints":{"allow":["GET"]}}],"collection":[{"href":"https:\/\/patrimoine.lamayenne.fr\/jublains\/wp-json\/wp\/v2\/pages"}],"about":[{"href":"https:\/\/patrimoine.lamayenne.fr\/jublains\/wp-json\/wp\/v2\/types\/page"}],"author":[{"embeddable":true,"href":"https:\/\/patrimoine.lamayenne.fr\/jublains\/wp-json\/wp\/v2\/users\/9"}],"replies":[{"embeddable":true,"href":"https:\/\/patrimoine.lamayenne.fr\/jublains\/wp-json\/wp\/v2\/comments?post=2316"}],"version-history":[{"count":6,"href":"https:\/\/patrimoine.lamayenne.fr\/jublains\/wp-json\/wp\/v2\/pages\/2316\/revisions"}],"predecessor-version":[{"id":2349,"href":"https:\/\/patrimoine.lamayenne.fr\/jublains\/wp-json\/wp\/v2\/pages\/2316\/revisions\/2349"}],"wp:attachment":[{"href":"https:\/\/patrimoine.lamayenne.fr\/jublains\/wp-json\/wp\/v2\/media?parent=2316"}],"curies":[{"name":"wp","href":"https:\/\/api.w.org\/{rel}","templated":true}]}}