{"id":139,"date":"2022-02-04T17:47:42","date_gmt":"2022-02-04T16:47:42","guid":{"rendered":"https:\/\/patrimoine.lamayenne.fr\/robert-tatin\/?page_id=139"},"modified":"2026-04-12T14:24:11","modified_gmt":"2026-04-12T12:24:11","slug":"accueil","status":"publish","type":"page","link":"https:\/\/patrimoine.lamayenne.fr\/robert-tatin\/","title":{"rendered":"Accueil"},"content":{"rendered":"<header class=\"hero hero__have__embleme flex\">\n  <h1>Mus\u00e9e <br\/>Robert Tatin <\/h1>\n  <figure class=\"hero__image\">\n    <img decoding=\"async\" data-src=\"https:\/\/patrimoine.lamayenne.fr\/robert-tatin\/wp-content\/uploads\/2022\/04\/a_Porte-du-Soleil-Musee-Robert-Tatin.jpg\" alt=\"\" src=\"data:image\/svg+xml;base64,PHN2ZyB3aWR0aD0iMSIgaGVpZ2h0PSIxIiB4bWxucz0iaHR0cDovL3d3dy53My5vcmcvMjAwMC9zdmciPjwvc3ZnPg==\" class=\"lazyload\" style=\"--smush-placeholder-width: 1920px; --smush-placeholder-aspect-ratio: 1920\/760;\">\n      <\/figure>\n      <div aria-hidden=\"true\" class=\"hero__embleme\">\n      <img decoding=\"async\" data-src=\"https:\/\/patrimoine.lamayenne.fr\/robert-tatin\/wp-content\/uploads\/2022\/04\/embleme-robert-tatin.svg\" alt=\"\" src=\"data:image\/svg+xml;base64,PHN2ZyB3aWR0aD0iMSIgaGVpZ2h0PSIxIiB4bWxucz0iaHR0cDovL3d3dy53My5vcmcvMjAwMC9zdmciPjwvc3ZnPg==\" class=\"lazyload\">\n    <\/div>\n    <\/header>\n\n\n<p><\/p>\n\n\n\n<p><strong>La billetterie en ligne est actuellement en maintenance. Vous pouvez r\u00e9aliser vos inscriptions pour les visites comment\u00e9es par t\u00e9l\u00e9phone au 02 43 98 80 89.<\/strong><\/p>\n\n\n\n<h2 class=\"wp-block-heading\" id=\"en-ce-moment\">En ce moment<\/h2>\n\n\n  <section class=\"evt evt__three flex\" id=\"evt\">\n          <article class=\"evt__card flex__col\">\n          <div class=\"evt__content flex__col\">\n            <h3 class=\"evt__title\">\n              <a href=\"https:\/\/patrimoine.lamayenne.fr\/robert-tatin\/evenements\/visite-commentee-musee-maison-6\/\">Visite comment\u00e9e Mus\u00e9e &#038; Maison<\/a>\n            <\/h3>\n                        <p class=\"evt__date\">Du 01 avril au 03 juillet 2026 De 15H00 \u00e0 16H30<\/p>\n                          <p class=\"evt__lastLine\">Tous les mardis, mercredis, jeudis et vendredis, \u00e0 15 h<\/p>\n                                      <p class=\"evt__lastLine\">Tous publics &#8211; Mus\u00e9e Robert Tatin<\/p>\n                      <\/div>\n          <figure class=\"evt__image flex__col\">\n            <img decoding=\"async\" class=\"evt__thumb lazyload\" data-src=\"https:\/\/patrimoine.lamayenne.fr\/robert-tatin\/wp-content\/uploads\/2025\/01\/DSC_0715-scaled.jpg\" alt=\"\" src=\"data:image\/svg+xml;base64,PHN2ZyB3aWR0aD0iMSIgaGVpZ2h0PSIxIiB4bWxucz0iaHR0cDovL3d3dy53My5vcmcvMjAwMC9zdmciPjwvc3ZnPg==\" style=\"--smush-placeholder-width: 1640px; --smush-placeholder-aspect-ratio: 1640\/1088;\" \/>\n          <\/figure>\n                  <\/article>\n                <article class=\"evt__card flex__col\">\n          <div class=\"evt__content flex__col\">\n            <h3 class=\"evt__title\">\n              <a href=\"https:\/\/patrimoine.lamayenne.fr\/robert-tatin\/evenements\/visite-commentee-musee-maison-7\/\">Visite comment\u00e9e Mus\u00e9e &#038; Maison<\/a>\n            <\/h3>\n                        <p class=\"evt__date\">Du 04 avril au 05 juillet 2026 <\/p>\n                          <p class=\"evt__lastLine\">Tous les samedis et dimanches, sauf le premier dimanches de chaque mois, \u00e0 14 h 30 et 16h<\/p>\n                                      <p class=\"evt__lastLine\">Tous publics &#8211; Mus\u00e9e Robert Tatin<\/p>\n                      <\/div>\n          <figure class=\"evt__image flex__col\">\n            <img decoding=\"async\" class=\"evt__thumb lazyload\" data-src=\"https:\/\/patrimoine.lamayenne.fr\/robert-tatin\/wp-content\/uploads\/2025\/01\/DSC_0715-scaled.jpg\" alt=\"\" src=\"data:image\/svg+xml;base64,PHN2ZyB3aWR0aD0iMSIgaGVpZ2h0PSIxIiB4bWxucz0iaHR0cDovL3d3dy53My5vcmcvMjAwMC9zdmciPjwvc3ZnPg==\" style=\"--smush-placeholder-width: 1640px; --smush-placeholder-aspect-ratio: 1640\/1088;\" \/>\n          <\/figure>\n                  <\/article>\n                <article class=\"evt__card flex__col\">\n          <div class=\"evt__content flex__col\">\n            <h3 class=\"evt__title\">\n              <a href=\"https:\/\/patrimoine.lamayenne.fr\/robert-tatin\/evenements\/visite-pour-doudou-2\/\">Visite pour doudou<\/a>\n            <\/h3>\n                          <p class=\"evt__subtitle\">Petites histoires pour toute la famille<\/p>\n                        <p class=\"evt__date\">Le 14 avril 2026 De 10H30 \u00e0 11H30<\/p>\n                                      <p class=\"evt__lastLine\">Jeune public &#8211; Mus\u00e9e Robert Tatin<\/p>\n                      <\/div>\n          <figure class=\"evt__image flex__col\">\n            <img decoding=\"async\" class=\"evt__thumb lazyload\" data-src=\"https:\/\/patrimoine.lamayenne.fr\/robert-tatin\/wp-content\/uploads\/2026\/01\/image00001-scaled-e1769509495319.jpeg\" alt=\"\" src=\"data:image\/svg+xml;base64,PHN2ZyB3aWR0aD0iMSIgaGVpZ2h0PSIxIiB4bWxucz0iaHR0cDovL3d3dy53My5vcmcvMjAwMC9zdmciPjwvc3ZnPg==\" style=\"--smush-placeholder-width: 1230px; --smush-placeholder-aspect-ratio: 1230\/1640;\" \/>\n          <\/figure>\n                  <\/article>\n        <\/section>\n  <ul class=\"links flex\">\n    \t\t  <li>\n\t\t\t  <a href=\"https:\/\/patrimoine.lamayenne.fr\/robert-tatin\/les-rendez-vous\/\" target=\"\" class=\"link\">Voir tous les rendez-vous<\/a>\n\t\t  <\/li>\n\t\t  \t\t  <li>\n\t\t\t  <a href=\"https:\/\/www.calameo.com\/read\/0020054848c5ad4c68009\" target=\"\" class=\"link\">Programme 2024<\/a>\n\t\t  <\/li>\n\t\t    <\/ul>\n  ","protected":false},"excerpt":{"rendered":"<p>La billetterie en ligne est actuellement en maintenance. Vous pouvez r\u00e9aliser vos inscriptions pour les visites comment\u00e9es par t\u00e9l\u00e9phone au 02 43 98 80 89. En ce moment<\/p>\n","protected":false},"author":1,"featured_media":0,"parent":0,"menu_order":0,"comment_status":"closed","ping_status":"closed","template":"","meta":{"_acf_changed":false,"footnotes":""},"class_list":["post-139","page","type-page","status-publish","hentry"],"acf":[],"yoast_head":"<!-- This site is optimized with the Yoast SEO plugin v25.8 - https:\/\/yoast.com\/wordpress\/plugins\/seo\/ -->\n<title>Accueil - Robert Tatin<\/title>\n<meta name=\"description\" content=\"D\u00e9couvrez l&#039;histoire et les oeuvres de Robert Tatin \u00e0 travers le mus\u00e9e, parcourant ses nombreux et divers talents.\" \/>\n<meta name=\"robots\" content=\"index, follow, max-snippet:-1, max-image-preview:large, max-video-preview:-1\" \/>\n<link rel=\"canonical\" href=\"https:\/\/patrimoine.lamayenne.fr\/robert-tatin\/\" \/>\n<meta name=\"twitter:card\" content=\"summary_large_image\" \/>\n<meta name=\"twitter:title\" content=\"Accueil - Robert Tatin\" \/>\n<meta name=\"twitter:description\" content=\"D\u00e9couvrez l&#039;histoire et les oeuvres de Robert Tatin \u00e0 travers le mus\u00e9e, parcourant ses nombreux et divers talents.\" \/>\n<meta name=\"twitter:site\" content=\"@lamayenne\" \/>\n<meta name=\"twitter:label1\" content=\"Dur\u00e9e de lecture estim\u00e9e\" \/>\n\t<meta name=\"twitter:data1\" content=\"1 minute\" \/>\n<script type=\"application\/ld+json\" class=\"yoast-schema-graph\">{\"@context\":\"https:\/\/schema.org\",\"@graph\":[{\"@type\":\"WebPage\",\"@id\":\"https:\/\/patrimoine.lamayenne.fr\/robert-tatin\/\",\"url\":\"https:\/\/patrimoine.lamayenne.fr\/robert-tatin\/\",\"name\":\"Accueil - Robert Tatin\",\"isPartOf\":{\"@id\":\"https:\/\/patrimoine.lamayenne.fr\/robert-tatin\/#website\"},\"datePublished\":\"2022-02-04T16:47:42+00:00\",\"dateModified\":\"2026-04-12T12:24:11+00:00\",\"description\":\"D\u00e9couvrez l'histoire et les oeuvres de Robert Tatin \u00e0 travers le mus\u00e9e, parcourant ses nombreux et divers talents.\",\"breadcrumb\":{\"@id\":\"https:\/\/patrimoine.lamayenne.fr\/robert-tatin\/#breadcrumb\"},\"inLanguage\":\"fr-FR\",\"potentialAction\":[{\"@type\":\"ReadAction\",\"target\":[\"https:\/\/patrimoine.lamayenne.fr\/robert-tatin\/\"]}]},{\"@type\":\"BreadcrumbList\",\"@id\":\"https:\/\/patrimoine.lamayenne.fr\/robert-tatin\/#breadcrumb\",\"itemListElement\":[{\"@type\":\"ListItem\",\"position\":1,\"name\":\"Accueil\",\"item\":\"https:\/\/patrimoine.lamayenne.fr\/robert-tatin\/\"},{\"@type\":\"ListItem\",\"position\":2,\"name\":\"Accueil\"}]},{\"@type\":\"WebSite\",\"@id\":\"https:\/\/patrimoine.lamayenne.fr\/robert-tatin\/#website\",\"url\":\"https:\/\/patrimoine.lamayenne.fr\/robert-tatin\/\",\"name\":\"Robert Tatin\",\"description\":\"\",\"publisher\":{\"@id\":\"https:\/\/patrimoine.lamayenne.fr\/robert-tatin\/#organization\"},\"potentialAction\":[{\"@type\":\"SearchAction\",\"target\":{\"@type\":\"EntryPoint\",\"urlTemplate\":\"https:\/\/patrimoine.lamayenne.fr\/robert-tatin\/?s={search_term_string}\"},\"query-input\":{\"@type\":\"PropertyValueSpecification\",\"valueRequired\":true,\"valueName\":\"search_term_string\"}}],\"inLanguage\":\"fr-FR\"},{\"@type\":\"Organization\",\"@id\":\"https:\/\/patrimoine.lamayenne.fr\/robert-tatin\/#organization\",\"name\":\"Robert Tatin\",\"url\":\"https:\/\/patrimoine.lamayenne.fr\/robert-tatin\/\",\"logo\":{\"@type\":\"ImageObject\",\"inLanguage\":\"fr-FR\",\"@id\":\"https:\/\/patrimoine.lamayenne.fr\/robert-tatin\/#\/schema\/logo\/image\/\",\"url\":\"https:\/\/patrimoine.lamayenne.fr\/robert-tatin\/wp-content\/uploads\/2022\/04\/Tatin_logo.svg\",\"contentUrl\":\"https:\/\/patrimoine.lamayenne.fr\/robert-tatin\/wp-content\/uploads\/2022\/04\/Tatin_logo.svg\",\"width\":1,\"height\":1,\"caption\":\"Robert Tatin\"},\"image\":{\"@id\":\"https:\/\/patrimoine.lamayenne.fr\/robert-tatin\/#\/schema\/logo\/image\/\"},\"sameAs\":[\"https:\/\/www.facebook.com\/departement.lamayenne\",\"https:\/\/x.com\/lamayenne\",\"https:\/\/www.instagram.com\/la.mayenne\/\",\"https:\/\/www.youtube.com\/user\/LaMayenneTV\"]}]}<\/script>\n<!-- \/ Yoast SEO plugin. -->","yoast_head_json":{"title":"Accueil - Robert Tatin","description":"D\u00e9couvrez l'histoire et les oeuvres de Robert Tatin \u00e0 travers le mus\u00e9e, parcourant ses nombreux et divers talents.","robots":{"index":"index","follow":"follow","max-snippet":"max-snippet:-1","max-image-preview":"max-image-preview:large","max-video-preview":"max-video-preview:-1"},"canonical":"https:\/\/patrimoine.lamayenne.fr\/robert-tatin\/","twitter_card":"summary_large_image","twitter_title":"Accueil - Robert Tatin","twitter_description":"D\u00e9couvrez l'histoire et les oeuvres de Robert Tatin \u00e0 travers le mus\u00e9e, parcourant ses nombreux et divers talents.","twitter_site":"@lamayenne","twitter_misc":{"Dur\u00e9e de lecture estim\u00e9e":"1 minute"},"schema":{"@context":"https:\/\/schema.org","@graph":[{"@type":"WebPage","@id":"https:\/\/patrimoine.lamayenne.fr\/robert-tatin\/","url":"https:\/\/patrimoine.lamayenne.fr\/robert-tatin\/","name":"Accueil - Robert Tatin","isPartOf":{"@id":"https:\/\/patrimoine.lamayenne.fr\/robert-tatin\/#website"},"datePublished":"2022-02-04T16:47:42+00:00","dateModified":"2026-04-12T12:24:11+00:00","description":"D\u00e9couvrez l'histoire et les oeuvres de Robert Tatin \u00e0 travers le mus\u00e9e, parcourant ses nombreux et divers talents.","breadcrumb":{"@id":"https:\/\/patrimoine.lamayenne.fr\/robert-tatin\/#breadcrumb"},"inLanguage":"fr-FR","potentialAction":[{"@type":"ReadAction","target":["https:\/\/patrimoine.lamayenne.fr\/robert-tatin\/"]}]},{"@type":"BreadcrumbList","@id":"https:\/\/patrimoine.lamayenne.fr\/robert-tatin\/#breadcrumb","itemListElement":[{"@type":"ListItem","position":1,"name":"Accueil","item":"https:\/\/patrimoine.lamayenne.fr\/robert-tatin\/"},{"@type":"ListItem","position":2,"name":"Accueil"}]},{"@type":"WebSite","@id":"https:\/\/patrimoine.lamayenne.fr\/robert-tatin\/#website","url":"https:\/\/patrimoine.lamayenne.fr\/robert-tatin\/","name":"Robert Tatin","description":"","publisher":{"@id":"https:\/\/patrimoine.lamayenne.fr\/robert-tatin\/#organization"},"potentialAction":[{"@type":"SearchAction","target":{"@type":"EntryPoint","urlTemplate":"https:\/\/patrimoine.lamayenne.fr\/robert-tatin\/?s={search_term_string}"},"query-input":{"@type":"PropertyValueSpecification","valueRequired":true,"valueName":"search_term_string"}}],"inLanguage":"fr-FR"},{"@type":"Organization","@id":"https:\/\/patrimoine.lamayenne.fr\/robert-tatin\/#organization","name":"Robert Tatin","url":"https:\/\/patrimoine.lamayenne.fr\/robert-tatin\/","logo":{"@type":"ImageObject","inLanguage":"fr-FR","@id":"https:\/\/patrimoine.lamayenne.fr\/robert-tatin\/#\/schema\/logo\/image\/","url":"https:\/\/patrimoine.lamayenne.fr\/robert-tatin\/wp-content\/uploads\/2022\/04\/Tatin_logo.svg","contentUrl":"https:\/\/patrimoine.lamayenne.fr\/robert-tatin\/wp-content\/uploads\/2022\/04\/Tatin_logo.svg","width":1,"height":1,"caption":"Robert Tatin"},"image":{"@id":"https:\/\/patrimoine.lamayenne.fr\/robert-tatin\/#\/schema\/logo\/image\/"},"sameAs":["https:\/\/www.facebook.com\/departement.lamayenne","https:\/\/x.com\/lamayenne","https:\/\/www.instagram.com\/la.mayenne\/","https:\/\/www.youtube.com\/user\/LaMayenneTV"]}]}},"lang":"fr","translations":{"fr":139,"en":1666},"pll_sync_post":[],"_links":{"self":[{"href":"https:\/\/patrimoine.lamayenne.fr\/robert-tatin\/wp-json\/wp\/v2\/pages\/139","targetHints":{"allow":["GET"]}}],"collection":[{"href":"https:\/\/patrimoine.lamayenne.fr\/robert-tatin\/wp-json\/wp\/v2\/pages"}],"about":[{"href":"https:\/\/patrimoine.lamayenne.fr\/robert-tatin\/wp-json\/wp\/v2\/types\/page"}],"author":[{"embeddable":true,"href":"https:\/\/patrimoine.lamayenne.fr\/robert-tatin\/wp-json\/wp\/v2\/users\/1"}],"replies":[{"embeddable":true,"href":"https:\/\/patrimoine.lamayenne.fr\/robert-tatin\/wp-json\/wp\/v2\/comments?post=139"}],"version-history":[{"count":56,"href":"https:\/\/patrimoine.lamayenne.fr\/robert-tatin\/wp-json\/wp\/v2\/pages\/139\/revisions"}],"predecessor-version":[{"id":3220,"href":"https:\/\/patrimoine.lamayenne.fr\/robert-tatin\/wp-json\/wp\/v2\/pages\/139\/revisions\/3220"}],"wp:attachment":[{"href":"https:\/\/patrimoine.lamayenne.fr\/robert-tatin\/wp-json\/wp\/v2\/media?parent=139"}],"curies":[{"name":"wp","href":"https:\/\/api.w.org\/{rel}","templated":true}]}}