{"id":1676,"date":"2023-03-20T12:34:30","date_gmt":"2023-03-20T11:34:30","guid":{"rendered":"https:\/\/patrimoine.lamayenne.fr\/robert-tatin\/?page_id=1676"},"modified":"2023-11-06T15:21:03","modified_gmt":"2023-11-06T14:21:03","slug":"events","status":"publish","type":"page","link":"https:\/\/patrimoine.lamayenne.fr\/robert-tatin\/en\/events\/","title":{"rendered":"Events"},"content":{"rendered":"<nav aria-label=\"Fil d'Ariane\" class=\"ariane\">\n  <ol>\n    <li>\n      <a href=\"https:\/\/patrimoine.lamayenne.fr\/robert-tatin\">Robert Tatin<\/a>\n    <\/li>\n    <li>\n      <a href=\"https:\/\/patrimoine.lamayenne.fr\/robert-tatin\/en\/events\/\" aria-current=\"page\">Events<\/a>\n    <\/li>\n  <\/ol>\n<\/nav>\n\n<header class=\"hero flex\">\n  <h1>In your <br\/>diary<\/h1>\n  <figure class=\"hero__image\">\n    <img decoding=\"async\" data-src=\"https:\/\/patrimoine.lamayenne.fr\/robert-tatin\/wp-content\/uploads\/2022\/06\/Musee_Robert_Tatin-Cosse-le-Vivien-CP-Alexandre_Lamoureux_-_Mayenne_Tourisme-1920px8.jpg\" alt=\"\" src=\"data:image\/svg+xml;base64,PHN2ZyB3aWR0aD0iMSIgaGVpZ2h0PSIxIiB4bWxucz0iaHR0cDovL3d3dy53My5vcmcvMjAwMC9zdmciPjwvc3ZnPg==\" class=\"lazyload\" style=\"--smush-placeholder-width: 1920px; --smush-placeholder-aspect-ratio: 1920\/1280;\">\n      <\/figure>\n  <\/header>\n\n\n<p class=\"has-text-align-center\"><strong><em>Online content about the appointments is available in French only.<\/em><\/strong><\/p>\n","protected":false},"excerpt":{"rendered":"<p>Online content about the appointments is available in French only.<\/p>\n","protected":false},"author":1,"featured_media":0,"parent":0,"menu_order":0,"comment_status":"closed","ping_status":"closed","template":"templates\/template-evenements.php","meta":{"_acf_changed":false,"footnotes":""},"class_list":["post-1676","page","type-page","status-publish","hentry"],"acf":[],"yoast_head":"<!-- This site is optimized with the Yoast SEO plugin v25.8 - https:\/\/yoast.com\/wordpress\/plugins\/seo\/ -->\n<title>Events - Robert Tatin<\/title>\n<meta name=\"description\" content=\"D\u00e9couvrez le programme des visites guid\u00e9es, conf\u00e9rences, animations, concerts pour adultes et enfants au mus\u00e9e de Robert Tatin.\" \/>\n<meta name=\"robots\" content=\"index, follow, max-snippet:-1, max-image-preview:large, max-video-preview:-1\" \/>\n<link rel=\"canonical\" href=\"https:\/\/patrimoine.lamayenne.fr\/robert-tatin\/en\/events\/\" \/>\n<meta name=\"twitter:card\" content=\"summary_large_image\" \/>\n<meta name=\"twitter:title\" content=\"Events - Robert Tatin\" \/>\n<meta name=\"twitter:description\" content=\"D\u00e9couvrez le programme des visites guid\u00e9es, conf\u00e9rences, animations, concerts pour adultes et enfants au mus\u00e9e de Robert Tatin.\" \/>\n<meta name=\"twitter:site\" content=\"@lamayenne\" \/>\n<meta name=\"twitter:label1\" content=\"Dur\u00e9e de lecture estim\u00e9e\" \/>\n\t<meta name=\"twitter:data1\" content=\"1 minute\" \/>\n<script type=\"application\/ld+json\" class=\"yoast-schema-graph\">{\"@context\":\"https:\/\/schema.org\",\"@graph\":[{\"@type\":\"WebPage\",\"@id\":\"https:\/\/patrimoine.lamayenne.fr\/robert-tatin\/en\/events\/\",\"url\":\"https:\/\/patrimoine.lamayenne.fr\/robert-tatin\/en\/events\/\",\"name\":\"Events - Robert Tatin\",\"isPartOf\":{\"@id\":\"https:\/\/patrimoine.lamayenne.fr\/robert-tatin\/#website\"},\"datePublished\":\"2023-03-20T11:34:30+00:00\",\"dateModified\":\"2023-11-06T14:21:03+00:00\",\"description\":\"D\u00e9couvrez le programme des visites guid\u00e9es, conf\u00e9rences, animations, concerts pour adultes et enfants au mus\u00e9e de Robert Tatin.\",\"breadcrumb\":{\"@id\":\"https:\/\/patrimoine.lamayenne.fr\/robert-tatin\/en\/events\/#breadcrumb\"},\"inLanguage\":\"fr-FR\",\"potentialAction\":[{\"@type\":\"ReadAction\",\"target\":[\"https:\/\/patrimoine.lamayenne.fr\/robert-tatin\/en\/events\/\"]}]},{\"@type\":\"BreadcrumbList\",\"@id\":\"https:\/\/patrimoine.lamayenne.fr\/robert-tatin\/en\/events\/#breadcrumb\",\"itemListElement\":[{\"@type\":\"ListItem\",\"position\":1,\"name\":\"Accueil\",\"item\":\"https:\/\/patrimoine.lamayenne.fr\/robert-tatin\/\"},{\"@type\":\"ListItem\",\"position\":2,\"name\":\"Events\"}]},{\"@type\":\"WebSite\",\"@id\":\"https:\/\/patrimoine.lamayenne.fr\/robert-tatin\/#website\",\"url\":\"https:\/\/patrimoine.lamayenne.fr\/robert-tatin\/\",\"name\":\"Robert Tatin\",\"description\":\"\",\"publisher\":{\"@id\":\"https:\/\/patrimoine.lamayenne.fr\/robert-tatin\/#organization\"},\"potentialAction\":[{\"@type\":\"SearchAction\",\"target\":{\"@type\":\"EntryPoint\",\"urlTemplate\":\"https:\/\/patrimoine.lamayenne.fr\/robert-tatin\/?s={search_term_string}\"},\"query-input\":{\"@type\":\"PropertyValueSpecification\",\"valueRequired\":true,\"valueName\":\"search_term_string\"}}],\"inLanguage\":\"fr-FR\"},{\"@type\":\"Organization\",\"@id\":\"https:\/\/patrimoine.lamayenne.fr\/robert-tatin\/#organization\",\"name\":\"Robert Tatin\",\"url\":\"https:\/\/patrimoine.lamayenne.fr\/robert-tatin\/\",\"logo\":{\"@type\":\"ImageObject\",\"inLanguage\":\"fr-FR\",\"@id\":\"https:\/\/patrimoine.lamayenne.fr\/robert-tatin\/#\/schema\/logo\/image\/\",\"url\":\"https:\/\/patrimoine.lamayenne.fr\/robert-tatin\/wp-content\/uploads\/2022\/04\/Tatin_logo.svg\",\"contentUrl\":\"https:\/\/patrimoine.lamayenne.fr\/robert-tatin\/wp-content\/uploads\/2022\/04\/Tatin_logo.svg\",\"width\":1,\"height\":1,\"caption\":\"Robert Tatin\"},\"image\":{\"@id\":\"https:\/\/patrimoine.lamayenne.fr\/robert-tatin\/#\/schema\/logo\/image\/\"},\"sameAs\":[\"https:\/\/www.facebook.com\/departement.lamayenne\",\"https:\/\/x.com\/lamayenne\",\"https:\/\/www.instagram.com\/la.mayenne\/\",\"https:\/\/www.youtube.com\/user\/LaMayenneTV\"]}]}<\/script>\n<!-- \/ Yoast SEO plugin. -->","yoast_head_json":{"title":"Events - Robert Tatin","description":"D\u00e9couvrez le programme des visites guid\u00e9es, conf\u00e9rences, animations, concerts pour adultes et enfants au mus\u00e9e de Robert Tatin.","robots":{"index":"index","follow":"follow","max-snippet":"max-snippet:-1","max-image-preview":"max-image-preview:large","max-video-preview":"max-video-preview:-1"},"canonical":"https:\/\/patrimoine.lamayenne.fr\/robert-tatin\/en\/events\/","twitter_card":"summary_large_image","twitter_title":"Events - Robert Tatin","twitter_description":"D\u00e9couvrez le programme des visites guid\u00e9es, conf\u00e9rences, animations, concerts pour adultes et enfants au mus\u00e9e de Robert Tatin.","twitter_site":"@lamayenne","twitter_misc":{"Dur\u00e9e de lecture estim\u00e9e":"1 minute"},"schema":{"@context":"https:\/\/schema.org","@graph":[{"@type":"WebPage","@id":"https:\/\/patrimoine.lamayenne.fr\/robert-tatin\/en\/events\/","url":"https:\/\/patrimoine.lamayenne.fr\/robert-tatin\/en\/events\/","name":"Events - Robert Tatin","isPartOf":{"@id":"https:\/\/patrimoine.lamayenne.fr\/robert-tatin\/#website"},"datePublished":"2023-03-20T11:34:30+00:00","dateModified":"2023-11-06T14:21:03+00:00","description":"D\u00e9couvrez le programme des visites guid\u00e9es, conf\u00e9rences, animations, concerts pour adultes et enfants au mus\u00e9e de Robert Tatin.","breadcrumb":{"@id":"https:\/\/patrimoine.lamayenne.fr\/robert-tatin\/en\/events\/#breadcrumb"},"inLanguage":"fr-FR","potentialAction":[{"@type":"ReadAction","target":["https:\/\/patrimoine.lamayenne.fr\/robert-tatin\/en\/events\/"]}]},{"@type":"BreadcrumbList","@id":"https:\/\/patrimoine.lamayenne.fr\/robert-tatin\/en\/events\/#breadcrumb","itemListElement":[{"@type":"ListItem","position":1,"name":"Accueil","item":"https:\/\/patrimoine.lamayenne.fr\/robert-tatin\/"},{"@type":"ListItem","position":2,"name":"Events"}]},{"@type":"WebSite","@id":"https:\/\/patrimoine.lamayenne.fr\/robert-tatin\/#website","url":"https:\/\/patrimoine.lamayenne.fr\/robert-tatin\/","name":"Robert Tatin","description":"","publisher":{"@id":"https:\/\/patrimoine.lamayenne.fr\/robert-tatin\/#organization"},"potentialAction":[{"@type":"SearchAction","target":{"@type":"EntryPoint","urlTemplate":"https:\/\/patrimoine.lamayenne.fr\/robert-tatin\/?s={search_term_string}"},"query-input":{"@type":"PropertyValueSpecification","valueRequired":true,"valueName":"search_term_string"}}],"inLanguage":"fr-FR"},{"@type":"Organization","@id":"https:\/\/patrimoine.lamayenne.fr\/robert-tatin\/#organization","name":"Robert Tatin","url":"https:\/\/patrimoine.lamayenne.fr\/robert-tatin\/","logo":{"@type":"ImageObject","inLanguage":"fr-FR","@id":"https:\/\/patrimoine.lamayenne.fr\/robert-tatin\/#\/schema\/logo\/image\/","url":"https:\/\/patrimoine.lamayenne.fr\/robert-tatin\/wp-content\/uploads\/2022\/04\/Tatin_logo.svg","contentUrl":"https:\/\/patrimoine.lamayenne.fr\/robert-tatin\/wp-content\/uploads\/2022\/04\/Tatin_logo.svg","width":1,"height":1,"caption":"Robert Tatin"},"image":{"@id":"https:\/\/patrimoine.lamayenne.fr\/robert-tatin\/#\/schema\/logo\/image\/"},"sameAs":["https:\/\/www.facebook.com\/departement.lamayenne","https:\/\/x.com\/lamayenne","https:\/\/www.instagram.com\/la.mayenne\/","https:\/\/www.youtube.com\/user\/LaMayenneTV"]}]}},"lang":"en","translations":{"en":1676,"fr":35},"pll_sync_post":[],"_links":{"self":[{"href":"https:\/\/patrimoine.lamayenne.fr\/robert-tatin\/wp-json\/wp\/v2\/pages\/1676","targetHints":{"allow":["GET"]}}],"collection":[{"href":"https:\/\/patrimoine.lamayenne.fr\/robert-tatin\/wp-json\/wp\/v2\/pages"}],"about":[{"href":"https:\/\/patrimoine.lamayenne.fr\/robert-tatin\/wp-json\/wp\/v2\/types\/page"}],"author":[{"embeddable":true,"href":"https:\/\/patrimoine.lamayenne.fr\/robert-tatin\/wp-json\/wp\/v2\/users\/1"}],"replies":[{"embeddable":true,"href":"https:\/\/patrimoine.lamayenne.fr\/robert-tatin\/wp-json\/wp\/v2\/comments?post=1676"}],"version-history":[{"count":12,"href":"https:\/\/patrimoine.lamayenne.fr\/robert-tatin\/wp-json\/wp\/v2\/pages\/1676\/revisions"}],"predecessor-version":[{"id":1799,"href":"https:\/\/patrimoine.lamayenne.fr\/robert-tatin\/wp-json\/wp\/v2\/pages\/1676\/revisions\/1799"}],"wp:attachment":[{"href":"https:\/\/patrimoine.lamayenne.fr\/robert-tatin\/wp-json\/wp\/v2\/media?parent=1676"}],"curies":[{"name":"wp","href":"https:\/\/api.w.org\/{rel}","templated":true}]}}