{"id":229,"date":"2022-02-09T15:10:19","date_gmt":"2022-02-09T14:10:19","guid":{"rendered":"https:\/\/patrimoine.lamayenne.fr\/robert-tatin\/?page_id=229"},"modified":"2026-03-11T16:31:32","modified_gmt":"2026-03-11T15:31:32","slug":"preparer-ma-visite","status":"publish","type":"page","link":"https:\/\/patrimoine.lamayenne.fr\/robert-tatin\/preparer-ma-visite\/","title":{"rendered":"Pr\u00e9parer ma visite"},"content":{"rendered":"<nav aria-label=\"Fil d'Ariane\" class=\"ariane\">\n  <ol>\n    <li>\n      <a href=\"https:\/\/patrimoine.lamayenne.fr\/robert-tatin\">Robert Tatin<\/a>\n    <\/li>\n    <li>\n      <a href=\"https:\/\/patrimoine.lamayenne.fr\/robert-tatin\/preparer-ma-visite\/\" aria-current=\"page\">Pr\u00e9parer ma visite<\/a>\n    <\/li>\n  <\/ol>\n<\/nav>\n\n<header class=\"hero flex\">\n  <h1>Pr\u00e9parer <br\/>ma visite<\/h1>\n  <figure class=\"hero__image\">\n    <img decoding=\"async\" data-src=\"https:\/\/patrimoine.lamayenne.fr\/robert-tatin\/wp-content\/uploads\/2022\/06\/Musee_Robert_Tatin-Cosse-le-Vivien-CP-Sarah_Veysseyre_-_Mayenne_Tourisme1-scaled.jpg\" alt=\"\" src=\"data:image\/svg+xml;base64,PHN2ZyB3aWR0aD0iMSIgaGVpZ2h0PSIxIiB4bWxucz0iaHR0cDovL3d3dy53My5vcmcvMjAwMC9zdmciPjwvc3ZnPg==\" class=\"lazyload\" style=\"--smush-placeholder-width: 2560px; --smush-placeholder-aspect-ratio: 2560\/1709;\">\n      <\/figure>\n  <\/header>\n\n<ul class=\"blocButtons flex\">\n     \t  <li>\n        <a href=\"#individuel\" class=\"button\">En individuel<\/a>\n      <\/li>\n\t     \t  <li>\n        <a href=\"#groupe\" class=\"button\">En groupe<\/a>\n      <\/li>\n\t     \t  <li>\n        <a href=\"#scolaires\" class=\"button\">Les scolaires<\/a>\n      <\/li>\n\t  <\/ul>\n\n\n\n<h2 class=\"wp-block-heading\" id=\"horaires\">Horaires<\/h2>\n\n\n<table class=\"musees__horaires\">\n    <tbody>\n        <tr>\n            <th scope=\"col\">P\u00e9riode<\/th>\n            <th scope=\"col\">Horaires<\/th>\n        <\/tr>\n                    <tr class=\"musees__horaires__row\">\n                <th scope=\"row\">\n                    Janvier &#8211; F\u00e9vrier                <\/th>\n                <td><strong>Fermeture :<\/strong> hors vacances scolaires<\/td>\n            <\/tr>\n                        <tr class=\"musees__horaires__row\">\n                <th scope=\"row\">\n                    Vacances d&rsquo;hiver                <\/th>\n                <td><strong>Du 14 f\u00e9vrier au 1er mars :<\/strong> Tous les jours sauf le lundi :  10h &#8211; 12h30 \/ 13h30 &#8211; 18h<\/td>\n            <\/tr>\n                        <tr class=\"musees__horaires__row\">\n                <th scope=\"row\">\n                    Mars                 <\/th>\n                <td><strong>Week-ends uniquement :<\/strong> 10h &#8211; 12h30 \/ 13h30 &#8211; 18h<\/td>\n            <\/tr>\n                        <tr class=\"musees__horaires__row\">\n                <th scope=\"row\">\n                    Avril &#8211; Mai &#8211; Juin                <\/th>\n                <td><strong>Tous les jours sauf le lundi :<\/strong> 10h &#8211; 12h30 \/ 13h30 &#8211; 18h<\/td>\n            <\/tr>\n                        <tr class=\"musees__horaires__row\">\n                <th scope=\"row\">\n                    Juillet &#8211; Ao\u00fbt                <\/th>\n                <td><strong>Tous les jours en continu :<\/strong> 10h &#8211; 18h<\/td>\n            <\/tr>\n                        <tr class=\"musees__horaires__row\">\n                <th scope=\"row\">\n                    Septembre jusqu&rsquo;au 1er novembre                <\/th>\n                <td><strong>Tous les jours sauf le lundi :<\/strong> 10h &#8211; 12h30 \/ 13h30 &#8211; 18h<\/td>\n            <\/tr>\n                        <tr class=\"musees__horaires__row\">\n                <th scope=\"row\">\n                    Novembre &#8211; D\u00e9cembre                <\/th>\n                <td><strong>Week-ends uniquement :<\/strong> 10h &#8211; 12h30 \/ 13h30 &#8211; 18h<\/td>\n            <\/tr>\n                        <tr class=\"musees__horaires__row\">\n                <th scope=\"row\">\n                    Vacances de No\u00ebl                <\/th>\n                <td><strong>Du samedi 19 d\u00e9cembre au dimanche 3 janvier 2027 :<\/strong> Tous les jours sauf le lundi, le 25 d\u00e9cembre et le 1er janvier  : 10h-12h30 \/ 13h30-18h<\/td>\n            <\/tr>\n                <\/tbody>\n<\/table>\n\n\n<div class=\"wp-block-columns alignfull is-layout-flex wp-container-core-columns-is-layout-9d6595d7 wp-block-columns-is-layout-flex\">\n<div class=\"wp-block-column has-blanc-background-color has-background is-layout-flow wp-block-column-is-layout-flow\">\n<h3 class=\"wp-block-heading has-rouge-color has-text-color\">Fermetures annuelles<\/h3>\n\n\n\n<p>Du 1er janvier jusqu&rsquo;au d\u00e9but des vacances d&rsquo;hiver de la zone B et le 25 d\u00e9cembre aux visiteurs individuels.<\/p>\n<\/div>\n\n\n\n<div class=\"wp-block-column has-blanc-background-color has-background is-layout-flow wp-block-column-is-layout-flow\">\n<h3 class=\"wp-block-heading has-rouge-color has-text-color\">Groupes<\/h3>\n\n\n\n<p>Ouvert <a data-type=\"page\" href=\"https:\/\/patrimoine.lamayenne.fr\/robert-tatin\/nous-contacter\/?formulaire=groupe\">sur r\u00e9servation<\/a> toute l&rsquo;ann\u00e9e.<\/p>\n<\/div>\n<\/div>\n\n\n\n<h2 class=\"wp-block-heading\" id=\"horaires\">Tarifs<\/h2>\n\n\n\n<h3 class=\"wp-block-heading has-rouge-color has-text-color\">Entr\u00e9e site<\/h3>\n\n\n\n<p class=\"has-text-align-left\"><strong>Tarif plein :<\/strong> 4 \u20ac<br><strong>Tarif r\u00e9duit* :<\/strong> 2 \u20ac<\/p>\n\n\n\n<p class=\"has-text-align-left\"><strong>Gratuit pour les moins de 18 ans<\/strong>.<br><strong>Gratuit le premier dimanche du mois<\/strong>. La maison de l&rsquo;artiste n&rsquo;est pas visitable le premier dimanche du mois.<\/p>\n\n\n\n<p>Le site n&rsquo;est pas accessible aux animaux de compagnie, m\u00eame en sac ou tenus en laisse. Chiens guides pour personnes porteuses d&rsquo;une carte uniquement.<\/p>\n\n\n\n<div class=\"wp-block-columns alignfull is-layout-flex wp-container-core-columns-is-layout-9d6595d7 wp-block-columns-is-layout-flex\">\n<div class=\"wp-block-column has-blanc-background-color has-background is-layout-flow wp-block-column-is-layout-flow\">\n<h3 class=\"wp-block-heading has-rouge-color has-text-color\">Tarif Visite guid\u00e9e Mus\u00e9e (avec entr\u00e9e site)<\/h3>\n\n\n\n<p><strong>Tarif plein :<\/strong> 6 \u20ac<br><strong>Tarif r\u00e9duit* :<\/strong> 4 \u20ac<\/p>\n<\/div>\n\n\n\n<div class=\"wp-block-column has-blanc-background-color has-background is-layout-flow wp-block-column-is-layout-flow\">\n<h3 class=\"wp-block-heading has-rouge-color has-text-color\">Tarif  Visite guid\u00e9e Mus\u00e9e et Maison** (avec entr\u00e9e site)<\/h3>\n\n\n\n<p><strong>Tarif plein : <\/strong>9 \u20ac<br><strong>Tarif r\u00e9duit* :<\/strong> 6 \u20ac<\/p>\n\n\n\n<p>** Sur r\u00e9servation ou dans la limite des places disponibles.<\/p>\n\n\n\n<p>Pour des raisons de s\u00e9curit\u00e9 et de conservation, la maison de l\u2019artiste est inaccessible aux groupes.<\/p>\n<\/div>\n<\/div>\n\n\n\n<div class=\"wp-block-columns alignfull is-layout-flex wp-container-core-columns-is-layout-9d6595d7 wp-block-columns-is-layout-flex\">\n<div class=\"wp-block-column has-blanc-background-color has-background is-layout-flow wp-block-column-is-layout-flow\">\n<h3 class=\"wp-block-heading has-rouge-color has-text-color\">Abonnement annuel<\/h3>\n\n\n\n<p><strong>Tarif :<\/strong> 15 \u20ac<\/p>\n<\/div>\n\n\n\n<div class=\"wp-block-column has-blanc-background-color has-background is-layout-flow wp-block-column-is-layout-flow\">\n<h3 class=\"wp-block-heading has-rouge-color has-text-color\">Tarif centres sociaux<\/h3>\n\n\n\n<p><strong>Visite adapt\u00e9e :<\/strong> 2 \u20ac (gratuit pour les accompagnateurs)<\/p>\n<\/div>\n<\/div>\n\n\n\n<p class=\"has-noir-color has-text-color\"><em>* <\/em>Personnes en situation de handicap, demandeurs d\u2019emploi, \u00e9tudiants, groupes \u00e0 partir de 10 adultes, titulaires de la carte CNAS, b\u00e9n\u00e9ficiaires May&rsquo;N Pass, G\u00eetes de France Mayenne, visiteurs des 2e et 3e sites d\u00e9partementaux sur pr\u00e9sentation d&rsquo;un billet achet\u00e9, dans un d\u00e9lai d&rsquo;un an.<br><\/p>\n\n\n<div aria-hidden=\"true\" id=\"individuel\"><\/div>\n\n<section class=\"groupe groupe__white flex__col\">\n  <h2>En individuel<\/h2>\n  <figure class=\"groupe__image\">\n    <img decoding=\"async\" data-src=\"https:\/\/patrimoine.lamayenne.fr\/robert-tatin\/wp-content\/uploads\/2022\/08\/Musee_Robert_Tatin-Cosse-le-Vivien-CP-Alexandre_Lamoureux_-_Mayenne_Tourisme-1920px5.jpg\" alt=\"\" src=\"data:image\/svg+xml;base64,PHN2ZyB3aWR0aD0iMSIgaGVpZ2h0PSIxIiB4bWxucz0iaHR0cDovL3d3dy53My5vcmcvMjAwMC9zdmciPjwvc3ZnPg==\" class=\"lazyload\" style=\"--smush-placeholder-width: 1920px; --smush-placeholder-aspect-ratio: 1920\/1280;\">\n      <\/figure>\n  <div class=\"groupe__blocs flex\">\n            <div class=\"groupe__card flex__col\">\n          <h3>Visite guid\u00e9e du mus\u00e9e<\/h3>\n          <p>L\u2019\u00e9quipe de m\u00e9diateurs vous fait d\u00e9couvrir l\u2019histoire et le sens de cette \u0153uvre monumentale riche de nombreuses r\u00e9f\u00e9rences artistiques, historiques ou culturelles.<br \/>\r\n<br \/>\r\nDur\u00e9e : 45 min \u00e0 1h<br \/>\r\nD\u00e9part \u00e0 l\u2019accueil du mus\u00e9e.<br \/>\r\n<br \/>\r\nAu-del\u00e0 de 10 personnes, reportez-vous aux conditions de visite des groupes.<\/p>\n                      <a class=\"button button__white\" href=\"https:\/\/lamayenne.tickeasy.com\/fr-FR\/tatin\">R\u00e9server<\/a>\n                  <\/div>\n                <div class=\"groupe__card flex__col\">\n          <h3>Visite guid\u00e9e du mus\u00e9e et de la maison de l&rsquo;artiste<\/h3>\n          <p>Robert Tatin a pass\u00e9 les 21 derni\u00e8res ann\u00e9es de sa vie dans cette maison, point de d\u00e9part de la r\u00e9alisation de son mus\u00e9e. Souvenirs, \u0153uvres de jeunesse, effets personnels ouvrent sur une autre facette de l\u2019artiste.<br \/>\r\n<br \/>\r\nLa maison se d\u00e9couvre uniquement dans le cadre de la visite guid\u00e9e.<\/p>\n                      <a class=\"button button__white\" href=\"https:\/\/lamayenne.tickeasy.com\/fr-FR\/tatin\">R\u00e9server<\/a>\n                  <\/div>\n          <\/div>\n<\/section>\n\n<div aria-hidden=\"true\" id=\"groupe\"><\/div>\n\n<section class=\"groupe groupe__white flex__col\">\n  <h2>En groupe<\/h2>\n  <figure class=\"groupe__image\">\n    <img decoding=\"async\" data-src=\"https:\/\/patrimoine.lamayenne.fr\/robert-tatin\/wp-content\/uploads\/2022\/08\/Musee_Robert_Tatin-Cosse-le-Vivien-CP-Dominique_VERNIER-_Mayenne_Tourisme-1920px1.jpg\" alt=\"\" src=\"data:image\/svg+xml;base64,PHN2ZyB3aWR0aD0iMSIgaGVpZ2h0PSIxIiB4bWxucz0iaHR0cDovL3d3dy53My5vcmcvMjAwMC9zdmciPjwvc3ZnPg==\" class=\"lazyload\" style=\"--smush-placeholder-width: 1920px; --smush-placeholder-aspect-ratio: 1920\/1279;\">\n      <\/figure>\n  <div class=\"groupe__blocs flex\">\n            <div class=\"groupe__card flex__col\">\n          <h3>Visite guid\u00e9e<\/h3>\n          <p>Notre \u00e9quipe de m\u00e9diateurs  propose aux groupes une visite comment\u00e9e d&rsquo;environ 45 min, sur r\u00e9servation uniquement.<br \/>\r\n<br \/>\r\nComptez 1h30 \u00e0 2h de pr\u00e9sence sur le site pour compl\u00e9ter votre d\u00e9couverte. <br \/>\r\n<br \/>\r\nLa maison de l\u2019artiste n\u2019est pas accessible aux groupes. <\/p>\n                  <\/div>\n                <div class=\"groupe__card flex__col\">\n          <h3>Visite adapt\u00e9e<\/h3>\n          <p>L\u2019\u00e9quipe de m\u00e9diation s\u2019attache \u00e0 rendre l\u2019\u0153uvre de Robert Tatin accessible \u00e0 tous en proposant des visites adapt\u00e9es aux diff\u00e9rents types de handicap.<br \/>\r\n<br \/>\r\nAttention, le Jardin des M\u00e9ditations et une partie des salles de peinture ne sont pas accessibles en fauteuil roulant.<br \/>\r\n<br \/>\r\nDur\u00e9e : 30 \u00e0 45 minutes.<br \/>\r\nSur r\u00e9servation uniquement et sous r\u00e9serve de disponibilit\u00e9 d\u2019un m\u00e9diateur.<\/p>\n                      <a class=\"button button__white\" href=\"https:\/\/patrimoine.lamayenne.fr\/robert-tatin\/nous-contacter\/\">Contacter le mus\u00e9e<\/a>\n                  <\/div>\n                <div class=\"groupe__card flex__col\">\n          <h3>Tarifs groupes<\/h3>\n          <p>Tarif groupe adulte : 4 \u20ac (\u00e0 partir de 10 personnes en tarif plein)<br \/>\r\n<br \/>\r\nTarif centres sociaux : 2 \u20ac (gratuit pour les accompagnateurs)<\/p>\n                      <a class=\"button button__white\" href=\"https:\/\/patrimoine.lamayenne.fr\/robert-tatin\/nous-contacter\/?formulaire=groupe\">Contacter le mus\u00e9e<\/a>\n                  <\/div>\n          <\/div>\n<\/section>\n\n<div aria-hidden=\"true\" id=\"scolaires\"><\/div>\n\n<section class=\"groupe groupe__grey flex__col\">\n  <h2>Les scolaires<\/h2>\n  <figure class=\"groupe__image\">\n    <img decoding=\"async\" data-src=\"https:\/\/patrimoine.lamayenne.fr\/robert-tatin\/wp-content\/uploads\/2022\/04\/Musee-Robert-Tatin-vue-jardin-exterieur.jpg\" alt=\"\" src=\"data:image\/svg+xml;base64,PHN2ZyB3aWR0aD0iMSIgaGVpZ2h0PSIxIiB4bWxucz0iaHR0cDovL3d3dy53My5vcmcvMjAwMC9zdmciPjwvc3ZnPg==\" class=\"lazyload\" style=\"--smush-placeholder-width: 1920px; --smush-placeholder-aspect-ratio: 1920\/760;\">\n      <\/figure>\n  <div class=\"groupe__blocs flex\">\n            <div class=\"groupe__card flex__col\">\n          <h3>Nous vous aidons <br\/>\u00e0 pr\u00e9parer votre visite<\/h3>\n          <p>Le service de l&rsquo;action \u00e9ducative r\u00e9alise des visites sur mesure, adapt\u00e9es \u00e0 chaque niveau, de la maternelle \u00e0 l&rsquo;enseignement sup\u00e9rieur. Les rendez-vous p\u00e9dagogiques sont propos\u00e9s aux enseignants pour pr\u00e9parer la visite et une collection de fac-simil\u00e9s est disponible pour le pr\u00eat gratuitement, sur demande.<\/p>\n                      <a class=\"button button__white\" href=\"https:\/\/patrimoine.lamayenne.fr\/robert-tatin\/nous-contacter\/\">Nous contacter<\/a>\n                  <\/div>\n                <div class=\"groupe__card flex__col\">\n          <h3>Nos ateliers<\/h3>\n          <p>La fr\u00e9quentation des \u0153uvres, l\u2019approche culturelle et la pratique se nourrissent mutuellement. <br \/>\r\n<br \/>\r\nLes ateliers d\u2019expression plastique sont l\u2019occasion de s\u2019initier au processus de production des \u0153uvres et d\u2019explorer l\u2019ensemble des possibles dans une situation donn\u00e9e. <br \/>\r\n<br \/>\r\nCes pratiques plastiques donnent lieu \u00e0 une r\u00e9alisation individuelle ou collective, conserv\u00e9e par les \u00e9l\u00e8ves et pouvant \u00eatre prolong\u00e9e en classe. <\/p>\n                      <a class=\"button button__white\" href=\"#popup-action-educative\">D\u00e9couvrir<\/a>\n                  <\/div>\n                <div class=\"groupe__card flex__col\">\n          <h3>Nos tarifs<\/h3>\n          <p>Visite p\u00e9dagogique<br \/>\r\ndu mus\u00e9e (1h30) : 2\u20ac<br \/>\r\n<br \/>\r\nAtelier d\u2019expression<br \/>\r\nplastique (1h30) : 5 \u20ac<br \/>\r\n<br \/>\r\nVisite et atelier<br \/>\r\nen journ\u00e9e (2 x 1h30) : 7\u20ac<br \/>\r\n<br \/>\r\nVisite et atelier<br \/>\r\nen demi-journ\u00e9e (2h) : 5\u20ac<br \/>\r\n<br \/>\r\nEntr\u00e9e gratuite pour les accompagnateurs<\/p>\n                  <\/div>\n          <\/div>\n<\/section>\n\n<div class=\"bloc__popup\" id=\"popup-action-educative\" data-popup=\"calameo\">\n  <div class=\"bloc__popup__bg\"><\/div>\n  <div tabindex=\"0\" role=\"dialog\" aria-labelledby=\"bloc__popup-block_0200a10c7cd984eb883b5839031df751-title\" aria-modal=\"true\">\n    <div tabindex=\"0\" data-tabtrap=\"before\"><\/div>\n    <h2 id=\"bloc__popup-block_0200a10c7cd984eb883b5839031df751-title\">Action \u00e9ducative<\/h2>\n          <div>\n        <h3>Ateliers d&rsquo;expression plastique<\/h3>\n                  <ul>\n                          <li><a class=\"button\" href=\"https:\/\/fr.calameo.com\/read\/002005484136fcee19ce1\" target=\"_blank\">Atelier PS-MS-GS<\/a><\/li>\n                          <li><a class=\"button\" href=\"https:\/\/fr.calameo.com\/read\/002005484989f42c64f73\" target=\"_blank\">Atelier CP-CE-CM<\/a><\/li>\n                          <li><a class=\"button\" href=\"https:\/\/fr.calameo.com\/read\/002005484dc353138f29f\" target=\"_blank\">Atelier Coll\u00e8ge-Lyc\u00e9e<\/a><\/li>\n                      <\/ul>\n              <\/div>\n        <button>\n      <span class=\"screen-reader-text\">Fermer la popup<\/span>\n    <\/button>\n    <div tabindex=\"0\" data-tabtrap=\"after\"><\/div>\n  <\/div>\n  <\/div>\n\n<section class=\"bpict flex \">\n  <\/section>","protected":false},"excerpt":{"rendered":"<p>Horaires Fermetures annuelles Du 1er janvier jusqu&rsquo;au d\u00e9but des vacances d&rsquo;hiver de la zone B et le 25 d\u00e9cembre aux visiteurs individuels. Groupes Ouvert sur r\u00e9servation toute l&rsquo;ann\u00e9e. Tarifs Entr\u00e9e site Tarif plein : 4 \u20acTarif r\u00e9duit* : 2 \u20ac Gratuit pour les moins de 18 ans.Gratuit le premier dimanche du mois. La maison de [&hellip;]<\/p>\n","protected":false},"author":1,"featured_media":0,"parent":0,"menu_order":0,"comment_status":"closed","ping_status":"closed","template":"","meta":{"_acf_changed":false,"footnotes":""},"class_list":["post-229","page","type-page","status-publish","hentry"],"acf":[],"yoast_head":"<!-- This site is optimized with the Yoast SEO plugin v25.8 - https:\/\/yoast.com\/wordpress\/plugins\/seo\/ -->\n<title>Pr\u00e9parer ma visite - Robert Tatin<\/title>\n<meta name=\"description\" content=\"Toutes les informations pour que votre visite se d\u00e9roule dans les meilleures conditions. Horaires, tarifs, groupes, scolaires, ...\" \/>\n<meta name=\"robots\" content=\"index, follow, max-snippet:-1, max-image-preview:large, max-video-preview:-1\" \/>\n<link rel=\"canonical\" href=\"https:\/\/patrimoine.lamayenne.fr\/robert-tatin\/preparer-ma-visite\/\" \/>\n<meta name=\"twitter:card\" content=\"summary_large_image\" \/>\n<meta name=\"twitter:title\" content=\"Pr\u00e9parer ma visite - Robert Tatin\" \/>\n<meta name=\"twitter:description\" content=\"Toutes les informations pour que votre visite se d\u00e9roule dans les meilleures conditions. Horaires, tarifs, groupes, scolaires, ...\" \/>\n<meta name=\"twitter:site\" content=\"@lamayenne\" \/>\n<meta name=\"twitter:label1\" content=\"Dur\u00e9e de lecture estim\u00e9e\" \/>\n\t<meta name=\"twitter:data1\" content=\"2 minutes\" \/>\n<script type=\"application\/ld+json\" class=\"yoast-schema-graph\">{\"@context\":\"https:\/\/schema.org\",\"@graph\":[{\"@type\":\"WebPage\",\"@id\":\"https:\/\/patrimoine.lamayenne.fr\/robert-tatin\/preparer-ma-visite\/\",\"url\":\"https:\/\/patrimoine.lamayenne.fr\/robert-tatin\/preparer-ma-visite\/\",\"name\":\"Pr\u00e9parer ma visite - Robert Tatin\",\"isPartOf\":{\"@id\":\"https:\/\/patrimoine.lamayenne.fr\/robert-tatin\/#website\"},\"datePublished\":\"2022-02-09T14:10:19+00:00\",\"dateModified\":\"2026-03-11T15:31:32+00:00\",\"description\":\"Toutes les informations pour que votre visite se d\u00e9roule dans les meilleures conditions. Horaires, tarifs, groupes, scolaires, ...\",\"breadcrumb\":{\"@id\":\"https:\/\/patrimoine.lamayenne.fr\/robert-tatin\/preparer-ma-visite\/#breadcrumb\"},\"inLanguage\":\"fr-FR\",\"potentialAction\":[{\"@type\":\"ReadAction\",\"target\":[\"https:\/\/patrimoine.lamayenne.fr\/robert-tatin\/preparer-ma-visite\/\"]}]},{\"@type\":\"BreadcrumbList\",\"@id\":\"https:\/\/patrimoine.lamayenne.fr\/robert-tatin\/preparer-ma-visite\/#breadcrumb\",\"itemListElement\":[{\"@type\":\"ListItem\",\"position\":1,\"name\":\"Accueil\",\"item\":\"https:\/\/patrimoine.lamayenne.fr\/robert-tatin\/\"},{\"@type\":\"ListItem\",\"position\":2,\"name\":\"Pr\u00e9parer ma visite\"}]},{\"@type\":\"WebSite\",\"@id\":\"https:\/\/patrimoine.lamayenne.fr\/robert-tatin\/#website\",\"url\":\"https:\/\/patrimoine.lamayenne.fr\/robert-tatin\/\",\"name\":\"Robert Tatin\",\"description\":\"\",\"publisher\":{\"@id\":\"https:\/\/patrimoine.lamayenne.fr\/robert-tatin\/#organization\"},\"potentialAction\":[{\"@type\":\"SearchAction\",\"target\":{\"@type\":\"EntryPoint\",\"urlTemplate\":\"https:\/\/patrimoine.lamayenne.fr\/robert-tatin\/?s={search_term_string}\"},\"query-input\":{\"@type\":\"PropertyValueSpecification\",\"valueRequired\":true,\"valueName\":\"search_term_string\"}}],\"inLanguage\":\"fr-FR\"},{\"@type\":\"Organization\",\"@id\":\"https:\/\/patrimoine.lamayenne.fr\/robert-tatin\/#organization\",\"name\":\"Robert Tatin\",\"url\":\"https:\/\/patrimoine.lamayenne.fr\/robert-tatin\/\",\"logo\":{\"@type\":\"ImageObject\",\"inLanguage\":\"fr-FR\",\"@id\":\"https:\/\/patrimoine.lamayenne.fr\/robert-tatin\/#\/schema\/logo\/image\/\",\"url\":\"https:\/\/patrimoine.lamayenne.fr\/robert-tatin\/wp-content\/uploads\/2022\/04\/Tatin_logo.svg\",\"contentUrl\":\"https:\/\/patrimoine.lamayenne.fr\/robert-tatin\/wp-content\/uploads\/2022\/04\/Tatin_logo.svg\",\"width\":1,\"height\":1,\"caption\":\"Robert Tatin\"},\"image\":{\"@id\":\"https:\/\/patrimoine.lamayenne.fr\/robert-tatin\/#\/schema\/logo\/image\/\"},\"sameAs\":[\"https:\/\/www.facebook.com\/departement.lamayenne\",\"https:\/\/x.com\/lamayenne\",\"https:\/\/www.instagram.com\/la.mayenne\/\",\"https:\/\/www.youtube.com\/user\/LaMayenneTV\"]}]}<\/script>\n<!-- \/ Yoast SEO plugin. -->","yoast_head_json":{"title":"Pr\u00e9parer ma visite - Robert Tatin","description":"Toutes les informations pour que votre visite se d\u00e9roule dans les meilleures conditions. Horaires, tarifs, groupes, scolaires, ...","robots":{"index":"index","follow":"follow","max-snippet":"max-snippet:-1","max-image-preview":"max-image-preview:large","max-video-preview":"max-video-preview:-1"},"canonical":"https:\/\/patrimoine.lamayenne.fr\/robert-tatin\/preparer-ma-visite\/","twitter_card":"summary_large_image","twitter_title":"Pr\u00e9parer ma visite - Robert Tatin","twitter_description":"Toutes les informations pour que votre visite se d\u00e9roule dans les meilleures conditions. Horaires, tarifs, groupes, scolaires, ...","twitter_site":"@lamayenne","twitter_misc":{"Dur\u00e9e de lecture estim\u00e9e":"2 minutes"},"schema":{"@context":"https:\/\/schema.org","@graph":[{"@type":"WebPage","@id":"https:\/\/patrimoine.lamayenne.fr\/robert-tatin\/preparer-ma-visite\/","url":"https:\/\/patrimoine.lamayenne.fr\/robert-tatin\/preparer-ma-visite\/","name":"Pr\u00e9parer ma visite - Robert Tatin","isPartOf":{"@id":"https:\/\/patrimoine.lamayenne.fr\/robert-tatin\/#website"},"datePublished":"2022-02-09T14:10:19+00:00","dateModified":"2026-03-11T15:31:32+00:00","description":"Toutes les informations pour que votre visite se d\u00e9roule dans les meilleures conditions. Horaires, tarifs, groupes, scolaires, ...","breadcrumb":{"@id":"https:\/\/patrimoine.lamayenne.fr\/robert-tatin\/preparer-ma-visite\/#breadcrumb"},"inLanguage":"fr-FR","potentialAction":[{"@type":"ReadAction","target":["https:\/\/patrimoine.lamayenne.fr\/robert-tatin\/preparer-ma-visite\/"]}]},{"@type":"BreadcrumbList","@id":"https:\/\/patrimoine.lamayenne.fr\/robert-tatin\/preparer-ma-visite\/#breadcrumb","itemListElement":[{"@type":"ListItem","position":1,"name":"Accueil","item":"https:\/\/patrimoine.lamayenne.fr\/robert-tatin\/"},{"@type":"ListItem","position":2,"name":"Pr\u00e9parer ma visite"}]},{"@type":"WebSite","@id":"https:\/\/patrimoine.lamayenne.fr\/robert-tatin\/#website","url":"https:\/\/patrimoine.lamayenne.fr\/robert-tatin\/","name":"Robert Tatin","description":"","publisher":{"@id":"https:\/\/patrimoine.lamayenne.fr\/robert-tatin\/#organization"},"potentialAction":[{"@type":"SearchAction","target":{"@type":"EntryPoint","urlTemplate":"https:\/\/patrimoine.lamayenne.fr\/robert-tatin\/?s={search_term_string}"},"query-input":{"@type":"PropertyValueSpecification","valueRequired":true,"valueName":"search_term_string"}}],"inLanguage":"fr-FR"},{"@type":"Organization","@id":"https:\/\/patrimoine.lamayenne.fr\/robert-tatin\/#organization","name":"Robert Tatin","url":"https:\/\/patrimoine.lamayenne.fr\/robert-tatin\/","logo":{"@type":"ImageObject","inLanguage":"fr-FR","@id":"https:\/\/patrimoine.lamayenne.fr\/robert-tatin\/#\/schema\/logo\/image\/","url":"https:\/\/patrimoine.lamayenne.fr\/robert-tatin\/wp-content\/uploads\/2022\/04\/Tatin_logo.svg","contentUrl":"https:\/\/patrimoine.lamayenne.fr\/robert-tatin\/wp-content\/uploads\/2022\/04\/Tatin_logo.svg","width":1,"height":1,"caption":"Robert Tatin"},"image":{"@id":"https:\/\/patrimoine.lamayenne.fr\/robert-tatin\/#\/schema\/logo\/image\/"},"sameAs":["https:\/\/www.facebook.com\/departement.lamayenne","https:\/\/x.com\/lamayenne","https:\/\/www.instagram.com\/la.mayenne\/","https:\/\/www.youtube.com\/user\/LaMayenneTV"]}]}},"lang":"fr","translations":{"fr":229,"en":1700},"pll_sync_post":[],"_links":{"self":[{"href":"https:\/\/patrimoine.lamayenne.fr\/robert-tatin\/wp-json\/wp\/v2\/pages\/229","targetHints":{"allow":["GET"]}}],"collection":[{"href":"https:\/\/patrimoine.lamayenne.fr\/robert-tatin\/wp-json\/wp\/v2\/pages"}],"about":[{"href":"https:\/\/patrimoine.lamayenne.fr\/robert-tatin\/wp-json\/wp\/v2\/types\/page"}],"author":[{"embeddable":true,"href":"https:\/\/patrimoine.lamayenne.fr\/robert-tatin\/wp-json\/wp\/v2\/users\/1"}],"replies":[{"embeddable":true,"href":"https:\/\/patrimoine.lamayenne.fr\/robert-tatin\/wp-json\/wp\/v2\/comments?post=229"}],"version-history":[{"count":255,"href":"https:\/\/patrimoine.lamayenne.fr\/robert-tatin\/wp-json\/wp\/v2\/pages\/229\/revisions"}],"predecessor-version":[{"id":3176,"href":"https:\/\/patrimoine.lamayenne.fr\/robert-tatin\/wp-json\/wp\/v2\/pages\/229\/revisions\/3176"}],"wp:attachment":[{"href":"https:\/\/patrimoine.lamayenne.fr\/robert-tatin\/wp-json\/wp\/v2\/media?parent=229"}],"curies":[{"name":"wp","href":"https:\/\/api.w.org\/{rel}","templated":true}]}}