{"id":345,"date":"2022-02-11T15:24:22","date_gmt":"2022-02-11T14:24:22","guid":{"rendered":"https:\/\/patrimoine.lamayenne.fr\/robert-tatin\/?page_id=345"},"modified":"2026-01-27T11:42:39","modified_gmt":"2026-01-27T10:42:39","slug":"les-expositions","status":"publish","type":"page","link":"https:\/\/patrimoine.lamayenne.fr\/robert-tatin\/les-expositions\/","title":{"rendered":"Les expositions"},"content":{"rendered":"<nav aria-label=\"Fil d'Ariane\" class=\"ariane\">\n  <ol>\n    <li>\n      <a href=\"https:\/\/patrimoine.lamayenne.fr\/robert-tatin\">Robert Tatin<\/a>\n    <\/li>\n    <li>\n      <a href=\"https:\/\/patrimoine.lamayenne.fr\/robert-tatin\/les-expositions\/\" aria-current=\"page\">Les expositions<\/a>\n    <\/li>\n  <\/ol>\n<\/nav>\n\n<header class=\"hero flex\">\n  <h1>Les expositions<\/h1>\n  <figure class=\"hero__image\">\n    <img decoding=\"async\" data-src=\"https:\/\/patrimoine.lamayenne.fr\/robert-tatin\/wp-content\/uploads\/2022\/06\/Musee_Robert_Tatin-Cosse-le-Vivien-CP-Alexandre_Lamoureux_-_Mayenne_Tourisme-1920px4.jpg\" alt=\"\" src=\"data:image\/svg+xml;base64,PHN2ZyB3aWR0aD0iMSIgaGVpZ2h0PSIxIiB4bWxucz0iaHR0cDovL3d3dy53My5vcmcvMjAwMC9zdmciPjwvc3ZnPg==\" class=\"lazyload\" style=\"--smush-placeholder-width: 1920px; --smush-placeholder-aspect-ratio: 1920\/1280;\">\n      <\/figure>\n  <\/header>\n\n\n<h2 class=\"wp-block-heading\" id=\"expositions-passees\">EXPOSITION en cours<\/h2>\n\n\n\n<div class=\"wp-block-group alignwide\"><div class=\"wp-block-group__inner-container is-layout-constrained wp-block-group-is-layout-constrained\">\n<div class=\"wp-block-columns alignwide is-layout-flex wp-container-core-columns-is-layout-9d6595d7 wp-block-columns-is-layout-flex\">\n<div class=\"wp-block-column is-layout-flow wp-block-column-is-layout-flow\"><section class=\"template__evt evt flex\" id=\"evt\">\n    <article class=\"evt__card flex__col\">\n    <div class=\"evt__content flex__col\">\n      <h3 class=\"evt__title\">\n        <a href=\"https:\/\/patrimoine.lamayenne.fr\/robert-tatin\/expositions\/robert-tatin-un-artiste-dans-la-fleur-de-lage-1947-1950\/\">Robert Tatin, naissance d&rsquo;un artiste 1919\/1946<\/a>\n      <\/h3>\n      <div class=\"evt__date\">Du 14 f\u00e9vrier au 07 juin 2026 <\/div>\n    <\/div>\n    <figure class=\"evt__image flex__col lazyload\" style=\"background-image:inherit\" data-bg-image=\"url(&#039;https:\/\/patrimoine.lamayenne.fr\/robert-tatin\/wp-content\/uploads\/2026\/01\/exposition.png.jpg&#039;)\">\n      <img decoding=\"async\" class=\"evt__thumb lazyload\" data-src=\"https:\/\/patrimoine.lamayenne.fr\/robert-tatin\/wp-content\/uploads\/2026\/01\/exposition.png.jpg\" alt=\"\" src=\"data:image\/svg+xml;base64,PHN2ZyB3aWR0aD0iMSIgaGVpZ2h0PSIxIiB4bWxucz0iaHR0cDovL3d3dy53My5vcmcvMjAwMC9zdmciPjwvc3ZnPg==\" style=\"--smush-placeholder-width: 1000px; --smush-placeholder-aspect-ratio: 1000\/820;\" \/>\n    <\/figure>\n  <\/article>\n<\/section><\/div>\n\n\n\n<div class=\"wp-block-column is-layout-flow wp-block-column-is-layout-flow\"><\/div>\n<\/div>\n<\/div><\/div>\n\n\n\n<h2 class=\"wp-block-heading\" id=\"expositions-passees\">EXPOSITIONS PASS\u00c9ES<\/h2>\n\n\n  <section class=\"evt evt__three flex\" id=\"evt\">\n          <article class=\"evt__card flex__col\">\n          <div class=\"evt__content flex__col\">\n                        <h3 class=\"evt__title\">\n              <a href=\"https:\/\/patrimoine.lamayenne.fr\/robert-tatin\/expositions\/robert-tatin-naissance-dun-artiste-1919-1946\/\">Robert Tatin, Naissance d&rsquo;un artiste 1919\/1946<\/a>\n            <\/h3>\n            <p class=\"evt__date\">Du 20 septembre au 31 d\u00e9cembre 2025 <\/p>\n          <\/div>\n          <figure class=\"evt__image flex__col\">\n            <img decoding=\"async\" class=\"evt__thumb lazyload\" data-src=\"https:\/\/patrimoine.lamayenne.fr\/robert-tatin\/wp-content\/uploads\/2025\/09\/1930_Tatin_au_Musee_Ecole_La_Perrine.jpg\" alt=\"\" src=\"data:image\/svg+xml;base64,PHN2ZyB3aWR0aD0iMSIgaGVpZ2h0PSIxIiB4bWxucz0iaHR0cDovL3d3dy53My5vcmcvMjAwMC9zdmciPjwvc3ZnPg==\" style=\"--smush-placeholder-width: 1545px; --smush-placeholder-aspect-ratio: 1545\/1049;\" \/>\n            <div class=\"evt__cat\">\n                          <\/div>\n          <\/figure>\n        <\/article>\n            <article class=\"evt__card flex__col\">\n          <div class=\"evt__content flex__col\">\n                        <h3 class=\"evt__title\">\n              <a href=\"https:\/\/patrimoine.lamayenne.fr\/robert-tatin\/expositions\/tintamarre-cosmique\/\">Tintamarre cosmique !<\/a>\n            <\/h3>\n            <p class=\"evt__date\">Du 14 juin au 24 ao\u00fbt 2025 <\/p>\n          <\/div>\n          <figure class=\"evt__image flex__col\">\n            <img decoding=\"async\" class=\"evt__thumb lazyload\" data-src=\"https:\/\/patrimoine.lamayenne.fr\/robert-tatin\/wp-content\/uploads\/2025\/06\/affiche.png\" alt=\"\" src=\"data:image\/svg+xml;base64,PHN2ZyB3aWR0aD0iMSIgaGVpZ2h0PSIxIiB4bWxucz0iaHR0cDovL3d3dy53My5vcmcvMjAwMC9zdmciPjwvc3ZnPg==\" style=\"--smush-placeholder-width: 643px; --smush-placeholder-aspect-ratio: 643\/913;\" \/>\n            <div class=\"evt__cat\">\n                          <\/div>\n          <\/figure>\n        <\/article>\n            <article class=\"evt__card flex__col\">\n          <div class=\"evt__content flex__col\">\n                        <h3 class=\"evt__title\">\n              <a href=\"https:\/\/patrimoine.lamayenne.fr\/robert-tatin\/expositions\/invitation1-thomas-teurlai-2\/\">Invitation#1 &#8211; Thomas Teurlai<\/a>\n            <\/h3>\n            <p class=\"evt__date\">Du 15 juin au 31 d\u00e9cembre 2024 <\/p>\n          <\/div>\n          <figure class=\"evt__image flex__col\">\n            <img decoding=\"async\" class=\"evt__thumb lazyload\" data-src=\"https:\/\/patrimoine.lamayenne.fr\/robert-tatin\/wp-content\/uploads\/2024\/05\/machine-Thomas-Teurlai-scaled.jpg\" alt=\"\" src=\"data:image\/svg+xml;base64,PHN2ZyB3aWR0aD0iMSIgaGVpZ2h0PSIxIiB4bWxucz0iaHR0cDovL3d3dy53My5vcmcvMjAwMC9zdmciPjwvc3ZnPg==\" style=\"--smush-placeholder-width: 1640px; --smush-placeholder-aspect-ratio: 1640\/1094;\" \/>\n            <div class=\"evt__cat\">\n                          <\/div>\n          <\/figure>\n        <\/article>\n    <\/section>\n  <ul class=\"links flex\">\n    \t\t  <li>\n\t\t\t  <a href=\"https:\/\/patrimoine.lamayenne.fr\/robert-tatin\/expositions\/\" target=\"\" class=\"link\">Voir toutes les expositions<\/a>\n\t\t  <\/li>\n\t\t    <\/ul>\n  ","protected":false},"excerpt":{"rendered":"<p>EXPOSITION en cours EXPOSITIONS PASS\u00c9ES<\/p>\n","protected":false},"author":1,"featured_media":0,"parent":0,"menu_order":0,"comment_status":"closed","ping_status":"closed","template":"","meta":{"_acf_changed":false,"footnotes":""},"class_list":["post-345","page","type-page","status-publish","hentry"],"acf":[],"yoast_head":"<!-- This site is optimized with the Yoast SEO plugin v25.8 - https:\/\/yoast.com\/wordpress\/plugins\/seo\/ -->\n<title>Les expositions - Robert Tatin<\/title>\n<meta name=\"description\" content=\"Le mus\u00e9e de Robert Tatin propose \u00e0 ses visiteurs l&#039;exposition du moment. Retrouvez toutes les informations des expositions au mus\u00e9e.\" \/>\n<meta name=\"robots\" content=\"index, follow, max-snippet:-1, max-image-preview:large, max-video-preview:-1\" \/>\n<link rel=\"canonical\" href=\"https:\/\/patrimoine.lamayenne.fr\/robert-tatin\/les-expositions\/\" \/>\n<meta name=\"twitter:card\" content=\"summary_large_image\" \/>\n<meta name=\"twitter:title\" content=\"Les expositions - Robert Tatin\" \/>\n<meta name=\"twitter:description\" content=\"Le mus\u00e9e de Robert Tatin propose \u00e0 ses visiteurs l&#039;exposition du moment. Retrouvez toutes les informations des expositions au mus\u00e9e.\" \/>\n<meta name=\"twitter:site\" content=\"@lamayenne\" \/>\n<meta name=\"twitter:label1\" content=\"Dur\u00e9e de lecture estim\u00e9e\" \/>\n\t<meta name=\"twitter:data1\" content=\"1 minute\" \/>\n<script type=\"application\/ld+json\" class=\"yoast-schema-graph\">{\"@context\":\"https:\/\/schema.org\",\"@graph\":[{\"@type\":\"WebPage\",\"@id\":\"https:\/\/patrimoine.lamayenne.fr\/robert-tatin\/les-expositions\/\",\"url\":\"https:\/\/patrimoine.lamayenne.fr\/robert-tatin\/les-expositions\/\",\"name\":\"Les expositions - Robert Tatin\",\"isPartOf\":{\"@id\":\"https:\/\/patrimoine.lamayenne.fr\/robert-tatin\/#website\"},\"datePublished\":\"2022-02-11T14:24:22+00:00\",\"dateModified\":\"2026-01-27T10:42:39+00:00\",\"description\":\"Le mus\u00e9e de Robert Tatin propose \u00e0 ses visiteurs l'exposition du moment. Retrouvez toutes les informations des expositions au mus\u00e9e.\",\"breadcrumb\":{\"@id\":\"https:\/\/patrimoine.lamayenne.fr\/robert-tatin\/les-expositions\/#breadcrumb\"},\"inLanguage\":\"fr-FR\",\"potentialAction\":[{\"@type\":\"ReadAction\",\"target\":[\"https:\/\/patrimoine.lamayenne.fr\/robert-tatin\/les-expositions\/\"]}]},{\"@type\":\"BreadcrumbList\",\"@id\":\"https:\/\/patrimoine.lamayenne.fr\/robert-tatin\/les-expositions\/#breadcrumb\",\"itemListElement\":[{\"@type\":\"ListItem\",\"position\":1,\"name\":\"Accueil\",\"item\":\"https:\/\/patrimoine.lamayenne.fr\/robert-tatin\/\"},{\"@type\":\"ListItem\",\"position\":2,\"name\":\"Les expositions\"}]},{\"@type\":\"WebSite\",\"@id\":\"https:\/\/patrimoine.lamayenne.fr\/robert-tatin\/#website\",\"url\":\"https:\/\/patrimoine.lamayenne.fr\/robert-tatin\/\",\"name\":\"Robert Tatin\",\"description\":\"\",\"publisher\":{\"@id\":\"https:\/\/patrimoine.lamayenne.fr\/robert-tatin\/#organization\"},\"potentialAction\":[{\"@type\":\"SearchAction\",\"target\":{\"@type\":\"EntryPoint\",\"urlTemplate\":\"https:\/\/patrimoine.lamayenne.fr\/robert-tatin\/?s={search_term_string}\"},\"query-input\":{\"@type\":\"PropertyValueSpecification\",\"valueRequired\":true,\"valueName\":\"search_term_string\"}}],\"inLanguage\":\"fr-FR\"},{\"@type\":\"Organization\",\"@id\":\"https:\/\/patrimoine.lamayenne.fr\/robert-tatin\/#organization\",\"name\":\"Robert Tatin\",\"url\":\"https:\/\/patrimoine.lamayenne.fr\/robert-tatin\/\",\"logo\":{\"@type\":\"ImageObject\",\"inLanguage\":\"fr-FR\",\"@id\":\"https:\/\/patrimoine.lamayenne.fr\/robert-tatin\/#\/schema\/logo\/image\/\",\"url\":\"https:\/\/patrimoine.lamayenne.fr\/robert-tatin\/wp-content\/uploads\/2022\/04\/Tatin_logo.svg\",\"contentUrl\":\"https:\/\/patrimoine.lamayenne.fr\/robert-tatin\/wp-content\/uploads\/2022\/04\/Tatin_logo.svg\",\"width\":1,\"height\":1,\"caption\":\"Robert Tatin\"},\"image\":{\"@id\":\"https:\/\/patrimoine.lamayenne.fr\/robert-tatin\/#\/schema\/logo\/image\/\"},\"sameAs\":[\"https:\/\/www.facebook.com\/departement.lamayenne\",\"https:\/\/x.com\/lamayenne\",\"https:\/\/www.instagram.com\/la.mayenne\/\",\"https:\/\/www.youtube.com\/user\/LaMayenneTV\"]}]}<\/script>\n<!-- \/ Yoast SEO plugin. -->","yoast_head_json":{"title":"Les expositions - Robert Tatin","description":"Le mus\u00e9e de Robert Tatin propose \u00e0 ses visiteurs l'exposition du moment. Retrouvez toutes les informations des expositions au mus\u00e9e.","robots":{"index":"index","follow":"follow","max-snippet":"max-snippet:-1","max-image-preview":"max-image-preview:large","max-video-preview":"max-video-preview:-1"},"canonical":"https:\/\/patrimoine.lamayenne.fr\/robert-tatin\/les-expositions\/","twitter_card":"summary_large_image","twitter_title":"Les expositions - Robert Tatin","twitter_description":"Le mus\u00e9e de Robert Tatin propose \u00e0 ses visiteurs l'exposition du moment. Retrouvez toutes les informations des expositions au mus\u00e9e.","twitter_site":"@lamayenne","twitter_misc":{"Dur\u00e9e de lecture estim\u00e9e":"1 minute"},"schema":{"@context":"https:\/\/schema.org","@graph":[{"@type":"WebPage","@id":"https:\/\/patrimoine.lamayenne.fr\/robert-tatin\/les-expositions\/","url":"https:\/\/patrimoine.lamayenne.fr\/robert-tatin\/les-expositions\/","name":"Les expositions - Robert Tatin","isPartOf":{"@id":"https:\/\/patrimoine.lamayenne.fr\/robert-tatin\/#website"},"datePublished":"2022-02-11T14:24:22+00:00","dateModified":"2026-01-27T10:42:39+00:00","description":"Le mus\u00e9e de Robert Tatin propose \u00e0 ses visiteurs l'exposition du moment. Retrouvez toutes les informations des expositions au mus\u00e9e.","breadcrumb":{"@id":"https:\/\/patrimoine.lamayenne.fr\/robert-tatin\/les-expositions\/#breadcrumb"},"inLanguage":"fr-FR","potentialAction":[{"@type":"ReadAction","target":["https:\/\/patrimoine.lamayenne.fr\/robert-tatin\/les-expositions\/"]}]},{"@type":"BreadcrumbList","@id":"https:\/\/patrimoine.lamayenne.fr\/robert-tatin\/les-expositions\/#breadcrumb","itemListElement":[{"@type":"ListItem","position":1,"name":"Accueil","item":"https:\/\/patrimoine.lamayenne.fr\/robert-tatin\/"},{"@type":"ListItem","position":2,"name":"Les expositions"}]},{"@type":"WebSite","@id":"https:\/\/patrimoine.lamayenne.fr\/robert-tatin\/#website","url":"https:\/\/patrimoine.lamayenne.fr\/robert-tatin\/","name":"Robert Tatin","description":"","publisher":{"@id":"https:\/\/patrimoine.lamayenne.fr\/robert-tatin\/#organization"},"potentialAction":[{"@type":"SearchAction","target":{"@type":"EntryPoint","urlTemplate":"https:\/\/patrimoine.lamayenne.fr\/robert-tatin\/?s={search_term_string}"},"query-input":{"@type":"PropertyValueSpecification","valueRequired":true,"valueName":"search_term_string"}}],"inLanguage":"fr-FR"},{"@type":"Organization","@id":"https:\/\/patrimoine.lamayenne.fr\/robert-tatin\/#organization","name":"Robert Tatin","url":"https:\/\/patrimoine.lamayenne.fr\/robert-tatin\/","logo":{"@type":"ImageObject","inLanguage":"fr-FR","@id":"https:\/\/patrimoine.lamayenne.fr\/robert-tatin\/#\/schema\/logo\/image\/","url":"https:\/\/patrimoine.lamayenne.fr\/robert-tatin\/wp-content\/uploads\/2022\/04\/Tatin_logo.svg","contentUrl":"https:\/\/patrimoine.lamayenne.fr\/robert-tatin\/wp-content\/uploads\/2022\/04\/Tatin_logo.svg","width":1,"height":1,"caption":"Robert Tatin"},"image":{"@id":"https:\/\/patrimoine.lamayenne.fr\/robert-tatin\/#\/schema\/logo\/image\/"},"sameAs":["https:\/\/www.facebook.com\/departement.lamayenne","https:\/\/x.com\/lamayenne","https:\/\/www.instagram.com\/la.mayenne\/","https:\/\/www.youtube.com\/user\/LaMayenneTV"]}]}},"lang":"fr","translations":{"fr":345,"en":1681},"pll_sync_post":[],"_links":{"self":[{"href":"https:\/\/patrimoine.lamayenne.fr\/robert-tatin\/wp-json\/wp\/v2\/pages\/345","targetHints":{"allow":["GET"]}}],"collection":[{"href":"https:\/\/patrimoine.lamayenne.fr\/robert-tatin\/wp-json\/wp\/v2\/pages"}],"about":[{"href":"https:\/\/patrimoine.lamayenne.fr\/robert-tatin\/wp-json\/wp\/v2\/types\/page"}],"author":[{"embeddable":true,"href":"https:\/\/patrimoine.lamayenne.fr\/robert-tatin\/wp-json\/wp\/v2\/users\/1"}],"replies":[{"embeddable":true,"href":"https:\/\/patrimoine.lamayenne.fr\/robert-tatin\/wp-json\/wp\/v2\/comments?post=345"}],"version-history":[{"count":65,"href":"https:\/\/patrimoine.lamayenne.fr\/robert-tatin\/wp-json\/wp\/v2\/pages\/345\/revisions"}],"predecessor-version":[{"id":3054,"href":"https:\/\/patrimoine.lamayenne.fr\/robert-tatin\/wp-json\/wp\/v2\/pages\/345\/revisions\/3054"}],"wp:attachment":[{"href":"https:\/\/patrimoine.lamayenne.fr\/robert-tatin\/wp-json\/wp\/v2\/media?parent=345"}],"curies":[{"name":"wp","href":"https:\/\/api.w.org\/{rel}","templated":true}]}}