{"id":162,"date":"2022-02-08T15:49:41","date_gmt":"2022-02-08T14:49:41","guid":{"rendered":"https:\/\/patrimoine.lamayenne.fr\/sainte-suzanne\/?page_id=162"},"modified":"2022-07-01T13:59:28","modified_gmt":"2022-07-01T11:59:28","slug":"decouvrez-sainte-suzanne","status":"publish","type":"page","link":"https:\/\/patrimoine.lamayenne.fr\/sainte-suzanne\/decouvrez-sainte-suzanne\/","title":{"rendered":"D\u00e9couvrez Sainte-Suzanne"},"content":{"rendered":"<nav aria-label=\"Fil d'Ariane\" class=\"ariane\">\n  <ol>\n    <li>\n      <a href=\"https:\/\/patrimoine.lamayenne.fr\/sainte-suzanne\">Sainte-Suzanne<\/a>\n    <\/li>\n    <li>\n      <a href=\"https:\/\/patrimoine.lamayenne.fr\/sainte-suzanne\/decouvrez-sainte-suzanne\/\" aria-current=\"page\">D\u00e9couvrez Sainte-Suzanne<\/a>\n    <\/li>\n  <\/ol>\n<\/nav>\n\n<header class=\"hero flex\">\n  <h1>D\u00e9couvrez <br\/>Sainte-Suzanne<\/h1>\n  <figure class=\"hero__image\">\n    <img decoding=\"async\" data-src=\"https:\/\/patrimoine.lamayenne.fr\/sainte-suzanne\/wp-content\/uploads\/2022\/06\/Sainte-Suzanne-Pays_des_Coevrons_Sainte-Suzanne_-_Chammes-CP-Philippe_CAHAREL_-_Mayenne_Tourisme.jpeg\" alt=\"\" src=\"data:image\/svg+xml;base64,PHN2ZyB3aWR0aD0iMSIgaGVpZ2h0PSIxIiB4bWxucz0iaHR0cDovL3d3dy53My5vcmcvMjAwMC9zdmciPjwvc3ZnPg==\" class=\"lazyload\" style=\"--smush-placeholder-width: 2500px; --smush-placeholder-aspect-ratio: 2500\/1667;\">\n      <\/figure>\n  <\/header>\n\n\n<h2 class=\"wp-block-heading\" id=\"le-chateau-dans-la-cite-medievale\">Le ch\u00e2teau <br>dans la cit\u00e9 m\u00e9di\u00e9vale<\/h2>\n\n\n\n<p><strong>Construit sur un \u00e9peron rocheux dominant la vall\u00e9e de l\u2019Erve, le ch\u00e2teau de Sainte-Suzanne a vu passer des guerres. En 1087, la forteresse repousse Guillaume le Conqu\u00e9rant.<\/strong><\/p>\n\n\n\n<p>En 1613, Guillaume Fouquet de la Varenne, ministre d\u2019Henri IV, laisse inachev\u00e9 son projet de demeure sur les ruines de la forteresse. Du donjon du 11e si\u00e8cle au logis du 17e si\u00e8cle, le ch\u00e2teau de Sainte-Suzanne vous racontera ses histoires de batailles et d\u2019architecture.<\/p>\n\n\n<section class=\"display1 flex\">\n  <div class=\"display1__content flex__col\">\n    <h3>L\u2019un des plus beaux villages de France<\/h3>\n    <p><p>Sainte-Suzanne offre un patrimoine unique. Class\u00e9e parmi les Plus Beaux Villages de France, Petite cit\u00e9 de caract\u00e8re, station verte de vacances, troisi\u00e8me village pr\u00e9f\u00e9r\u00e9 des Fran\u00e7ais\u2026 <\/p>\n<p>Sainte-Suzanne, au c\u0153ur du Pays d\u2019Art et d\u2019Histoire, est un tr\u00e9sor \u00e0 d\u00e9couvrir.<\/p>\n<\/p>\n    <img decoding=\"async\" aria-hidden=\"true\" draggable=\"false\" data-src=\"https:\/\/patrimoine.lamayenne.fr\/sainte-suzanne\/wp-content\/uploads\/2022\/02\/logo_sainte-suzanne_signe_blanc.png\" alt=\"\" src=\"data:image\/svg+xml;base64,PHN2ZyB3aWR0aD0iMSIgaGVpZ2h0PSIxIiB4bWxucz0iaHR0cDovL3d3dy53My5vcmcvMjAwMC9zdmciPjwvc3ZnPg==\" class=\"lazyload\" style=\"--smush-placeholder-width: 248px; --smush-placeholder-aspect-ratio: 248\/342;\">\n  <\/div>\n  <figure class=\"display1__image\">\n    <img decoding=\"async\" data-src=\"https:\/\/patrimoine.lamayenne.fr\/sainte-suzanne\/wp-content\/uploads\/2022\/02\/DSF6263.jpg\" alt=\"\" src=\"data:image\/svg+xml;base64,PHN2ZyB3aWR0aD0iMSIgaGVpZ2h0PSIxIiB4bWxucz0iaHR0cDovL3d3dy53My5vcmcvMjAwMC9zdmciPjwvc3ZnPg==\" class=\"lazyload\" style=\"--smush-placeholder-width: 711px; --smush-placeholder-aspect-ratio: 711\/511;\">\n      <\/figure>\n<\/section>\n\n<section class=\"display1 flex\">\n  <div class=\"display1__content flex__col\">\n    <h3>Mille vies au ch\u00e2teau<\/h3>\n    <p><p>En solo, en duo, en famille, en groupes, avec les enfants\u2026 Sainte-Suzanne vous accueille avec un riche programme, pour tous les go\u00fbts. <\/p>\n<p>Parcours d\u2019interpr\u00e9tation pour comprendre le ch\u00e2teau mais aussi enqu\u00eates et jeux, escape-game, animations et initiations au land-art ou \u00e0 la taille de pierre, soir\u00e9es festives. Mais encore ? Expositions et conf\u00e9rences, balades th\u00e9\u00e2trales. Sainte-Suzanne accueille les groupes scolaires et centres de loisirs, et propose des activit\u00e9s adapt\u00e9es au handicap. Fl\u00e2nerie, curiosit\u00e9, sensations, d\u00e9couvertes\u2026 En visite guid\u00e9e comment\u00e9e ou en autonomie, sentez-vous libre \u00e0 Sainte-Suzanne. <\/p>\n<\/p>\n    <img decoding=\"async\" aria-hidden=\"true\" draggable=\"false\" data-src=\"https:\/\/patrimoine.lamayenne.fr\/sainte-suzanne\/wp-content\/uploads\/2022\/02\/logo_sainte-suzanne_signe_blanc.png\" alt=\"\" src=\"data:image\/svg+xml;base64,PHN2ZyB3aWR0aD0iMSIgaGVpZ2h0PSIxIiB4bWxucz0iaHR0cDovL3d3dy53My5vcmcvMjAwMC9zdmciPjwvc3ZnPg==\" class=\"lazyload\" style=\"--smush-placeholder-width: 248px; --smush-placeholder-aspect-ratio: 248\/342;\">\n  <\/div>\n  <figure class=\"display1__image\">\n    <img decoding=\"async\" data-src=\"https:\/\/patrimoine.lamayenne.fr\/sainte-suzanne\/wp-content\/uploads\/2022\/02\/P1030405.jpg\" alt=\"\" src=\"data:image\/svg+xml;base64,PHN2ZyB3aWR0aD0iMSIgaGVpZ2h0PSIxIiB4bWxucz0iaHR0cDovL3d3dy53My5vcmcvMjAwMC9zdmciPjwvc3ZnPg==\" class=\"lazyload\" style=\"--smush-placeholder-width: 726px; --smush-placeholder-aspect-ratio: 726\/511;\">\n      <\/figure>\n<\/section>\n\n<section class=\"display1 flex\">\n  <div class=\"display1__content flex__col\">\n    <h3>Au-del\u00e0 des pierres<\/h3>\n    <p><p>Parce que le panorama est hors du commun, n\u2019h\u00e9sitez pas \u00e0 sortir des sentiers battus. <\/p>\n<p>L\u2019histoire est tout autour de vous. Rallyes d\u00e9couvertes, balades \u00e0 la rencontre des plantes et randonn\u00e9es bucoliques, arpentez Sainte-Suzanne pour mieux la saisir.<\/p>\n<\/p>\n    <img decoding=\"async\" aria-hidden=\"true\" draggable=\"false\" data-src=\"https:\/\/patrimoine.lamayenne.fr\/sainte-suzanne\/wp-content\/uploads\/2022\/02\/logo_sainte-suzanne_signe_blanc.png\" alt=\"\" src=\"data:image\/svg+xml;base64,PHN2ZyB3aWR0aD0iMSIgaGVpZ2h0PSIxIiB4bWxucz0iaHR0cDovL3d3dy53My5vcmcvMjAwMC9zdmciPjwvc3ZnPg==\" class=\"lazyload\" style=\"--smush-placeholder-width: 248px; --smush-placeholder-aspect-ratio: 248\/342;\">\n  <\/div>\n  <figure class=\"display1__image\">\n    <img decoding=\"async\" data-src=\"https:\/\/patrimoine.lamayenne.fr\/sainte-suzanne\/wp-content\/uploads\/2022\/02\/30257-1920px.jpg\" alt=\"\" src=\"data:image\/svg+xml;base64,PHN2ZyB3aWR0aD0iMSIgaGVpZ2h0PSIxIiB4bWxucz0iaHR0cDovL3d3dy53My5vcmcvMjAwMC9zdmciPjwvc3ZnPg==\" class=\"lazyload\" style=\"--smush-placeholder-width: 725px; --smush-placeholder-aspect-ratio: 725\/510;\">\n      <\/figure>\n<\/section>\n\n\n<h2 class=\"wp-block-heading\" id=\"au-coeur-du-logis-le-ciap\">AU COEUR DU LOGIS, LE CIAP<\/h2>\n\n\n\n<p><strong><mark style=\"background-color:rgba(0, 0, 0, 0)\" class=\"has-inline-color has-rouge-color\">D\u00c9COUVRIR LA MAYENNE AUTREMENT<\/mark><\/strong><\/p>\n\n\n\n<p>Fen\u00eatre ouverte sur les multiples facettes du Pays d\u2019art et d\u2019histoire (Pah) Co\u00ebvrons-Mayenne et au-del\u00e0, du d\u00e9partement de la Mayenne, le Centre d\u2019interpr\u00e9tation de l\u2019architecture et du patrimoine (Ciap) n\u2019est pas seulement un espace d\u2019exposition permanente.<\/p>\n\n\n\n<p>Des expositions temporaires sont r\u00e9guli\u00e8rement mises en place afin de mettre en valeur certains aspects du territoire. Enfin, lieu de rencontres et de d\u00e9bats, la programmation d\u2019animations \u00e0 destination des scolaires (ateliers p\u00e9dagogiques) et des visiteurs souhaite faire vivre ce nouvel \u00e9quipement culturel.<\/p>\n\n\n<section class=\"onglets flex\" id=\"test\">\n        <figure class=\"onglets__card flex__col\">\n        <img decoding=\"async\" data-src=\"https:\/\/patrimoine.lamayenne.fr\/sainte-suzanne\/wp-content\/uploads\/2022\/02\/Photos-Ciap-16.12.09-027.jpg\" alt=\"\" src=\"data:image\/svg+xml;base64,PHN2ZyB3aWR0aD0iMSIgaGVpZ2h0PSIxIiB4bWxucz0iaHR0cDovL3d3dy53My5vcmcvMjAwMC9zdmciPjwvc3ZnPg==\" class=\"lazyload\" style=\"--smush-placeholder-width: 468px; --smush-placeholder-aspect-ratio: 468\/306;\">\n        <figcaption>\n          <h3 class=\"onglets__title\">300 000 ans d\u2019histoire<\/h3>\n          <p hidden id=\"onglets-text-block_6202c3ea7006d_1\" class=\"onglets__text\">\u00c0 travers son exposition permanente et ses expositions temporaires annuelles, le centre d\u2019interpr\u00e9tation du patrimoine vous fait d\u00e9couvrir un territoire au riche patrimoine, t\u00e9moin de l\u2019occupation des hommes depuis la pr\u00e9histoire. Architecture, arch\u00e9ologie, paysages, savoir-faire qui caract\u00e9risent la Mayenne et particuli\u00e8rement le Pays d\u2019art et d\u2019histoire Co\u00ebvrons-Mayenne vous sont r\u00e9v\u00e9l\u00e9s de fa\u00e7on ludique et anim\u00e9e.<\/p>\n          <button aria-controls=\"onglets-text-block_6202c3ea7006d_1\" aria-expanded=\"false\" type=\"button\" class=\"onglets__toggle\">\n            <img decoding=\"async\" aria-hidden=\"true\" draggable=\"false\" data-src=\"https:\/\/patrimoine.lamayenne.fr\/sainte-suzanne\/wp-content\/themes\/musees\/images\/arrow__rouge.svg\" alt=\"\" src=\"data:image\/svg+xml;base64,PHN2ZyB3aWR0aD0iMSIgaGVpZ2h0PSIxIiB4bWxucz0iaHR0cDovL3d3dy53My5vcmcvMjAwMC9zdmciPjwvc3ZnPg==\" class=\"lazyload\">\n            <span class=\"screen-reader-text\">Afficher les explications<\/span>\n          <\/button>\n        <\/figcaption>\n      <\/figure>\n        <figure class=\"onglets__card flex__col\">\n        <img decoding=\"async\" data-src=\"https:\/\/patrimoine.lamayenne.fr\/sainte-suzanne\/wp-content\/uploads\/2022\/01\/IMG_2839.jpg\" alt=\"\" src=\"data:image\/svg+xml;base64,PHN2ZyB3aWR0aD0iMSIgaGVpZ2h0PSIxIiB4bWxucz0iaHR0cDovL3d3dy53My5vcmcvMjAwMC9zdmciPjwvc3ZnPg==\" class=\"lazyload\" style=\"--smush-placeholder-width: 468px; --smush-placeholder-aspect-ratio: 468\/306;\">\n        <figcaption>\n          <h3 class=\"onglets__title\">L\u2019histoire au naturel<\/h3>\n          <p hidden id=\"onglets-text-block_6202c3ea7006d_2\" class=\"onglets__text\">Parmi les 223 vert\u00e9br\u00e9s identifi\u00e9s et dessin\u00e9s, serez-vous capable de reconna\u00eetre les 24 esp\u00e8ces de poissons ou les 34 esp\u00e8ces d\u2019oiseaux migrateurs ? Rassurez-vous, des pupitres \u00e9quip\u00e9s de jeux interactifs permettent \u00e0 l\u2019ensemble de la famille d\u2019apprendre en s\u2019amusant. \r\n\r\nSaurez-vous deviner la pr\u00e9sence des animaux en d\u00e9chiffrant leurs traces laiss\u00e9es dans la boue ? \r\n\u00c0 vous de jouer !<\/p>\n          <button aria-controls=\"onglets-text-block_6202c3ea7006d_2\" aria-expanded=\"false\" type=\"button\" class=\"onglets__toggle\">\n            <img decoding=\"async\" aria-hidden=\"true\" draggable=\"false\" data-src=\"https:\/\/patrimoine.lamayenne.fr\/sainte-suzanne\/wp-content\/themes\/musees\/images\/arrow__rouge.svg\" alt=\"\" src=\"data:image\/svg+xml;base64,PHN2ZyB3aWR0aD0iMSIgaGVpZ2h0PSIxIiB4bWxucz0iaHR0cDovL3d3dy53My5vcmcvMjAwMC9zdmciPjwvc3ZnPg==\" class=\"lazyload\">\n            <span class=\"screen-reader-text\">Afficher les explications<\/span>\n          <\/button>\n        <\/figcaption>\n      <\/figure>\n        <figure class=\"onglets__card flex__col\">\n        <img decoding=\"async\" data-src=\"https:\/\/patrimoine.lamayenne.fr\/sainte-suzanne\/wp-content\/uploads\/2022\/02\/IMG_2833.jpg\" alt=\"\" src=\"data:image\/svg+xml;base64,PHN2ZyB3aWR0aD0iMSIgaGVpZ2h0PSIxIiB4bWxucz0iaHR0cDovL3d3dy53My5vcmcvMjAwMC9zdmciPjwvc3ZnPg==\" class=\"lazyload\" style=\"--smush-placeholder-width: 468px; --smush-placeholder-aspect-ratio: 468\/306;\">\n        <figcaption>\n          <h3 class=\"onglets__title\"> Un patrimoine pour tous<\/h3>\n          <p hidden id=\"onglets-text-block_6202c3ea7006d_3\" class=\"onglets__text\">Soucieux de s\u2019adresser \u00e0 tous ses publics, le ch\u00e2teau et son centre d\u2019interpr\u00e9tation de l\u2019architecture et du patrimoine proposent toute l\u2019ann\u00e9e des animations et actions de d\u00e9couverte con\u00e7ues pour adultes, familles, enfants, visiteurs porteurs d\u2019un handicap. De visites-d\u00e9couvertes en ateliers pratiques, de concerts en expositions, venez d\u00e9couvrir le ch\u00e2teau dans toutes ses facettes.<\/p>\n          <button aria-controls=\"onglets-text-block_6202c3ea7006d_3\" aria-expanded=\"false\" type=\"button\" class=\"onglets__toggle\">\n            <img decoding=\"async\" aria-hidden=\"true\" draggable=\"false\" data-src=\"https:\/\/patrimoine.lamayenne.fr\/sainte-suzanne\/wp-content\/themes\/musees\/images\/arrow__rouge.svg\" alt=\"\" src=\"data:image\/svg+xml;base64,PHN2ZyB3aWR0aD0iMSIgaGVpZ2h0PSIxIiB4bWxucz0iaHR0cDovL3d3dy53My5vcmcvMjAwMC9zdmciPjwvc3ZnPg==\" class=\"lazyload\">\n            <span class=\"screen-reader-text\">Afficher les explications<\/span>\n          <\/button>\n        <\/figcaption>\n      <\/figure>\n  <\/section>\n\n<ul class=\"links flex\">\n  \t  <li>\n\t\t<a href=\"https:\/\/patrimoine.lamayenne.fr\/sainte-suzanne\/wp-content\/uploads\/2022\/07\/F_Ste_Suzanne_CIAP-1.pdf\" target=\"\" class=\"link\">VISIONNER LE LIVRET FOCUS CIAP<\/a>\n\t  <\/li>\n\t  <\/ul>\n\n\n\n<p id=\"au-coeur-des-coevrons-mayenne\"><\/p>\n","protected":false},"excerpt":{"rendered":"<p>Le ch\u00e2teau dans la cit\u00e9 m\u00e9di\u00e9vale Construit sur un \u00e9peron rocheux dominant la vall\u00e9e de l\u2019Erve, le ch\u00e2teau de Sainte-Suzanne a vu passer des guerres. En 1087, la forteresse repousse Guillaume le Conqu\u00e9rant. En 1613, Guillaume Fouquet de la Varenne, ministre d\u2019Henri IV, laisse inachev\u00e9 son projet de demeure sur les ruines de la forteresse. [&hellip;]<\/p>\n","protected":false},"author":1,"featured_media":0,"parent":0,"menu_order":0,"comment_status":"closed","ping_status":"closed","template":"","meta":{"_acf_changed":false,"footnotes":""},"class_list":["post-162","page","type-page","status-publish","hentry"],"acf":[],"yoast_head":"<!-- This site is optimized with the Yoast SEO plugin v25.8 - https:\/\/yoast.com\/wordpress\/plugins\/seo\/ -->\n<title>D\u00e9couvrir - Sainte-Suzanne<\/title>\n<meta name=\"description\" content=\"D\u00e9couvrir le mus\u00e9e de Sainte-Suzanne, le ch\u00e2teau dans la cit\u00e9 m\u00e9di\u00e9viale. Une fen\u00eatre ouverte sur le Pays d&#039;art et d&#039;histoire.\" \/>\n<meta name=\"robots\" content=\"index, follow, max-snippet:-1, max-image-preview:large, max-video-preview:-1\" \/>\n<link rel=\"canonical\" href=\"https:\/\/patrimoine.lamayenne.fr\/sainte-suzanne\/decouvrez-sainte-suzanne\/\" \/>\n<meta name=\"twitter:card\" content=\"summary_large_image\" \/>\n<meta name=\"twitter:title\" content=\"D\u00e9couvrir - Sainte-Suzanne\" \/>\n<meta name=\"twitter:description\" content=\"D\u00e9couvrir le mus\u00e9e de Sainte-Suzanne, le ch\u00e2teau dans la cit\u00e9 m\u00e9di\u00e9viale. Une fen\u00eatre ouverte sur le Pays d&#039;art et d&#039;histoire.\" \/>\n<meta name=\"twitter:site\" content=\"@lamayenne\" \/>\n<meta name=\"twitter:label1\" content=\"Dur\u00e9e de lecture estim\u00e9e\" \/>\n\t<meta name=\"twitter:data1\" content=\"1 minute\" \/>\n<script type=\"application\/ld+json\" class=\"yoast-schema-graph\">{\"@context\":\"https:\/\/schema.org\",\"@graph\":[{\"@type\":\"WebPage\",\"@id\":\"https:\/\/patrimoine.lamayenne.fr\/sainte-suzanne\/decouvrez-sainte-suzanne\/\",\"url\":\"https:\/\/patrimoine.lamayenne.fr\/sainte-suzanne\/decouvrez-sainte-suzanne\/\",\"name\":\"D\u00e9couvrir - Sainte-Suzanne\",\"isPartOf\":{\"@id\":\"https:\/\/patrimoine.lamayenne.fr\/sainte-suzanne\/#website\"},\"datePublished\":\"2022-02-08T14:49:41+00:00\",\"dateModified\":\"2022-07-01T11:59:28+00:00\",\"description\":\"D\u00e9couvrir le mus\u00e9e de Sainte-Suzanne, le ch\u00e2teau dans la cit\u00e9 m\u00e9di\u00e9viale. Une fen\u00eatre ouverte sur le Pays d'art et d'histoire.\",\"breadcrumb\":{\"@id\":\"https:\/\/patrimoine.lamayenne.fr\/sainte-suzanne\/decouvrez-sainte-suzanne\/#breadcrumb\"},\"inLanguage\":\"fr-FR\",\"potentialAction\":[{\"@type\":\"ReadAction\",\"target\":[\"https:\/\/patrimoine.lamayenne.fr\/sainte-suzanne\/decouvrez-sainte-suzanne\/\"]}]},{\"@type\":\"BreadcrumbList\",\"@id\":\"https:\/\/patrimoine.lamayenne.fr\/sainte-suzanne\/decouvrez-sainte-suzanne\/#breadcrumb\",\"itemListElement\":[{\"@type\":\"ListItem\",\"position\":1,\"name\":\"Accueil\",\"item\":\"https:\/\/patrimoine.lamayenne.fr\/sainte-suzanne\/\"},{\"@type\":\"ListItem\",\"position\":2,\"name\":\"D\u00e9couvrez Sainte-Suzanne\"}]},{\"@type\":\"WebSite\",\"@id\":\"https:\/\/patrimoine.lamayenne.fr\/sainte-suzanne\/#website\",\"url\":\"https:\/\/patrimoine.lamayenne.fr\/sainte-suzanne\/\",\"name\":\"Sainte-Suzanne\",\"description\":\"\",\"publisher\":{\"@id\":\"https:\/\/patrimoine.lamayenne.fr\/sainte-suzanne\/#organization\"},\"potentialAction\":[{\"@type\":\"SearchAction\",\"target\":{\"@type\":\"EntryPoint\",\"urlTemplate\":\"https:\/\/patrimoine.lamayenne.fr\/sainte-suzanne\/?s={search_term_string}\"},\"query-input\":{\"@type\":\"PropertyValueSpecification\",\"valueRequired\":true,\"valueName\":\"search_term_string\"}}],\"inLanguage\":\"fr-FR\"},{\"@type\":\"Organization\",\"@id\":\"https:\/\/patrimoine.lamayenne.fr\/sainte-suzanne\/#organization\",\"name\":\"Sainte-Suzanne\",\"url\":\"https:\/\/patrimoine.lamayenne.fr\/sainte-suzanne\/\",\"logo\":{\"@type\":\"ImageObject\",\"inLanguage\":\"fr-FR\",\"@id\":\"https:\/\/patrimoine.lamayenne.fr\/sainte-suzanne\/#\/schema\/logo\/image\/\",\"url\":\"https:\/\/patrimoine.lamayenne.fr\/sainte-suzanne\/wp-content\/uploads\/2022\/04\/SteSuz_logo.svg\",\"contentUrl\":\"https:\/\/patrimoine.lamayenne.fr\/sainte-suzanne\/wp-content\/uploads\/2022\/04\/SteSuz_logo.svg\",\"width\":1,\"height\":1,\"caption\":\"Sainte-Suzanne\"},\"image\":{\"@id\":\"https:\/\/patrimoine.lamayenne.fr\/sainte-suzanne\/#\/schema\/logo\/image\/\"},\"sameAs\":[\"https:\/\/www.facebook.com\/departement.lamayenne\",\"https:\/\/x.com\/lamayenne\",\"https:\/\/www.instagram.com\/la.mayenne\/\",\"https:\/\/www.youtube.com\/user\/LaMayenneTV\"]}]}<\/script>\n<!-- \/ Yoast SEO plugin. -->","yoast_head_json":{"title":"D\u00e9couvrir - Sainte-Suzanne","description":"D\u00e9couvrir le mus\u00e9e de Sainte-Suzanne, le ch\u00e2teau dans la cit\u00e9 m\u00e9di\u00e9viale. Une fen\u00eatre ouverte sur le Pays d'art et d'histoire.","robots":{"index":"index","follow":"follow","max-snippet":"max-snippet:-1","max-image-preview":"max-image-preview:large","max-video-preview":"max-video-preview:-1"},"canonical":"https:\/\/patrimoine.lamayenne.fr\/sainte-suzanne\/decouvrez-sainte-suzanne\/","twitter_card":"summary_large_image","twitter_title":"D\u00e9couvrir - Sainte-Suzanne","twitter_description":"D\u00e9couvrir le mus\u00e9e de Sainte-Suzanne, le ch\u00e2teau dans la cit\u00e9 m\u00e9di\u00e9viale. Une fen\u00eatre ouverte sur le Pays d'art et d'histoire.","twitter_site":"@lamayenne","twitter_misc":{"Dur\u00e9e de lecture estim\u00e9e":"1 minute"},"schema":{"@context":"https:\/\/schema.org","@graph":[{"@type":"WebPage","@id":"https:\/\/patrimoine.lamayenne.fr\/sainte-suzanne\/decouvrez-sainte-suzanne\/","url":"https:\/\/patrimoine.lamayenne.fr\/sainte-suzanne\/decouvrez-sainte-suzanne\/","name":"D\u00e9couvrir - Sainte-Suzanne","isPartOf":{"@id":"https:\/\/patrimoine.lamayenne.fr\/sainte-suzanne\/#website"},"datePublished":"2022-02-08T14:49:41+00:00","dateModified":"2022-07-01T11:59:28+00:00","description":"D\u00e9couvrir le mus\u00e9e de Sainte-Suzanne, le ch\u00e2teau dans la cit\u00e9 m\u00e9di\u00e9viale. Une fen\u00eatre ouverte sur le Pays d'art et d'histoire.","breadcrumb":{"@id":"https:\/\/patrimoine.lamayenne.fr\/sainte-suzanne\/decouvrez-sainte-suzanne\/#breadcrumb"},"inLanguage":"fr-FR","potentialAction":[{"@type":"ReadAction","target":["https:\/\/patrimoine.lamayenne.fr\/sainte-suzanne\/decouvrez-sainte-suzanne\/"]}]},{"@type":"BreadcrumbList","@id":"https:\/\/patrimoine.lamayenne.fr\/sainte-suzanne\/decouvrez-sainte-suzanne\/#breadcrumb","itemListElement":[{"@type":"ListItem","position":1,"name":"Accueil","item":"https:\/\/patrimoine.lamayenne.fr\/sainte-suzanne\/"},{"@type":"ListItem","position":2,"name":"D\u00e9couvrez Sainte-Suzanne"}]},{"@type":"WebSite","@id":"https:\/\/patrimoine.lamayenne.fr\/sainte-suzanne\/#website","url":"https:\/\/patrimoine.lamayenne.fr\/sainte-suzanne\/","name":"Sainte-Suzanne","description":"","publisher":{"@id":"https:\/\/patrimoine.lamayenne.fr\/sainte-suzanne\/#organization"},"potentialAction":[{"@type":"SearchAction","target":{"@type":"EntryPoint","urlTemplate":"https:\/\/patrimoine.lamayenne.fr\/sainte-suzanne\/?s={search_term_string}"},"query-input":{"@type":"PropertyValueSpecification","valueRequired":true,"valueName":"search_term_string"}}],"inLanguage":"fr-FR"},{"@type":"Organization","@id":"https:\/\/patrimoine.lamayenne.fr\/sainte-suzanne\/#organization","name":"Sainte-Suzanne","url":"https:\/\/patrimoine.lamayenne.fr\/sainte-suzanne\/","logo":{"@type":"ImageObject","inLanguage":"fr-FR","@id":"https:\/\/patrimoine.lamayenne.fr\/sainte-suzanne\/#\/schema\/logo\/image\/","url":"https:\/\/patrimoine.lamayenne.fr\/sainte-suzanne\/wp-content\/uploads\/2022\/04\/SteSuz_logo.svg","contentUrl":"https:\/\/patrimoine.lamayenne.fr\/sainte-suzanne\/wp-content\/uploads\/2022\/04\/SteSuz_logo.svg","width":1,"height":1,"caption":"Sainte-Suzanne"},"image":{"@id":"https:\/\/patrimoine.lamayenne.fr\/sainte-suzanne\/#\/schema\/logo\/image\/"},"sameAs":["https:\/\/www.facebook.com\/departement.lamayenne","https:\/\/x.com\/lamayenne","https:\/\/www.instagram.com\/la.mayenne\/","https:\/\/www.youtube.com\/user\/LaMayenneTV"]}]}},"lang":"fr","translations":{"fr":162,"en":2028},"pll_sync_post":[],"_links":{"self":[{"href":"https:\/\/patrimoine.lamayenne.fr\/sainte-suzanne\/wp-json\/wp\/v2\/pages\/162","targetHints":{"allow":["GET"]}}],"collection":[{"href":"https:\/\/patrimoine.lamayenne.fr\/sainte-suzanne\/wp-json\/wp\/v2\/pages"}],"about":[{"href":"https:\/\/patrimoine.lamayenne.fr\/sainte-suzanne\/wp-json\/wp\/v2\/types\/page"}],"author":[{"embeddable":true,"href":"https:\/\/patrimoine.lamayenne.fr\/sainte-suzanne\/wp-json\/wp\/v2\/users\/1"}],"replies":[{"embeddable":true,"href":"https:\/\/patrimoine.lamayenne.fr\/sainte-suzanne\/wp-json\/wp\/v2\/comments?post=162"}],"version-history":[{"count":43,"href":"https:\/\/patrimoine.lamayenne.fr\/sainte-suzanne\/wp-json\/wp\/v2\/pages\/162\/revisions"}],"predecessor-version":[{"id":1119,"href":"https:\/\/patrimoine.lamayenne.fr\/sainte-suzanne\/wp-json\/wp\/v2\/pages\/162\/revisions\/1119"}],"wp:attachment":[{"href":"https:\/\/patrimoine.lamayenne.fr\/sainte-suzanne\/wp-json\/wp\/v2\/media?parent=162"}],"curies":[{"name":"wp","href":"https:\/\/api.w.org\/{rel}","templated":true}]}}