{"id":2023,"date":"2022-02-04T17:47:42","date_gmt":"2022-02-04T16:47:42","guid":{"rendered":"https:\/\/patrimoine.lamayenne.fr\/sainte-suzanne\/?page_id=139"},"modified":"2026-04-10T15:13:55","modified_gmt":"2026-04-10T13:13:55","slug":"accueil","status":"publish","type":"page","link":"https:\/\/patrimoine.lamayenne.fr\/sainte-suzanne\/en\/","title":{"rendered":"Home"},"content":{"rendered":"<header class=\"hero flex\">\n  <h1>Castle of<br\/>Sainte-Suzanne<\/h1>\n  <figure class=\"hero__image\">\n    <img decoding=\"async\" data-src=\"https:\/\/patrimoine.lamayenne.fr\/sainte-suzanne\/wp-content\/uploads\/2022\/02\/bandeau-sainte-suzanne.jpg\" alt=\"\" src=\"data:image\/svg+xml;base64,PHN2ZyB3aWR0aD0iMSIgaGVpZ2h0PSIxIiB4bWxucz0iaHR0cDovL3d3dy53My5vcmcvMjAwMC9zdmciPjwvc3ZnPg==\" class=\"lazyload\" style=\"--smush-placeholder-width: 1920px; --smush-placeholder-aspect-ratio: 1920\/799;\">\n      <\/figure>\n  <\/header>\n\n\n<h2 class=\"wp-block-heading\" id=\"en-ce-moment\">Currently<\/h2>\n\n\n\n<p><strong><em>Online content about the appointments is available in French only.<\/em><\/strong><\/p>\n\n\n  <section class=\"evt evt__three flex\" id=\"evt\">\n          <article class=\"evt__card flex__col\">\n          <div class=\"evt__content flex__col\">\n            <h3 class=\"evt__title\">\n              <a href=\"https:\/\/patrimoine.lamayenne.fr\/sainte-suzanne\/evenements\/atelier-largile-dans-tous-les-sens-2\/\">Atelier <\/a>\n            <\/h3>\n                          <p class=\"evt__subtitle\">L&rsquo;argile dans tous les sens <\/p>\n                        <p class=\"evt__date\">Le 16 avril 2026 De 10H30 \u00e0 12H00<\/p>\n                                      <p class=\"evt__lastLine\">Jeune public &#8211; Cour du ch\u00e2teau <\/p>\n                      <\/div>\n          <figure class=\"evt__image flex__col\">\n            <img decoding=\"async\" class=\"evt__thumb lazyload\" data-src=\"https:\/\/patrimoine.lamayenne.fr\/sainte-suzanne\/wp-content\/uploads\/2024\/04\/viste_atelier_ceramique.jpg\" alt=\"\" src=\"data:image\/svg+xml;base64,PHN2ZyB3aWR0aD0iMSIgaGVpZ2h0PSIxIiB4bWxucz0iaHR0cDovL3d3dy53My5vcmcvMjAwMC9zdmciPjwvc3ZnPg==\" style=\"--smush-placeholder-width: 833px; --smush-placeholder-aspect-ratio: 833\/800;\" \/>\n          <\/figure>\n                  <\/article>\n                <article class=\"evt__card flex__col\">\n          <div class=\"evt__content flex__col\">\n            <h3 class=\"evt__title\">\n              <a href=\"https:\/\/patrimoine.lamayenne.fr\/sainte-suzanne\/evenements\/atelier-de-creation-de-pop-up-avec-berenice-primot-plasticienne\/\">Atelier de cr\u00e9ation de pop-up avec B\u00e9r\u00e9nice\u00a0Primot, plasticienne <\/a>\n            <\/h3>\n                          <p class=\"evt__subtitle\">Festival des Cr\u00e9ations en Famille <\/p>\n                        <p class=\"evt__date\">Le 16 avril 2026 De 14H00 \u00e0 17H00<\/p>\n                                      <p class=\"evt__lastLine\">Tous publics &#8211; Ch\u00e2teau de Sainte-Suzanne <\/p>\n                      <\/div>\n          <figure class=\"evt__image flex__col\">\n            <img decoding=\"async\" class=\"evt__thumb lazyload\" data-src=\"https:\/\/patrimoine.lamayenne.fr\/sainte-suzanne\/wp-content\/uploads\/2026\/03\/festival_creation_famille_atelier_pop_up_sainte_suzanne.jpg\" alt=\"\" src=\"data:image\/svg+xml;base64,PHN2ZyB3aWR0aD0iMSIgaGVpZ2h0PSIxIiB4bWxucz0iaHR0cDovL3d3dy53My5vcmcvMjAwMC9zdmciPjwvc3ZnPg==\" style=\"--smush-placeholder-width: 594px; --smush-placeholder-aspect-ratio: 594\/448;\" \/>\n          <\/figure>\n                  <\/article>\n                <article class=\"evt__card flex__col\">\n          <div class=\"evt__content flex__col\">\n            <h3 class=\"evt__title\">\n              <a href=\"https:\/\/patrimoine.lamayenne.fr\/sainte-suzanne\/evenements\/visite-commentee-de-la-forteresse-183\/\">Visite comment\u00e9e de la forteresse <\/a>\n            <\/h3>\n                          <p class=\"evt__subtitle\"> <\/p>\n                        <p class=\"evt__date\">Le 18 avril 2026 De 11H00 \u00e0 12H00<\/p>\n                                      <p class=\"evt__lastLine\">Tous publics &#8211; Cour de la forteresse<\/p>\n                      <\/div>\n          <figure class=\"evt__image flex__col\">\n            <img decoding=\"async\" class=\"evt__thumb lazyload\" data-src=\"https:\/\/patrimoine.lamayenne.fr\/sainte-suzanne\/wp-content\/uploads\/2025\/04\/Visite_Commentee_1_Internet-scaled.jpg\" alt=\"\" src=\"data:image\/svg+xml;base64,PHN2ZyB3aWR0aD0iMSIgaGVpZ2h0PSIxIiB4bWxucz0iaHR0cDovL3d3dy53My5vcmcvMjAwMC9zdmciPjwvc3ZnPg==\" style=\"--smush-placeholder-width: 1640px; --smush-placeholder-aspect-ratio: 1640\/1094;\" \/>\n          <\/figure>\n                  <\/article>\n        <\/section>\n  <ul class=\"links flex\">\n    \t\t  <li>\n\t\t\t  <a href=\"https:\/\/patrimoine.lamayenne.fr\/sainte-suzanne\/en\/events\/\" target=\"\" class=\"link\">See all the events<\/a>\n\t\t  <\/li>\n\t\t  \t\t  <li>\n\t\t\t  <a href=\"https:\/\/www.calameo.com\/read\/0020054841ba0f7e08e9b\" target=\"_blank\" class=\"link\">2023 program<\/a>\n\t\t  <\/li>\n\t\t    <\/ul>\n  \n\n<header class=\"hero flex\">\n  <h1>Country of art and history<\/h1>\n  <figure class=\"hero__image\">\n    <img decoding=\"async\" data-src=\"https:\/\/patrimoine.lamayenne.fr\/sainte-suzanne\/wp-content\/uploads\/2025\/12\/banniere-pah-scaled.jpg\" alt=\"\" src=\"data:image\/svg+xml;base64,PHN2ZyB3aWR0aD0iMSIgaGVpZ2h0PSIxIiB4bWxucz0iaHR0cDovL3d3dy53My5vcmcvMjAwMC9zdmciPjwvc3ZnPg==\" class=\"lazyload\" style=\"--smush-placeholder-width: 1640px; --smush-placeholder-aspect-ratio: 1640\/923;\">\n      <\/figure>\n  <\/header>\n\n<ul class=\"links flex\">\n  \t  <li>\n\t\t<a href=\"https:\/\/patrimoine.lamayenne.fr\/sainte-suzanne\/en\/country-of-art-and-history\/\" target=\"\" class=\"link\">Discover the program<\/a>\n\t  <\/li>\n\t  <\/ul>\n","protected":false},"excerpt":{"rendered":"<p>Currently Online content about the appointments is available in French only.<\/p>\n","protected":false},"author":1,"featured_media":0,"parent":0,"menu_order":0,"comment_status":"closed","ping_status":"closed","template":"","meta":{"_acf_changed":false,"footnotes":""},"class_list":["post-2023","page","type-page","status-publish","hentry"],"acf":[],"yoast_head":"<!-- This site is optimized with the Yoast SEO plugin v25.8 - https:\/\/yoast.com\/wordpress\/plugins\/seo\/ -->\n<title>Home - Sainte-Suzanne<\/title>\n<meta name=\"description\" content=\"L&#039;un des plus beaux villages de France, Sainte-Suzanne, au c\u0153ur du Pays d\u2019Art et d\u2019Histoire, est un tr\u00e9sor \u00e0 d\u00e9couvrir.\" \/>\n<meta name=\"robots\" content=\"index, follow, max-snippet:-1, max-image-preview:large, max-video-preview:-1\" \/>\n<link rel=\"canonical\" href=\"https:\/\/patrimoine.lamayenne.fr\/sainte-suzanne\/en\/\" \/>\n<meta name=\"twitter:card\" content=\"summary_large_image\" \/>\n<meta name=\"twitter:title\" content=\"Home - Sainte-Suzanne\" \/>\n<meta name=\"twitter:description\" content=\"L&#039;un des plus beaux villages de France, Sainte-Suzanne, au c\u0153ur du Pays d\u2019Art et d\u2019Histoire, est un tr\u00e9sor \u00e0 d\u00e9couvrir.\" \/>\n<meta name=\"twitter:site\" content=\"@lamayenne\" \/>\n<meta name=\"twitter:label1\" content=\"Dur\u00e9e de lecture estim\u00e9e\" \/>\n\t<meta name=\"twitter:data1\" content=\"1 minute\" \/>\n<script type=\"application\/ld+json\" class=\"yoast-schema-graph\">{\"@context\":\"https:\/\/schema.org\",\"@graph\":[{\"@type\":\"WebPage\",\"@id\":\"https:\/\/patrimoine.lamayenne.fr\/sainte-suzanne\/en\/\",\"url\":\"https:\/\/patrimoine.lamayenne.fr\/sainte-suzanne\/en\/\",\"name\":\"Home - Sainte-Suzanne\",\"isPartOf\":{\"@id\":\"https:\/\/patrimoine.lamayenne.fr\/sainte-suzanne\/#website\"},\"datePublished\":\"2022-02-04T16:47:42+00:00\",\"dateModified\":\"2026-04-10T13:13:55+00:00\",\"description\":\"L'un des plus beaux villages de France, Sainte-Suzanne, au c\u0153ur du Pays d\u2019Art et d\u2019Histoire, est un tr\u00e9sor \u00e0 d\u00e9couvrir.\",\"breadcrumb\":{\"@id\":\"https:\/\/patrimoine.lamayenne.fr\/sainte-suzanne\/en\/#breadcrumb\"},\"inLanguage\":\"fr-FR\",\"potentialAction\":[{\"@type\":\"ReadAction\",\"target\":[\"https:\/\/patrimoine.lamayenne.fr\/sainte-suzanne\/en\/\"]}]},{\"@type\":\"BreadcrumbList\",\"@id\":\"https:\/\/patrimoine.lamayenne.fr\/sainte-suzanne\/en\/#breadcrumb\",\"itemListElement\":[{\"@type\":\"ListItem\",\"position\":1,\"name\":\"Accueil\",\"item\":\"https:\/\/patrimoine.lamayenne.fr\/sainte-suzanne\/\"},{\"@type\":\"ListItem\",\"position\":2,\"name\":\"Home\"}]},{\"@type\":\"WebSite\",\"@id\":\"https:\/\/patrimoine.lamayenne.fr\/sainte-suzanne\/#website\",\"url\":\"https:\/\/patrimoine.lamayenne.fr\/sainte-suzanne\/\",\"name\":\"Sainte-Suzanne\",\"description\":\"\",\"publisher\":{\"@id\":\"https:\/\/patrimoine.lamayenne.fr\/sainte-suzanne\/#organization\"},\"potentialAction\":[{\"@type\":\"SearchAction\",\"target\":{\"@type\":\"EntryPoint\",\"urlTemplate\":\"https:\/\/patrimoine.lamayenne.fr\/sainte-suzanne\/?s={search_term_string}\"},\"query-input\":{\"@type\":\"PropertyValueSpecification\",\"valueRequired\":true,\"valueName\":\"search_term_string\"}}],\"inLanguage\":\"fr-FR\"},{\"@type\":\"Organization\",\"@id\":\"https:\/\/patrimoine.lamayenne.fr\/sainte-suzanne\/#organization\",\"name\":\"Sainte-Suzanne\",\"url\":\"https:\/\/patrimoine.lamayenne.fr\/sainte-suzanne\/\",\"logo\":{\"@type\":\"ImageObject\",\"inLanguage\":\"fr-FR\",\"@id\":\"https:\/\/patrimoine.lamayenne.fr\/sainte-suzanne\/#\/schema\/logo\/image\/\",\"url\":\"https:\/\/patrimoine.lamayenne.fr\/sainte-suzanne\/wp-content\/uploads\/2022\/04\/SteSuz_logo.svg\",\"contentUrl\":\"https:\/\/patrimoine.lamayenne.fr\/sainte-suzanne\/wp-content\/uploads\/2022\/04\/SteSuz_logo.svg\",\"width\":1,\"height\":1,\"caption\":\"Sainte-Suzanne\"},\"image\":{\"@id\":\"https:\/\/patrimoine.lamayenne.fr\/sainte-suzanne\/#\/schema\/logo\/image\/\"},\"sameAs\":[\"https:\/\/www.facebook.com\/departement.lamayenne\",\"https:\/\/x.com\/lamayenne\",\"https:\/\/www.instagram.com\/la.mayenne\/\",\"https:\/\/www.youtube.com\/user\/LaMayenneTV\"]}]}<\/script>\n<!-- \/ Yoast SEO plugin. -->","yoast_head_json":{"title":"Home - Sainte-Suzanne","description":"L'un des plus beaux villages de France, Sainte-Suzanne, au c\u0153ur du Pays d\u2019Art et d\u2019Histoire, est un tr\u00e9sor \u00e0 d\u00e9couvrir.","robots":{"index":"index","follow":"follow","max-snippet":"max-snippet:-1","max-image-preview":"max-image-preview:large","max-video-preview":"max-video-preview:-1"},"canonical":"https:\/\/patrimoine.lamayenne.fr\/sainte-suzanne\/en\/","twitter_card":"summary_large_image","twitter_title":"Home - Sainte-Suzanne","twitter_description":"L'un des plus beaux villages de France, Sainte-Suzanne, au c\u0153ur du Pays d\u2019Art et d\u2019Histoire, est un tr\u00e9sor \u00e0 d\u00e9couvrir.","twitter_site":"@lamayenne","twitter_misc":{"Dur\u00e9e de lecture estim\u00e9e":"1 minute"},"schema":{"@context":"https:\/\/schema.org","@graph":[{"@type":"WebPage","@id":"https:\/\/patrimoine.lamayenne.fr\/sainte-suzanne\/en\/","url":"https:\/\/patrimoine.lamayenne.fr\/sainte-suzanne\/en\/","name":"Home - Sainte-Suzanne","isPartOf":{"@id":"https:\/\/patrimoine.lamayenne.fr\/sainte-suzanne\/#website"},"datePublished":"2022-02-04T16:47:42+00:00","dateModified":"2026-04-10T13:13:55+00:00","description":"L'un des plus beaux villages de France, Sainte-Suzanne, au c\u0153ur du Pays d\u2019Art et d\u2019Histoire, est un tr\u00e9sor \u00e0 d\u00e9couvrir.","breadcrumb":{"@id":"https:\/\/patrimoine.lamayenne.fr\/sainte-suzanne\/en\/#breadcrumb"},"inLanguage":"fr-FR","potentialAction":[{"@type":"ReadAction","target":["https:\/\/patrimoine.lamayenne.fr\/sainte-suzanne\/en\/"]}]},{"@type":"BreadcrumbList","@id":"https:\/\/patrimoine.lamayenne.fr\/sainte-suzanne\/en\/#breadcrumb","itemListElement":[{"@type":"ListItem","position":1,"name":"Accueil","item":"https:\/\/patrimoine.lamayenne.fr\/sainte-suzanne\/"},{"@type":"ListItem","position":2,"name":"Home"}]},{"@type":"WebSite","@id":"https:\/\/patrimoine.lamayenne.fr\/sainte-suzanne\/#website","url":"https:\/\/patrimoine.lamayenne.fr\/sainte-suzanne\/","name":"Sainte-Suzanne","description":"","publisher":{"@id":"https:\/\/patrimoine.lamayenne.fr\/sainte-suzanne\/#organization"},"potentialAction":[{"@type":"SearchAction","target":{"@type":"EntryPoint","urlTemplate":"https:\/\/patrimoine.lamayenne.fr\/sainte-suzanne\/?s={search_term_string}"},"query-input":{"@type":"PropertyValueSpecification","valueRequired":true,"valueName":"search_term_string"}}],"inLanguage":"fr-FR"},{"@type":"Organization","@id":"https:\/\/patrimoine.lamayenne.fr\/sainte-suzanne\/#organization","name":"Sainte-Suzanne","url":"https:\/\/patrimoine.lamayenne.fr\/sainte-suzanne\/","logo":{"@type":"ImageObject","inLanguage":"fr-FR","@id":"https:\/\/patrimoine.lamayenne.fr\/sainte-suzanne\/#\/schema\/logo\/image\/","url":"https:\/\/patrimoine.lamayenne.fr\/sainte-suzanne\/wp-content\/uploads\/2022\/04\/SteSuz_logo.svg","contentUrl":"https:\/\/patrimoine.lamayenne.fr\/sainte-suzanne\/wp-content\/uploads\/2022\/04\/SteSuz_logo.svg","width":1,"height":1,"caption":"Sainte-Suzanne"},"image":{"@id":"https:\/\/patrimoine.lamayenne.fr\/sainte-suzanne\/#\/schema\/logo\/image\/"},"sameAs":["https:\/\/www.facebook.com\/departement.lamayenne","https:\/\/x.com\/lamayenne","https:\/\/www.instagram.com\/la.mayenne\/","https:\/\/www.youtube.com\/user\/LaMayenneTV"]}]}},"lang":"en","translations":{"en":2023,"fr":139},"pll_sync_post":[],"_links":{"self":[{"href":"https:\/\/patrimoine.lamayenne.fr\/sainte-suzanne\/wp-json\/wp\/v2\/pages\/2023","targetHints":{"allow":["GET"]}}],"collection":[{"href":"https:\/\/patrimoine.lamayenne.fr\/sainte-suzanne\/wp-json\/wp\/v2\/pages"}],"about":[{"href":"https:\/\/patrimoine.lamayenne.fr\/sainte-suzanne\/wp-json\/wp\/v2\/types\/page"}],"author":[{"embeddable":true,"href":"https:\/\/patrimoine.lamayenne.fr\/sainte-suzanne\/wp-json\/wp\/v2\/users\/1"}],"replies":[{"embeddable":true,"href":"https:\/\/patrimoine.lamayenne.fr\/sainte-suzanne\/wp-json\/wp\/v2\/comments?post=2023"}],"version-history":[{"count":25,"href":"https:\/\/patrimoine.lamayenne.fr\/sainte-suzanne\/wp-json\/wp\/v2\/pages\/2023\/revisions"}],"predecessor-version":[{"id":5371,"href":"https:\/\/patrimoine.lamayenne.fr\/sainte-suzanne\/wp-json\/wp\/v2\/pages\/2023\/revisions\/5371"}],"wp:attachment":[{"href":"https:\/\/patrimoine.lamayenne.fr\/sainte-suzanne\/wp-json\/wp\/v2\/media?parent=2023"}],"curies":[{"name":"wp","href":"https:\/\/api.w.org\/{rel}","templated":true}]}}