{"id":2028,"date":"2023-03-17T16:55:24","date_gmt":"2023-03-17T15:55:24","guid":{"rendered":"https:\/\/patrimoine.lamayenne.fr\/sainte-suzanne\/?page_id=2028"},"modified":"2023-06-12T16:47:09","modified_gmt":"2023-06-12T14:47:09","slug":"discover-sainte-suzanne","status":"publish","type":"page","link":"https:\/\/patrimoine.lamayenne.fr\/sainte-suzanne\/en\/discover-sainte-suzanne\/","title":{"rendered":"Discover Sainte-Suzanne"},"content":{"rendered":"<nav aria-label=\"Fil d'Ariane\" class=\"ariane\">\n  <ol>\n    <li>\n      <a href=\"https:\/\/patrimoine.lamayenne.fr\/sainte-suzanne\">Sainte-Suzanne<\/a>\n    <\/li>\n    <li>\n      <a href=\"https:\/\/patrimoine.lamayenne.fr\/sainte-suzanne\/en\/discover-sainte-suzanne\/\" aria-current=\"page\">Discover Sainte-Suzanne<\/a>\n    <\/li>\n  <\/ol>\n<\/nav>\n\n<header class=\"hero flex\">\n  <h1>Discover <br\/>Sainte-Suzanne<\/h1>\n  <figure class=\"hero__image\">\n    <img decoding=\"async\" data-src=\"https:\/\/patrimoine.lamayenne.fr\/sainte-suzanne\/wp-content\/uploads\/2022\/06\/Sainte-Suzanne-Pays_des_Coevrons_Sainte-Suzanne_-_Chammes-CP-Philippe_CAHAREL_-_Mayenne_Tourisme.jpeg\" alt=\"\" src=\"data:image\/svg+xml;base64,PHN2ZyB3aWR0aD0iMSIgaGVpZ2h0PSIxIiB4bWxucz0iaHR0cDovL3d3dy53My5vcmcvMjAwMC9zdmciPjwvc3ZnPg==\" class=\"lazyload\" style=\"--smush-placeholder-width: 2500px; --smush-placeholder-aspect-ratio: 2500\/1667;\">\n      <\/figure>\n  <\/header>\n\n\n<h2 class=\"wp-block-heading\" id=\"le-chateau-dans-la-cite-medievale\">THE CASTLE <br>IN THE MEDIEVAL CITY<\/h2>\n\n\n\n<p><strong>Built on a rocky spur dominating the Erve valley, the castle of Sainte-Suzanne has seen many wars. In 1087, the fortress repelled William the Conqueror.<\/strong><\/p>\n\n\n\n<p>In 1613, Guillaume Fouquet de la Varenne, minister of Henri IV, left unfinished his project of a residence on the ruins of the fortress. From the 11th century keep to the 17th century dwelling, the castle of Sainte-Suzanne will tell you its stories of battles and architecture.<\/p>\n\n\n<section class=\"display1 flex\">\n  <div class=\"display1__content flex__col\">\n    <h3>One of the most beautiful villages in France<\/h3>\n    <p><p>Sainte-Suzanne offers a unique heritage. Classified among the Most Beautiful Villages of France, Small city of character, green vacation resort, third favorite village of the French&#8230;<\/p>\n<p>Sainte-Suzanne, in the heart of the Country of Art and History, is a treasure to discover.<\/p>\n<\/p>\n    <img decoding=\"async\" aria-hidden=\"true\" draggable=\"false\" data-src=\"https:\/\/patrimoine.lamayenne.fr\/sainte-suzanne\/wp-content\/uploads\/2022\/02\/logo_sainte-suzanne_signe_blanc.png\" alt=\"\" src=\"data:image\/svg+xml;base64,PHN2ZyB3aWR0aD0iMSIgaGVpZ2h0PSIxIiB4bWxucz0iaHR0cDovL3d3dy53My5vcmcvMjAwMC9zdmciPjwvc3ZnPg==\" class=\"lazyload\" style=\"--smush-placeholder-width: 248px; --smush-placeholder-aspect-ratio: 248\/342;\">\n  <\/div>\n  <figure class=\"display1__image\">\n    <img decoding=\"async\" data-src=\"https:\/\/patrimoine.lamayenne.fr\/sainte-suzanne\/wp-content\/uploads\/2022\/02\/DSF6263.jpg\" alt=\"\" src=\"data:image\/svg+xml;base64,PHN2ZyB3aWR0aD0iMSIgaGVpZ2h0PSIxIiB4bWxucz0iaHR0cDovL3d3dy53My5vcmcvMjAwMC9zdmciPjwvc3ZnPg==\" class=\"lazyload\" style=\"--smush-placeholder-width: 711px; --smush-placeholder-aspect-ratio: 711\/511;\">\n      <\/figure>\n<\/section>\n\n<section class=\"display1 flex\">\n  <div class=\"display1__content flex__col\">\n    <h3>A thousand lives in the castle<\/h3>\n    <p><p>On your own, with your partner, with your family, in groups, with your children&#8230; Sainte-Suzanne welcomes you with a rich program, for all tastes.<\/p>\n<p>Interpretation tours to understand the castle but also investigations and games, escape-game, animations and initiations to land-art or stone-cutting, festive evenings. And what else? Exhibitions and conferences, theatrical walks. Sainte-Suzanne welcomes school groups and leisure centers, and proposes activities adapted to people with disabilities. Stroll, curiosity, sensations, discoveries&#8230; In guided tour or in autonomy, feel free in Sainte-Suzanne.<\/p>\n<\/p>\n    <img decoding=\"async\" aria-hidden=\"true\" draggable=\"false\" data-src=\"https:\/\/patrimoine.lamayenne.fr\/sainte-suzanne\/wp-content\/uploads\/2022\/02\/logo_sainte-suzanne_signe_blanc.png\" alt=\"\" src=\"data:image\/svg+xml;base64,PHN2ZyB3aWR0aD0iMSIgaGVpZ2h0PSIxIiB4bWxucz0iaHR0cDovL3d3dy53My5vcmcvMjAwMC9zdmciPjwvc3ZnPg==\" class=\"lazyload\" style=\"--smush-placeholder-width: 248px; --smush-placeholder-aspect-ratio: 248\/342;\">\n  <\/div>\n  <figure class=\"display1__image\">\n    <img decoding=\"async\" data-src=\"https:\/\/patrimoine.lamayenne.fr\/sainte-suzanne\/wp-content\/uploads\/2022\/02\/P1030405.jpg\" alt=\"\" src=\"data:image\/svg+xml;base64,PHN2ZyB3aWR0aD0iMSIgaGVpZ2h0PSIxIiB4bWxucz0iaHR0cDovL3d3dy53My5vcmcvMjAwMC9zdmciPjwvc3ZnPg==\" class=\"lazyload\" style=\"--smush-placeholder-width: 726px; --smush-placeholder-aspect-ratio: 726\/511;\">\n      <\/figure>\n<\/section>\n\n<section class=\"display1 flex\">\n  <div class=\"display1__content flex__col\">\n    <h3>BEYOND THE STONES<\/h3>\n    <p><p>Because the panorama is out of the ordinary, do not hesitate to leave the beaten track.<\/p>\n<p>History is all around you. Discover rallies, walks to meet the plants and bucolic hikes, walk around Sainte-Suzanne to better understand it.<\/p>\n<\/p>\n    <img decoding=\"async\" aria-hidden=\"true\" draggable=\"false\" data-src=\"https:\/\/patrimoine.lamayenne.fr\/sainte-suzanne\/wp-content\/uploads\/2022\/02\/logo_sainte-suzanne_signe_blanc.png\" alt=\"\" src=\"data:image\/svg+xml;base64,PHN2ZyB3aWR0aD0iMSIgaGVpZ2h0PSIxIiB4bWxucz0iaHR0cDovL3d3dy53My5vcmcvMjAwMC9zdmciPjwvc3ZnPg==\" class=\"lazyload\" style=\"--smush-placeholder-width: 248px; --smush-placeholder-aspect-ratio: 248\/342;\">\n  <\/div>\n  <figure class=\"display1__image\">\n    <img decoding=\"async\" data-src=\"https:\/\/patrimoine.lamayenne.fr\/sainte-suzanne\/wp-content\/uploads\/2022\/02\/30257-1920px.jpg\" alt=\"\" src=\"data:image\/svg+xml;base64,PHN2ZyB3aWR0aD0iMSIgaGVpZ2h0PSIxIiB4bWxucz0iaHR0cDovL3d3dy53My5vcmcvMjAwMC9zdmciPjwvc3ZnPg==\" class=\"lazyload\" style=\"--smush-placeholder-width: 725px; --smush-placeholder-aspect-ratio: 725\/510;\">\n      <\/figure>\n<\/section>\n\n\n<h2 class=\"wp-block-heading\" id=\"au-coeur-du-logis-le-ciap\">IN THE HEART OF THE HOUSE, THE CIAP<\/h2>\n\n\n\n<p><strong><mark style=\"background-color:rgba(0, 0, 0, 0)\" class=\"has-inline-color has-rouge-color\">DISCOVER THE MAYENNE DIFFERENTLY<\/mark><\/strong><\/p>\n\n\n\n<p>The Centre for the Interpretation of Architecture and Heritage (Ciap) is not only a permanent exhibition space, it is also a window on the many facets of the Co\u00ebvrons-Mayenne region and beyond, of the Mayenne department. <\/p>\n\n\n\n<p>Temporary exhibitions are regularly set up to highlight certain aspects of the territory. Finally, as a place for meetings and debates, the program of activities for schoolchildren (educational workshops) and visitors aims to bring this new cultural facility to life.<\/p>\n\n\n<section class=\"onglets flex\" id=\"test\">\n        <figure class=\"onglets__card flex__col\">\n        <img decoding=\"async\" data-src=\"https:\/\/patrimoine.lamayenne.fr\/sainte-suzanne\/wp-content\/uploads\/2022\/02\/Photos-Ciap-16.12.09-027.jpg\" alt=\"\" src=\"data:image\/svg+xml;base64,PHN2ZyB3aWR0aD0iMSIgaGVpZ2h0PSIxIiB4bWxucz0iaHR0cDovL3d3dy53My5vcmcvMjAwMC9zdmciPjwvc3ZnPg==\" class=\"lazyload\" style=\"--smush-placeholder-width: 468px; --smush-placeholder-aspect-ratio: 468\/306;\">\n        <figcaption>\n          <h3 class=\"onglets__title\">300,000 years of history<\/h3>\n          <p hidden id=\"onglets-text-block_2a9e547ddd130409f1d2671e1e045d3a_1\" class=\"onglets__text\">Through its permanent exhibition and its annual temporary exhibitions, the heritage interpretation center allows you to discover a territory with a rich heritage, witnessing the occupation of men since prehistoric times. Architecture, archaeology, landscapes, know-how that characterize the Mayenne and particularly the Co\u00ebvrons-Mayenne region are revealed to you in a playful and animated way. Hide explanations<\/p>\n          <button aria-controls=\"onglets-text-block_2a9e547ddd130409f1d2671e1e045d3a_1\" aria-expanded=\"false\" type=\"button\" class=\"onglets__toggle\">\n            <img decoding=\"async\" aria-hidden=\"true\" draggable=\"false\" data-src=\"https:\/\/patrimoine.lamayenne.fr\/sainte-suzanne\/wp-content\/themes\/musees\/images\/arrow__rouge.svg\" alt=\"\" src=\"data:image\/svg+xml;base64,PHN2ZyB3aWR0aD0iMSIgaGVpZ2h0PSIxIiB4bWxucz0iaHR0cDovL3d3dy53My5vcmcvMjAwMC9zdmciPjwvc3ZnPg==\" class=\"lazyload\">\n            <span class=\"screen-reader-text\">Afficher les explications<\/span>\n          <\/button>\n        <\/figcaption>\n      <\/figure>\n        <figure class=\"onglets__card flex__col\">\n        <img decoding=\"async\" data-src=\"https:\/\/patrimoine.lamayenne.fr\/sainte-suzanne\/wp-content\/uploads\/2022\/01\/IMG_2839.jpg\" alt=\"\" src=\"data:image\/svg+xml;base64,PHN2ZyB3aWR0aD0iMSIgaGVpZ2h0PSIxIiB4bWxucz0iaHR0cDovL3d3dy53My5vcmcvMjAwMC9zdmciPjwvc3ZnPg==\" class=\"lazyload\" style=\"--smush-placeholder-width: 468px; --smush-placeholder-aspect-ratio: 468\/306;\">\n        <figcaption>\n          <h3 class=\"onglets__title\">Natural history<\/h3>\n          <p hidden id=\"onglets-text-block_2a9e547ddd130409f1d2671e1e045d3a_2\" class=\"onglets__text\">Among the 223 vertebrates identified and drawn, will you be able to recognize the 24 species of fish or the 34 species of migratory birds? Don&rsquo;t worry, desks equipped with interactive games allow the whole family to learn while having fun.\r\n\r\nCan you guess the presence of animals by deciphering their tracks left in the mud?\r\nIt&rsquo;s up to you! Hide explanations<\/p>\n          <button aria-controls=\"onglets-text-block_2a9e547ddd130409f1d2671e1e045d3a_2\" aria-expanded=\"false\" type=\"button\" class=\"onglets__toggle\">\n            <img decoding=\"async\" aria-hidden=\"true\" draggable=\"false\" data-src=\"https:\/\/patrimoine.lamayenne.fr\/sainte-suzanne\/wp-content\/themes\/musees\/images\/arrow__rouge.svg\" alt=\"\" src=\"data:image\/svg+xml;base64,PHN2ZyB3aWR0aD0iMSIgaGVpZ2h0PSIxIiB4bWxucz0iaHR0cDovL3d3dy53My5vcmcvMjAwMC9zdmciPjwvc3ZnPg==\" class=\"lazyload\">\n            <span class=\"screen-reader-text\">Afficher les explications<\/span>\n          <\/button>\n        <\/figcaption>\n      <\/figure>\n        <figure class=\"onglets__card flex__col\">\n        <img decoding=\"async\" data-src=\"https:\/\/patrimoine.lamayenne.fr\/sainte-suzanne\/wp-content\/uploads\/2022\/02\/IMG_2833.jpg\" alt=\"\" src=\"data:image\/svg+xml;base64,PHN2ZyB3aWR0aD0iMSIgaGVpZ2h0PSIxIiB4bWxucz0iaHR0cDovL3d3dy53My5vcmcvMjAwMC9zdmciPjwvc3ZnPg==\" class=\"lazyload\" style=\"--smush-placeholder-width: 468px; --smush-placeholder-aspect-ratio: 468\/306;\">\n        <figcaption>\n          <h3 class=\"onglets__title\">Heritage for all<\/h3>\n          <p hidden id=\"onglets-text-block_2a9e547ddd130409f1d2671e1e045d3a_3\" class=\"onglets__text\">The castle and its architecture and heritage interpretation center offer year-round activities and discovery activities designed for adults, families, children and visitors with disabilities. From discovery tours to practical workshops, from concerts to exhibitions, come and discover the castle in all its facets.<\/p>\n          <button aria-controls=\"onglets-text-block_2a9e547ddd130409f1d2671e1e045d3a_3\" aria-expanded=\"false\" type=\"button\" class=\"onglets__toggle\">\n            <img decoding=\"async\" aria-hidden=\"true\" draggable=\"false\" data-src=\"https:\/\/patrimoine.lamayenne.fr\/sainte-suzanne\/wp-content\/themes\/musees\/images\/arrow__rouge.svg\" alt=\"\" src=\"data:image\/svg+xml;base64,PHN2ZyB3aWR0aD0iMSIgaGVpZ2h0PSIxIiB4bWxucz0iaHR0cDovL3d3dy53My5vcmcvMjAwMC9zdmciPjwvc3ZnPg==\" class=\"lazyload\">\n            <span class=\"screen-reader-text\">Afficher les explications<\/span>\n          <\/button>\n        <\/figcaption>\n      <\/figure>\n  <\/section>\n\n<ul class=\"links flex\">\n  \t  <li>\n\t\t<a href=\"https:\/\/patrimoine.lamayenne.fr\/sainte-suzanne\/wp-content\/uploads\/2022\/07\/F_Ste_Suzanne_CIAP-1.pdf\" target=\"\" class=\"link\">VIEW THE CIAP FOCUS BOOKLET (French)<\/a>\n\t  <\/li>\n\t  <\/ul>\n","protected":false},"excerpt":{"rendered":"<p>THE CASTLE IN THE MEDIEVAL CITY Built on a rocky spur dominating the Erve valley, the castle of Sainte-Suzanne has seen many wars. In 1087, the fortress repelled William the Conqueror. In 1613, Guillaume Fouquet de la Varenne, minister of Henri IV, left unfinished his project of a residence on the ruins of the fortress. [&hellip;]<\/p>\n","protected":false},"author":1,"featured_media":0,"parent":0,"menu_order":0,"comment_status":"closed","ping_status":"closed","template":"","meta":{"_acf_changed":false,"footnotes":""},"class_list":["post-2028","page","type-page","status-publish","hentry"],"acf":[],"yoast_head":"<!-- This site is optimized with the Yoast SEO plugin v25.8 - https:\/\/yoast.com\/wordpress\/plugins\/seo\/ -->\n<title>D\u00e9couvrir - Sainte-Suzanne<\/title>\n<meta name=\"description\" content=\"D\u00e9couvrir le mus\u00e9e de Sainte-Suzanne, le ch\u00e2teau dans la cit\u00e9 m\u00e9di\u00e9viale. Une fen\u00eatre ouverte sur le Pays d&#039;art et d&#039;histoire.\" \/>\n<meta name=\"robots\" content=\"index, follow, max-snippet:-1, max-image-preview:large, max-video-preview:-1\" \/>\n<link rel=\"canonical\" href=\"https:\/\/patrimoine.lamayenne.fr\/sainte-suzanne\/en\/discover-sainte-suzanne\/\" \/>\n<meta name=\"twitter:card\" content=\"summary_large_image\" \/>\n<meta name=\"twitter:title\" content=\"D\u00e9couvrir - Sainte-Suzanne\" \/>\n<meta name=\"twitter:description\" content=\"D\u00e9couvrir le mus\u00e9e de Sainte-Suzanne, le ch\u00e2teau dans la cit\u00e9 m\u00e9di\u00e9viale. Une fen\u00eatre ouverte sur le Pays d&#039;art et d&#039;histoire.\" \/>\n<meta name=\"twitter:site\" content=\"@lamayenne\" \/>\n<meta name=\"twitter:label1\" content=\"Dur\u00e9e de lecture estim\u00e9e\" \/>\n\t<meta name=\"twitter:data1\" content=\"1 minute\" \/>\n<script type=\"application\/ld+json\" class=\"yoast-schema-graph\">{\"@context\":\"https:\/\/schema.org\",\"@graph\":[{\"@type\":\"WebPage\",\"@id\":\"https:\/\/patrimoine.lamayenne.fr\/sainte-suzanne\/en\/discover-sainte-suzanne\/\",\"url\":\"https:\/\/patrimoine.lamayenne.fr\/sainte-suzanne\/en\/discover-sainte-suzanne\/\",\"name\":\"D\u00e9couvrir - Sainte-Suzanne\",\"isPartOf\":{\"@id\":\"https:\/\/patrimoine.lamayenne.fr\/sainte-suzanne\/#website\"},\"datePublished\":\"2023-03-17T15:55:24+00:00\",\"dateModified\":\"2023-06-12T14:47:09+00:00\",\"description\":\"D\u00e9couvrir le mus\u00e9e de Sainte-Suzanne, le ch\u00e2teau dans la cit\u00e9 m\u00e9di\u00e9viale. Une fen\u00eatre ouverte sur le Pays d'art et d'histoire.\",\"breadcrumb\":{\"@id\":\"https:\/\/patrimoine.lamayenne.fr\/sainte-suzanne\/en\/discover-sainte-suzanne\/#breadcrumb\"},\"inLanguage\":\"fr-FR\",\"potentialAction\":[{\"@type\":\"ReadAction\",\"target\":[\"https:\/\/patrimoine.lamayenne.fr\/sainte-suzanne\/en\/discover-sainte-suzanne\/\"]}]},{\"@type\":\"BreadcrumbList\",\"@id\":\"https:\/\/patrimoine.lamayenne.fr\/sainte-suzanne\/en\/discover-sainte-suzanne\/#breadcrumb\",\"itemListElement\":[{\"@type\":\"ListItem\",\"position\":1,\"name\":\"Accueil\",\"item\":\"https:\/\/patrimoine.lamayenne.fr\/sainte-suzanne\/\"},{\"@type\":\"ListItem\",\"position\":2,\"name\":\"Discover Sainte-Suzanne\"}]},{\"@type\":\"WebSite\",\"@id\":\"https:\/\/patrimoine.lamayenne.fr\/sainte-suzanne\/#website\",\"url\":\"https:\/\/patrimoine.lamayenne.fr\/sainte-suzanne\/\",\"name\":\"Sainte-Suzanne\",\"description\":\"\",\"publisher\":{\"@id\":\"https:\/\/patrimoine.lamayenne.fr\/sainte-suzanne\/#organization\"},\"potentialAction\":[{\"@type\":\"SearchAction\",\"target\":{\"@type\":\"EntryPoint\",\"urlTemplate\":\"https:\/\/patrimoine.lamayenne.fr\/sainte-suzanne\/?s={search_term_string}\"},\"query-input\":{\"@type\":\"PropertyValueSpecification\",\"valueRequired\":true,\"valueName\":\"search_term_string\"}}],\"inLanguage\":\"fr-FR\"},{\"@type\":\"Organization\",\"@id\":\"https:\/\/patrimoine.lamayenne.fr\/sainte-suzanne\/#organization\",\"name\":\"Sainte-Suzanne\",\"url\":\"https:\/\/patrimoine.lamayenne.fr\/sainte-suzanne\/\",\"logo\":{\"@type\":\"ImageObject\",\"inLanguage\":\"fr-FR\",\"@id\":\"https:\/\/patrimoine.lamayenne.fr\/sainte-suzanne\/#\/schema\/logo\/image\/\",\"url\":\"https:\/\/patrimoine.lamayenne.fr\/sainte-suzanne\/wp-content\/uploads\/2022\/04\/SteSuz_logo.svg\",\"contentUrl\":\"https:\/\/patrimoine.lamayenne.fr\/sainte-suzanne\/wp-content\/uploads\/2022\/04\/SteSuz_logo.svg\",\"width\":1,\"height\":1,\"caption\":\"Sainte-Suzanne\"},\"image\":{\"@id\":\"https:\/\/patrimoine.lamayenne.fr\/sainte-suzanne\/#\/schema\/logo\/image\/\"},\"sameAs\":[\"https:\/\/www.facebook.com\/departement.lamayenne\",\"https:\/\/x.com\/lamayenne\",\"https:\/\/www.instagram.com\/la.mayenne\/\",\"https:\/\/www.youtube.com\/user\/LaMayenneTV\"]}]}<\/script>\n<!-- \/ Yoast SEO plugin. -->","yoast_head_json":{"title":"D\u00e9couvrir - Sainte-Suzanne","description":"D\u00e9couvrir le mus\u00e9e de Sainte-Suzanne, le ch\u00e2teau dans la cit\u00e9 m\u00e9di\u00e9viale. Une fen\u00eatre ouverte sur le Pays d'art et d'histoire.","robots":{"index":"index","follow":"follow","max-snippet":"max-snippet:-1","max-image-preview":"max-image-preview:large","max-video-preview":"max-video-preview:-1"},"canonical":"https:\/\/patrimoine.lamayenne.fr\/sainte-suzanne\/en\/discover-sainte-suzanne\/","twitter_card":"summary_large_image","twitter_title":"D\u00e9couvrir - Sainte-Suzanne","twitter_description":"D\u00e9couvrir le mus\u00e9e de Sainte-Suzanne, le ch\u00e2teau dans la cit\u00e9 m\u00e9di\u00e9viale. Une fen\u00eatre ouverte sur le Pays d'art et d'histoire.","twitter_site":"@lamayenne","twitter_misc":{"Dur\u00e9e de lecture estim\u00e9e":"1 minute"},"schema":{"@context":"https:\/\/schema.org","@graph":[{"@type":"WebPage","@id":"https:\/\/patrimoine.lamayenne.fr\/sainte-suzanne\/en\/discover-sainte-suzanne\/","url":"https:\/\/patrimoine.lamayenne.fr\/sainte-suzanne\/en\/discover-sainte-suzanne\/","name":"D\u00e9couvrir - Sainte-Suzanne","isPartOf":{"@id":"https:\/\/patrimoine.lamayenne.fr\/sainte-suzanne\/#website"},"datePublished":"2023-03-17T15:55:24+00:00","dateModified":"2023-06-12T14:47:09+00:00","description":"D\u00e9couvrir le mus\u00e9e de Sainte-Suzanne, le ch\u00e2teau dans la cit\u00e9 m\u00e9di\u00e9viale. Une fen\u00eatre ouverte sur le Pays d'art et d'histoire.","breadcrumb":{"@id":"https:\/\/patrimoine.lamayenne.fr\/sainte-suzanne\/en\/discover-sainte-suzanne\/#breadcrumb"},"inLanguage":"fr-FR","potentialAction":[{"@type":"ReadAction","target":["https:\/\/patrimoine.lamayenne.fr\/sainte-suzanne\/en\/discover-sainte-suzanne\/"]}]},{"@type":"BreadcrumbList","@id":"https:\/\/patrimoine.lamayenne.fr\/sainte-suzanne\/en\/discover-sainte-suzanne\/#breadcrumb","itemListElement":[{"@type":"ListItem","position":1,"name":"Accueil","item":"https:\/\/patrimoine.lamayenne.fr\/sainte-suzanne\/"},{"@type":"ListItem","position":2,"name":"Discover Sainte-Suzanne"}]},{"@type":"WebSite","@id":"https:\/\/patrimoine.lamayenne.fr\/sainte-suzanne\/#website","url":"https:\/\/patrimoine.lamayenne.fr\/sainte-suzanne\/","name":"Sainte-Suzanne","description":"","publisher":{"@id":"https:\/\/patrimoine.lamayenne.fr\/sainte-suzanne\/#organization"},"potentialAction":[{"@type":"SearchAction","target":{"@type":"EntryPoint","urlTemplate":"https:\/\/patrimoine.lamayenne.fr\/sainte-suzanne\/?s={search_term_string}"},"query-input":{"@type":"PropertyValueSpecification","valueRequired":true,"valueName":"search_term_string"}}],"inLanguage":"fr-FR"},{"@type":"Organization","@id":"https:\/\/patrimoine.lamayenne.fr\/sainte-suzanne\/#organization","name":"Sainte-Suzanne","url":"https:\/\/patrimoine.lamayenne.fr\/sainte-suzanne\/","logo":{"@type":"ImageObject","inLanguage":"fr-FR","@id":"https:\/\/patrimoine.lamayenne.fr\/sainte-suzanne\/#\/schema\/logo\/image\/","url":"https:\/\/patrimoine.lamayenne.fr\/sainte-suzanne\/wp-content\/uploads\/2022\/04\/SteSuz_logo.svg","contentUrl":"https:\/\/patrimoine.lamayenne.fr\/sainte-suzanne\/wp-content\/uploads\/2022\/04\/SteSuz_logo.svg","width":1,"height":1,"caption":"Sainte-Suzanne"},"image":{"@id":"https:\/\/patrimoine.lamayenne.fr\/sainte-suzanne\/#\/schema\/logo\/image\/"},"sameAs":["https:\/\/www.facebook.com\/departement.lamayenne","https:\/\/x.com\/lamayenne","https:\/\/www.instagram.com\/la.mayenne\/","https:\/\/www.youtube.com\/user\/LaMayenneTV"]}]}},"lang":"en","translations":{"en":2028,"fr":162},"pll_sync_post":[],"_links":{"self":[{"href":"https:\/\/patrimoine.lamayenne.fr\/sainte-suzanne\/wp-json\/wp\/v2\/pages\/2028","targetHints":{"allow":["GET"]}}],"collection":[{"href":"https:\/\/patrimoine.lamayenne.fr\/sainte-suzanne\/wp-json\/wp\/v2\/pages"}],"about":[{"href":"https:\/\/patrimoine.lamayenne.fr\/sainte-suzanne\/wp-json\/wp\/v2\/types\/page"}],"author":[{"embeddable":true,"href":"https:\/\/patrimoine.lamayenne.fr\/sainte-suzanne\/wp-json\/wp\/v2\/users\/1"}],"replies":[{"embeddable":true,"href":"https:\/\/patrimoine.lamayenne.fr\/sainte-suzanne\/wp-json\/wp\/v2\/comments?post=2028"}],"version-history":[{"count":10,"href":"https:\/\/patrimoine.lamayenne.fr\/sainte-suzanne\/wp-json\/wp\/v2\/pages\/2028\/revisions"}],"predecessor-version":[{"id":2131,"href":"https:\/\/patrimoine.lamayenne.fr\/sainte-suzanne\/wp-json\/wp\/v2\/pages\/2028\/revisions\/2131"}],"wp:attachment":[{"href":"https:\/\/patrimoine.lamayenne.fr\/sainte-suzanne\/wp-json\/wp\/v2\/media?parent=2028"}],"curies":[{"name":"wp","href":"https:\/\/api.w.org\/{rel}","templated":true}]}}