{"id":2060,"date":"2023-03-20T10:59:14","date_gmt":"2023-03-20T09:59:14","guid":{"rendered":"https:\/\/patrimoine.lamayenne.fr\/sainte-suzanne\/?page_id=2060"},"modified":"2023-06-12T17:01:37","modified_gmt":"2023-06-12T15:01:37","slug":"accessibility","status":"publish","type":"page","link":"https:\/\/patrimoine.lamayenne.fr\/sainte-suzanne\/en\/plan-my-visit\/accessibility\/","title":{"rendered":"Accessibility"},"content":{"rendered":"<nav aria-label=\"Fil d'Ariane\" class=\"ariane\">\n  <ol>\n    <li>\n      <a href=\"https:\/\/patrimoine.lamayenne.fr\/sainte-suzanne\">Sainte-Suzanne<\/a>\n    <\/li>\n    <li>\n      <a href=\"https:\/\/patrimoine.lamayenne.fr\/sainte-suzanne\/en\/plan-my-visit\/accessibility\/\" aria-current=\"page\">Accessibility<\/a>\n    <\/li>\n  <\/ol>\n<\/nav>\n\n<header class=\"hero flex\">\n  <h1>Accessibility<\/h1>\n  <figure class=\"hero__image\">\n    <img decoding=\"async\" data-src=\"https:\/\/patrimoine.lamayenne.fr\/sainte-suzanne\/wp-content\/uploads\/2022\/06\/Sainte-Suzanne-Sainte-Suzanne_-_Chammes-CP-Dominique_VERNIER-_Mayenne_Tourisme-1920px.jpg\" alt=\"\" src=\"data:image\/svg+xml;base64,PHN2ZyB3aWR0aD0iMSIgaGVpZ2h0PSIxIiB4bWxucz0iaHR0cDovL3d3dy53My5vcmcvMjAwMC9zdmciPjwvc3ZnPg==\" class=\"lazyload\" style=\"--smush-placeholder-width: 1920px; --smush-placeholder-aspect-ratio: 1920\/1281;\">\n      <\/figure>\n  <\/header>\n\n\n<h2 class=\"wp-block-heading\">SAINTE-SUZANNE, THE CASTLE ADAPTED TO ALL<\/h2>\n\n\n\n<div class=\"wp-block-columns is-layout-flex wp-container-core-columns-is-layout-9d6595d7 wp-block-columns-is-layout-flex\">\n<div class=\"wp-block-column is-layout-flow wp-block-column-is-layout-flow\"><div class=\"wp-block-image\">\n<figure class=\"aligncenter size-full\"><img decoding=\"async\" width=\"557\" height=\"393\" data-src=\"https:\/\/patrimoine.lamayenne.fr\/sainte-suzanne\/wp-content\/uploads\/2022\/02\/Tourisme-et-handicap.jpg\" alt=\"Logo du label national Tourisme et Handicap\" class=\"wp-image-312 lazyload\" data-srcset=\"https:\/\/patrimoine.lamayenne.fr\/sainte-suzanne\/wp-content\/uploads\/2022\/02\/Tourisme-et-handicap.jpg 557w, https:\/\/patrimoine.lamayenne.fr\/sainte-suzanne\/wp-content\/uploads\/2022\/02\/Tourisme-et-handicap-300x212.jpg 300w\" data-sizes=\"(max-width: 557px) 100vw, 557px\" src=\"data:image\/svg+xml;base64,PHN2ZyB3aWR0aD0iMSIgaGVpZ2h0PSIxIiB4bWxucz0iaHR0cDovL3d3dy53My5vcmcvMjAwMC9zdmciPjwvc3ZnPg==\" style=\"--smush-placeholder-width: 557px; --smush-placeholder-aspect-ratio: 557\/393;\" \/><\/figure>\n<\/div><\/div>\n\n\n\n<div class=\"wp-block-column is-layout-flow wp-block-column-is-layout-flow\">\n<p>The CIAP (the Center for the Interpretation of Architecture and Heritage) received the national label <strong>Tourism &amp; Disability<\/strong> in 2010 for the four disabilities: hearing, mental, motor and visual. <\/p>\n\n\n\n<p>It was awarded the <strong>Heritage for All, Heritage for Everyone<\/strong> prize by the Ministry of Culture in 2011. <br>It was the winner of the <strong>Troph\u00e9es de l&rsquo;accessibilit\u00e9 2013<\/strong> in the category of establishments open to the public.<\/p>\n\n\n<div class=\"wp-block-image\">\n<figure class=\"aligncenter size-full\"><img decoding=\"async\" width=\"710\" height=\"222\" data-src=\"https:\/\/patrimoine.lamayenne.fr\/sainte-suzanne\/wp-content\/uploads\/2022\/02\/logos-pour-tous.jpg\" alt=\"Logos Patrimoine pour tous et Troph\u00e9es de l'accessibilit\u00e9\" class=\"wp-image-311 lazyload\" data-srcset=\"https:\/\/patrimoine.lamayenne.fr\/sainte-suzanne\/wp-content\/uploads\/2022\/02\/logos-pour-tous.jpg 710w, https:\/\/patrimoine.lamayenne.fr\/sainte-suzanne\/wp-content\/uploads\/2022\/02\/logos-pour-tous-300x94.jpg 300w\" data-sizes=\"(max-width: 710px) 100vw, 710px\" src=\"data:image\/svg+xml;base64,PHN2ZyB3aWR0aD0iMSIgaGVpZ2h0PSIxIiB4bWxucz0iaHR0cDovL3d3dy53My5vcmcvMjAwMC9zdmciPjwvc3ZnPg==\" style=\"--smush-placeholder-width: 710px; --smush-placeholder-aspect-ratio: 710\/222;\" \/><\/figure>\n<\/div><\/div>\n<\/div>\n\n\n\n<h2 class=\"wp-block-heading\">A DEDICATED REFERENT<\/h2>\n\n\n\n<p>You have a dedicated referent for accessibility: Typhaine ROUXEL. You can <a href=\"mailto:typhaine.rouxel@lamayenne.fr?subject=Message%20depuis%20le%20site%20Internet%20-%20page%20accessibilite\">contact her by email<\/a> or call her on <a href=\"tel:+33243581308\">her direct line (02 43 58 13 08)<\/a>.<\/p>\n\n\n\n<div class=\"wp-block-columns is-layout-flex wp-container-core-columns-is-layout-9d6595d7 wp-block-columns-is-layout-flex\">\n<div class=\"wp-block-column grey_full_bg has-gris-background-color has-background is-layout-flow wp-block-column-is-layout-flow\">\n<div class=\"wp-block-columns is-layout-flex wp-container-core-columns-is-layout-9d6595d7 wp-block-columns-is-layout-flex\">\n<div class=\"wp-block-column is-layout-flow wp-block-column-is-layout-flow\" style=\"flex-basis:33.33%\"><div class=\"wp-block-image\">\n<figure class=\"aligncenter size-full\"><img decoding=\"async\" width=\"206\" height=\"190\" data-src=\"https:\/\/patrimoine.lamayenne.fr\/sainte-suzanne\/wp-content\/uploads\/2022\/02\/logo-handicap-moteur.jpg\" alt=\"\" class=\"wp-image-316 lazyload\" src=\"data:image\/svg+xml;base64,PHN2ZyB3aWR0aD0iMSIgaGVpZ2h0PSIxIiB4bWxucz0iaHR0cDovL3d3dy53My5vcmcvMjAwMC9zdmciPjwvc3ZnPg==\" style=\"--smush-placeholder-width: 206px; --smush-placeholder-aspect-ratio: 206\/190;\" \/><\/figure>\n<\/div><\/div>\n\n\n\n<div class=\"wp-block-column is-layout-flow wp-block-column-is-layout-flow\" style=\"flex-basis:66.66%\">\n<h3 class=\"wp-block-heading has-rouge-color has-text-color\" id=\"handicap-moteur\">Motor disability<\/h3>\n\n\n\n<p>3 parking spaces for people with reduced mobility are available, located 100 meters from the castle reception. When you arrive in Sainte-Suzanne, take the Henri IV street and follow the signs \u00ab\u00a0Ch\u00e2teau Ciap\u00a0\u00bb and park on the parking spaces marked at the entrance in front of the castle courtyard. <\/p>\n\n\n\n<p>The alleys of the courtyard of the fortress are covered with a thin layer of sand, the average slope on the site is 5% with a peak at 11%, surrounded by rest areas. <\/p>\n\n\n\n<p>The access to the toilets of the sheepshelter as well as those of the Ciap (the Center for the Interpretation of Architecture and Heritage) on the 1st and 2nd floor is adapted. The toilets on the first floor of the Ciap are not adapted.<\/p>\n\n\n\n<p> The height of the desks and the model bases allow easy access to the information in the information in the permanent exhibition. <\/p>\n\n\n\n<p>An elevator allows you to visit all the exhibition levels (only two small exhibition rooms are inaccessible to wheelchair users). <\/p>\n\n\n\n<p>In the courtyard of the castle, the floors of the keep and the sheepfold, as well as the top of the ramparts are inaccessible.<\/p>\n<\/div>\n<\/div>\n<\/div>\n<\/div>\n\n\n<section class=\"bpict flex \">\n      <div class=\"bpict__card flex__col\">\n              <figure aria-hidden=\"true\" class=\"bpict__picto\">\n          <img decoding=\"async\" data-src=\"https:\/\/patrimoine.lamayenne.fr\/sainte-suzanne\/wp-content\/uploads\/2022\/02\/handicap-visuel.png\" alt=\"\" src=\"data:image\/svg+xml;base64,PHN2ZyB3aWR0aD0iMSIgaGVpZ2h0PSIxIiB4bWxucz0iaHR0cDovL3d3dy53My5vcmcvMjAwMC9zdmciPjwvc3ZnPg==\" class=\"lazyload\" style=\"--smush-placeholder-width: 214px; --smush-placeholder-aspect-ratio: 214\/187;\">\n        <\/figure>\n            <h3>Visual disability<\/h3>\n      <p style=\"text-align: center;\">Models and tactile samples are installed in the exhibition rooms.<\/p>\n<p style=\"text-align: center;\">Large print cards.<\/p>\n<p style=\"text-align: center;\">5 monocular magnifying glasses are available for free loan at the Ciap 5(the Center for the Interpretation of Architecture and Heritage) reception.<\/p>\n          <\/div>\n      <div class=\"bpict__card flex__col\">\n              <figure aria-hidden=\"true\" class=\"bpict__picto\">\n          <img decoding=\"async\" data-src=\"https:\/\/patrimoine.lamayenne.fr\/sainte-suzanne\/wp-content\/uploads\/2022\/02\/handicap-mental.png\" alt=\"\" src=\"data:image\/svg+xml;base64,PHN2ZyB3aWR0aD0iMSIgaGVpZ2h0PSIxIiB4bWxucz0iaHR0cDovL3d3dy53My5vcmcvMjAwMC9zdmciPjwvc3ZnPg==\" class=\"lazyload\" style=\"--smush-placeholder-width: 213px; --smush-placeholder-aspect-ratio: 213\/204;\">\n        <\/figure>\n            <h3>Mental disability<\/h3>\n      <p style=\"text-align: center;\">Models, sound and touch animations guarantee an interactive and immersive visit.<\/p>\n<p style=\"text-align: center;\">A map of the Ciap and room cards in FALC (easy to read and understand for the French FALC \u00ab\u00a0Facile \u00e0 lire et \u00e0 comprendre\u00a0\u00bb) with synthetic and easily accessible content and easy to access are available at the reception desk and in the exhibition rooms.<\/p>\n<p style=\"text-align: center;\">The signage associated with text is designed inside Ciap (the Center for the Interpretation of Architecture and Heritage).<\/p>\n          <\/div>\n      <div class=\"bpict__card flex__col\">\n              <figure aria-hidden=\"true\" class=\"bpict__picto\">\n          <img decoding=\"async\" data-src=\"https:\/\/patrimoine.lamayenne.fr\/sainte-suzanne\/wp-content\/uploads\/2022\/02\/handicap-auditif.png\" alt=\"\" src=\"data:image\/svg+xml;base64,PHN2ZyB3aWR0aD0iMSIgaGVpZ2h0PSIxIiB4bWxucz0iaHR0cDovL3d3dy53My5vcmcvMjAwMC9zdmciPjwvc3ZnPg==\" class=\"lazyload\" style=\"--smush-placeholder-width: 243px; --smush-placeholder-aspect-ratio: 243\/198;\">\n        <\/figure>\n            <h3>Hearing impairment<\/h3>\n      <p style=\"text-align: center;\">Magnetic loops are available at the Ciap (the Center for the Interpretation of Architecture and Heritage) reception and in the conference room.<\/p>\n<p style=\"text-align: center;\">The videos of the permanent exhibition are subtitled in French.<\/p>\n<p style=\"text-align: center;\">5 videos in LSF (French Sign Language) presenting the monuments and the history of the fortress of Sainte-Suzanne. The loan of tactile tablets at the reception is free.<\/p>\n          <\/div>\n  <\/section>\n\n<section class=\"redbloc flex__col\">\n  <p style=\"text-align: center;\">For more comfort and tranquility, we advise you to visit the medieval city, the castle and the Ciap (the Center for the Interpretation of Architecture and Heritage) in the morning, outside the school vacations.<\/p>\n<p style=\"text-align: center;\">No prior reservation is necessary before your visit to the site.<\/p>\n<p style=\"text-align: center;\">It takes 1h30 to visit the site (45 minutes to visit the courtyard of the castle and 45 minutes to visit the Ciap).<\/p>\n<p style=\"text-align: center;\">Fixed seats are available in the rooms, as well as folding seats and wheelchairs, on request at the Ciap reception.<br \/>\nFor more information, consult our accessibility register by clicking here (Only available in french) :<\/p>\n        <ul class=\"redbloc__buttons redbloc__buttons__center flex\">\n              <li>\n            <a target=\"_blank\" \n               class=\"button button__white\" \n               href=\"https:\/\/patrimoine.lamayenne.fr\/sainte-suzanne\/wp-content\/uploads\/2022\/06\/sainte-suzanne-registre-accessibilite-v1.pdf\">\n                Accessibility register            <\/a>\n        <\/li>\n                <li>\n            <a target=\"_blank\" \n               class=\"button button__white\" \n               href=\"https:\/\/patrimoine.lamayenne.fr\/sainte-suzanne\/wp-content\/uploads\/2022\/06\/sainte-suzanne-plan-accessibilite.pdf\">\n                Accessibility plan            <\/a>\n        <\/li>\n                <li>\n            <a target=\"_blank\" \n               class=\"button button__white\" \n               href=\"https:\/\/patrimoine.lamayenne.fr\/sainte-suzanne\/wp-content\/uploads\/2022\/06\/sainte-suzanne-offres-groupe-accessibilite.pdf\">\n                Our group offers            <\/a>\n        <\/li>\n              <\/ul>\n      <img decoding=\"async\" draggable=\"false\" aria-hidden=\"true\" class=\"redbloc__bg lazyload\" data-src=\"https:\/\/patrimoine.lamayenne.fr\/sainte-suzanne\/wp-content\/uploads\/2022\/02\/logo_sainte-suzanne_signe_blanc.png\" alt=\"https:\/\/patrimoine.lamayenne.fr\/sainte-suzanne\/wp-content\/uploads\/2022\/02\/logo_sainte-suzanne_signe_blanc.png\" src=\"data:image\/svg+xml;base64,PHN2ZyB3aWR0aD0iMSIgaGVpZ2h0PSIxIiB4bWxucz0iaHR0cDovL3d3dy53My5vcmcvMjAwMC9zdmciPjwvc3ZnPg==\" style=\"--smush-placeholder-width: 248px; --smush-placeholder-aspect-ratio: 248\/342;\">\n<\/section>","protected":false},"excerpt":{"rendered":"<p>SAINTE-SUZANNE, THE CASTLE ADAPTED TO ALL The CIAP (the Center for the Interpretation of Architecture and Heritage) received the national label Tourism &amp; Disability in 2010 for the four disabilities: hearing, mental, motor and visual. It was awarded the Heritage for All, Heritage for Everyone prize by the Ministry of Culture in 2011. It was [&hellip;]<\/p>\n","protected":false},"author":1,"featured_media":0,"parent":2043,"menu_order":0,"comment_status":"closed","ping_status":"closed","template":"","meta":{"_acf_changed":false,"footnotes":""},"class_list":["post-2060","page","type-page","status-publish","hentry"],"acf":[],"yoast_head":"<!-- This site is optimized with the Yoast SEO plugin v25.8 - https:\/\/yoast.com\/wordpress\/plugins\/seo\/ -->\n<title>Accessibility - Sainte-Suzanne<\/title>\n<meta name=\"description\" content=\"Le mus\u00e9e de Sainte-Suzanne est adapt\u00e9 \u00e0 tous. Trouvez toutes les informations et ressources sur l&#039;accessibilit\u00e9 du mus\u00e9e.\" \/>\n<meta name=\"robots\" content=\"index, follow, max-snippet:-1, max-image-preview:large, max-video-preview:-1\" \/>\n<link rel=\"canonical\" href=\"https:\/\/patrimoine.lamayenne.fr\/sainte-suzanne\/en\/plan-my-visit\/accessibility\/\" \/>\n<meta name=\"twitter:card\" content=\"summary_large_image\" \/>\n<meta name=\"twitter:title\" content=\"Accessibility - Sainte-Suzanne\" \/>\n<meta name=\"twitter:description\" content=\"Le mus\u00e9e de Sainte-Suzanne est adapt\u00e9 \u00e0 tous. Trouvez toutes les informations et ressources sur l&#039;accessibilit\u00e9 du mus\u00e9e.\" \/>\n<meta name=\"twitter:image\" content=\"https:\/\/patrimoine.lamayenne.fr\/sainte-suzanne\/wp-content\/uploads\/2022\/02\/Tourisme-et-handicap.jpg\" \/>\n<meta name=\"twitter:site\" content=\"@lamayenne\" \/>\n<meta name=\"twitter:label1\" content=\"Dur\u00e9e de lecture estim\u00e9e\" \/>\n\t<meta name=\"twitter:data1\" content=\"3 minutes\" \/>\n<script type=\"application\/ld+json\" class=\"yoast-schema-graph\">{\"@context\":\"https:\/\/schema.org\",\"@graph\":[{\"@type\":\"WebPage\",\"@id\":\"https:\/\/patrimoine.lamayenne.fr\/sainte-suzanne\/en\/plan-my-visit\/accessibility\/\",\"url\":\"https:\/\/patrimoine.lamayenne.fr\/sainte-suzanne\/en\/plan-my-visit\/accessibility\/\",\"name\":\"Accessibility - Sainte-Suzanne\",\"isPartOf\":{\"@id\":\"https:\/\/patrimoine.lamayenne.fr\/sainte-suzanne\/#website\"},\"primaryImageOfPage\":{\"@id\":\"https:\/\/patrimoine.lamayenne.fr\/sainte-suzanne\/en\/plan-my-visit\/accessibility\/#primaryimage\"},\"image\":{\"@id\":\"https:\/\/patrimoine.lamayenne.fr\/sainte-suzanne\/en\/plan-my-visit\/accessibility\/#primaryimage\"},\"thumbnailUrl\":\"https:\/\/patrimoine.lamayenne.fr\/sainte-suzanne\/wp-content\/uploads\/2022\/02\/Tourisme-et-handicap.jpg\",\"datePublished\":\"2023-03-20T09:59:14+00:00\",\"dateModified\":\"2023-06-12T15:01:37+00:00\",\"description\":\"Le mus\u00e9e de Sainte-Suzanne est adapt\u00e9 \u00e0 tous. Trouvez toutes les informations et ressources sur l'accessibilit\u00e9 du mus\u00e9e.\",\"breadcrumb\":{\"@id\":\"https:\/\/patrimoine.lamayenne.fr\/sainte-suzanne\/en\/plan-my-visit\/accessibility\/#breadcrumb\"},\"inLanguage\":\"fr-FR\",\"potentialAction\":[{\"@type\":\"ReadAction\",\"target\":[\"https:\/\/patrimoine.lamayenne.fr\/sainte-suzanne\/en\/plan-my-visit\/accessibility\/\"]}]},{\"@type\":\"ImageObject\",\"inLanguage\":\"fr-FR\",\"@id\":\"https:\/\/patrimoine.lamayenne.fr\/sainte-suzanne\/en\/plan-my-visit\/accessibility\/#primaryimage\",\"url\":\"https:\/\/patrimoine.lamayenne.fr\/sainte-suzanne\/wp-content\/uploads\/2022\/02\/Tourisme-et-handicap.jpg\",\"contentUrl\":\"https:\/\/patrimoine.lamayenne.fr\/sainte-suzanne\/wp-content\/uploads\/2022\/02\/Tourisme-et-handicap.jpg\",\"width\":557,\"height\":393},{\"@type\":\"BreadcrumbList\",\"@id\":\"https:\/\/patrimoine.lamayenne.fr\/sainte-suzanne\/en\/plan-my-visit\/accessibility\/#breadcrumb\",\"itemListElement\":[{\"@type\":\"ListItem\",\"position\":1,\"name\":\"Accueil\",\"item\":\"https:\/\/patrimoine.lamayenne.fr\/sainte-suzanne\/\"},{\"@type\":\"ListItem\",\"position\":2,\"name\":\"Plan my visit\",\"item\":\"https:\/\/patrimoine.lamayenne.fr\/sainte-suzanne\/en\/plan-my-visit\/\"},{\"@type\":\"ListItem\",\"position\":3,\"name\":\"Accessibility\"}]},{\"@type\":\"WebSite\",\"@id\":\"https:\/\/patrimoine.lamayenne.fr\/sainte-suzanne\/#website\",\"url\":\"https:\/\/patrimoine.lamayenne.fr\/sainte-suzanne\/\",\"name\":\"Sainte-Suzanne\",\"description\":\"\",\"publisher\":{\"@id\":\"https:\/\/patrimoine.lamayenne.fr\/sainte-suzanne\/#organization\"},\"potentialAction\":[{\"@type\":\"SearchAction\",\"target\":{\"@type\":\"EntryPoint\",\"urlTemplate\":\"https:\/\/patrimoine.lamayenne.fr\/sainte-suzanne\/?s={search_term_string}\"},\"query-input\":{\"@type\":\"PropertyValueSpecification\",\"valueRequired\":true,\"valueName\":\"search_term_string\"}}],\"inLanguage\":\"fr-FR\"},{\"@type\":\"Organization\",\"@id\":\"https:\/\/patrimoine.lamayenne.fr\/sainte-suzanne\/#organization\",\"name\":\"Sainte-Suzanne\",\"url\":\"https:\/\/patrimoine.lamayenne.fr\/sainte-suzanne\/\",\"logo\":{\"@type\":\"ImageObject\",\"inLanguage\":\"fr-FR\",\"@id\":\"https:\/\/patrimoine.lamayenne.fr\/sainte-suzanne\/#\/schema\/logo\/image\/\",\"url\":\"https:\/\/patrimoine.lamayenne.fr\/sainte-suzanne\/wp-content\/uploads\/2022\/04\/SteSuz_logo.svg\",\"contentUrl\":\"https:\/\/patrimoine.lamayenne.fr\/sainte-suzanne\/wp-content\/uploads\/2022\/04\/SteSuz_logo.svg\",\"width\":1,\"height\":1,\"caption\":\"Sainte-Suzanne\"},\"image\":{\"@id\":\"https:\/\/patrimoine.lamayenne.fr\/sainte-suzanne\/#\/schema\/logo\/image\/\"},\"sameAs\":[\"https:\/\/www.facebook.com\/departement.lamayenne\",\"https:\/\/x.com\/lamayenne\",\"https:\/\/www.instagram.com\/la.mayenne\/\",\"https:\/\/www.youtube.com\/user\/LaMayenneTV\"]}]}<\/script>\n<!-- \/ Yoast SEO plugin. -->","yoast_head_json":{"title":"Accessibility - Sainte-Suzanne","description":"Le mus\u00e9e de Sainte-Suzanne est adapt\u00e9 \u00e0 tous. Trouvez toutes les informations et ressources sur l'accessibilit\u00e9 du mus\u00e9e.","robots":{"index":"index","follow":"follow","max-snippet":"max-snippet:-1","max-image-preview":"max-image-preview:large","max-video-preview":"max-video-preview:-1"},"canonical":"https:\/\/patrimoine.lamayenne.fr\/sainte-suzanne\/en\/plan-my-visit\/accessibility\/","twitter_card":"summary_large_image","twitter_title":"Accessibility - Sainte-Suzanne","twitter_description":"Le mus\u00e9e de Sainte-Suzanne est adapt\u00e9 \u00e0 tous. Trouvez toutes les informations et ressources sur l'accessibilit\u00e9 du mus\u00e9e.","twitter_image":"https:\/\/patrimoine.lamayenne.fr\/sainte-suzanne\/wp-content\/uploads\/2022\/02\/Tourisme-et-handicap.jpg","twitter_site":"@lamayenne","twitter_misc":{"Dur\u00e9e de lecture estim\u00e9e":"3 minutes"},"schema":{"@context":"https:\/\/schema.org","@graph":[{"@type":"WebPage","@id":"https:\/\/patrimoine.lamayenne.fr\/sainte-suzanne\/en\/plan-my-visit\/accessibility\/","url":"https:\/\/patrimoine.lamayenne.fr\/sainte-suzanne\/en\/plan-my-visit\/accessibility\/","name":"Accessibility - Sainte-Suzanne","isPartOf":{"@id":"https:\/\/patrimoine.lamayenne.fr\/sainte-suzanne\/#website"},"primaryImageOfPage":{"@id":"https:\/\/patrimoine.lamayenne.fr\/sainte-suzanne\/en\/plan-my-visit\/accessibility\/#primaryimage"},"image":{"@id":"https:\/\/patrimoine.lamayenne.fr\/sainte-suzanne\/en\/plan-my-visit\/accessibility\/#primaryimage"},"thumbnailUrl":"https:\/\/patrimoine.lamayenne.fr\/sainte-suzanne\/wp-content\/uploads\/2022\/02\/Tourisme-et-handicap.jpg","datePublished":"2023-03-20T09:59:14+00:00","dateModified":"2023-06-12T15:01:37+00:00","description":"Le mus\u00e9e de Sainte-Suzanne est adapt\u00e9 \u00e0 tous. Trouvez toutes les informations et ressources sur l'accessibilit\u00e9 du mus\u00e9e.","breadcrumb":{"@id":"https:\/\/patrimoine.lamayenne.fr\/sainte-suzanne\/en\/plan-my-visit\/accessibility\/#breadcrumb"},"inLanguage":"fr-FR","potentialAction":[{"@type":"ReadAction","target":["https:\/\/patrimoine.lamayenne.fr\/sainte-suzanne\/en\/plan-my-visit\/accessibility\/"]}]},{"@type":"ImageObject","inLanguage":"fr-FR","@id":"https:\/\/patrimoine.lamayenne.fr\/sainte-suzanne\/en\/plan-my-visit\/accessibility\/#primaryimage","url":"https:\/\/patrimoine.lamayenne.fr\/sainte-suzanne\/wp-content\/uploads\/2022\/02\/Tourisme-et-handicap.jpg","contentUrl":"https:\/\/patrimoine.lamayenne.fr\/sainte-suzanne\/wp-content\/uploads\/2022\/02\/Tourisme-et-handicap.jpg","width":557,"height":393},{"@type":"BreadcrumbList","@id":"https:\/\/patrimoine.lamayenne.fr\/sainte-suzanne\/en\/plan-my-visit\/accessibility\/#breadcrumb","itemListElement":[{"@type":"ListItem","position":1,"name":"Accueil","item":"https:\/\/patrimoine.lamayenne.fr\/sainte-suzanne\/"},{"@type":"ListItem","position":2,"name":"Plan my visit","item":"https:\/\/patrimoine.lamayenne.fr\/sainte-suzanne\/en\/plan-my-visit\/"},{"@type":"ListItem","position":3,"name":"Accessibility"}]},{"@type":"WebSite","@id":"https:\/\/patrimoine.lamayenne.fr\/sainte-suzanne\/#website","url":"https:\/\/patrimoine.lamayenne.fr\/sainte-suzanne\/","name":"Sainte-Suzanne","description":"","publisher":{"@id":"https:\/\/patrimoine.lamayenne.fr\/sainte-suzanne\/#organization"},"potentialAction":[{"@type":"SearchAction","target":{"@type":"EntryPoint","urlTemplate":"https:\/\/patrimoine.lamayenne.fr\/sainte-suzanne\/?s={search_term_string}"},"query-input":{"@type":"PropertyValueSpecification","valueRequired":true,"valueName":"search_term_string"}}],"inLanguage":"fr-FR"},{"@type":"Organization","@id":"https:\/\/patrimoine.lamayenne.fr\/sainte-suzanne\/#organization","name":"Sainte-Suzanne","url":"https:\/\/patrimoine.lamayenne.fr\/sainte-suzanne\/","logo":{"@type":"ImageObject","inLanguage":"fr-FR","@id":"https:\/\/patrimoine.lamayenne.fr\/sainte-suzanne\/#\/schema\/logo\/image\/","url":"https:\/\/patrimoine.lamayenne.fr\/sainte-suzanne\/wp-content\/uploads\/2022\/04\/SteSuz_logo.svg","contentUrl":"https:\/\/patrimoine.lamayenne.fr\/sainte-suzanne\/wp-content\/uploads\/2022\/04\/SteSuz_logo.svg","width":1,"height":1,"caption":"Sainte-Suzanne"},"image":{"@id":"https:\/\/patrimoine.lamayenne.fr\/sainte-suzanne\/#\/schema\/logo\/image\/"},"sameAs":["https:\/\/www.facebook.com\/departement.lamayenne","https:\/\/x.com\/lamayenne","https:\/\/www.instagram.com\/la.mayenne\/","https:\/\/www.youtube.com\/user\/LaMayenneTV"]}]}},"lang":"en","translations":{"en":2060,"fr":1001},"pll_sync_post":[],"_links":{"self":[{"href":"https:\/\/patrimoine.lamayenne.fr\/sainte-suzanne\/wp-json\/wp\/v2\/pages\/2060","targetHints":{"allow":["GET"]}}],"collection":[{"href":"https:\/\/patrimoine.lamayenne.fr\/sainte-suzanne\/wp-json\/wp\/v2\/pages"}],"about":[{"href":"https:\/\/patrimoine.lamayenne.fr\/sainte-suzanne\/wp-json\/wp\/v2\/types\/page"}],"author":[{"embeddable":true,"href":"https:\/\/patrimoine.lamayenne.fr\/sainte-suzanne\/wp-json\/wp\/v2\/users\/1"}],"replies":[{"embeddable":true,"href":"https:\/\/patrimoine.lamayenne.fr\/sainte-suzanne\/wp-json\/wp\/v2\/comments?post=2060"}],"version-history":[{"count":13,"href":"https:\/\/patrimoine.lamayenne.fr\/sainte-suzanne\/wp-json\/wp\/v2\/pages\/2060\/revisions"}],"predecessor-version":[{"id":2168,"href":"https:\/\/patrimoine.lamayenne.fr\/sainte-suzanne\/wp-json\/wp\/v2\/pages\/2060\/revisions\/2168"}],"up":[{"embeddable":true,"href":"https:\/\/patrimoine.lamayenne.fr\/sainte-suzanne\/wp-json\/wp\/v2\/pages\/2043"}],"wp:attachment":[{"href":"https:\/\/patrimoine.lamayenne.fr\/sainte-suzanne\/wp-json\/wp\/v2\/media?parent=2060"}],"curies":[{"name":"wp","href":"https:\/\/api.w.org\/{rel}","templated":true}]}}