{"id":218,"date":"2022-02-09T12:26:07","date_gmt":"2022-02-09T11:26:07","guid":{"rendered":"https:\/\/patrimoine.lamayenne.fr\/sainte-suzanne\/?page_id=218"},"modified":"2022-07-01T14:03:38","modified_gmt":"2022-07-01T12:03:38","slug":"histoire-sainte-suzanne","status":"publish","type":"page","link":"https:\/\/patrimoine.lamayenne.fr\/sainte-suzanne\/histoire-sainte-suzanne\/","title":{"rendered":"Histoire Sainte-Suzanne"},"content":{"rendered":"<nav aria-label=\"Fil d'Ariane\" class=\"ariane\">\n  <ol>\n    <li>\n      <a href=\"https:\/\/patrimoine.lamayenne.fr\/sainte-suzanne\">Sainte-Suzanne<\/a>\n    <\/li>\n    <li>\n      <a href=\"https:\/\/patrimoine.lamayenne.fr\/sainte-suzanne\/histoire-sainte-suzanne\/\" aria-current=\"page\">Histoire Sainte-Suzanne<\/a>\n    <\/li>\n  <\/ol>\n<\/nav>\n\n<header class=\"hero flex\">\n  <h1>Scintillante <br\/>Sainte-Suzanne<\/h1>\n  <figure class=\"hero__image\">\n    <img decoding=\"async\" data-src=\"https:\/\/patrimoine.lamayenne.fr\/sainte-suzanne\/wp-content\/uploads\/2022\/06\/Sainte-Suzanne-Sainte-Suzanne_-_Chammes-CP-Fabien_Chere_-_Sparadrap53-1920px.jpg\" alt=\"\" src=\"data:image\/svg+xml;base64,PHN2ZyB3aWR0aD0iMSIgaGVpZ2h0PSIxIiB4bWxucz0iaHR0cDovL3d3dy53My5vcmcvMjAwMC9zdmciPjwvc3ZnPg==\" class=\"lazyload\" style=\"--smush-placeholder-width: 1920px; --smush-placeholder-aspect-ratio: 1920\/1280;\">\n      <\/figure>\n  <\/header>\n\n<section class=\"display1 flex\">\n  <div class=\"display1__content flex__col\">\n    <h3>SCINTILLANTE SAINTE-SUZANNE  <\/h3>\n    <p><p>Sainte-Suzanne, \u00ab Perle du Maine \u00bb dissimule en son sein une riche histoire.<br \/>\nPoussez les portes de la cit\u00e9 m\u00e9di\u00e9vale, ayez le souffle coup\u00e9 face \u00e0 son magnifique panorama sur les Co\u00ebvrons, la for\u00eat de la Charnie et la vall\u00e9e de l\u2019Erve.<br \/>\nD\u00e9couvrez plus de 2000 ans d\u2019histoire. <\/p>\n<\/p>\n    <img decoding=\"async\" aria-hidden=\"true\" draggable=\"false\" data-src=\"https:\/\/patrimoine.lamayenne.fr\/sainte-suzanne\/wp-content\/uploads\/2022\/02\/logo_sainte-suzanne_signe_blanc.png\" alt=\"\" src=\"data:image\/svg+xml;base64,PHN2ZyB3aWR0aD0iMSIgaGVpZ2h0PSIxIiB4bWxucz0iaHR0cDovL3d3dy53My5vcmcvMjAwMC9zdmciPjwvc3ZnPg==\" class=\"lazyload\" style=\"--smush-placeholder-width: 248px; --smush-placeholder-aspect-ratio: 248\/342;\">\n  <\/div>\n  <figure class=\"display1__image\">\n    <img decoding=\"async\" data-src=\"https:\/\/patrimoine.lamayenne.fr\/sainte-suzanne\/wp-content\/uploads\/2022\/02\/DSF6263-1.jpg\" alt=\"\" src=\"data:image\/svg+xml;base64,PHN2ZyB3aWR0aD0iMSIgaGVpZ2h0PSIxIiB4bWxucz0iaHR0cDovL3d3dy53My5vcmcvMjAwMC9zdmciPjwvc3ZnPg==\" class=\"lazyload\" style=\"--smush-placeholder-width: 711px; --smush-placeholder-aspect-ratio: 711\/511;\">\n      <\/figure>\n<\/section>\n\n<section class=\"display1 flex\">\n  <div class=\"display1__content flex__col\">\n    <h3>SOLIDE SAINTE-SUZANNE<\/h3>\n    <p><p>Elle est belle, mais pas seulement. Cit\u00e9 de caract\u00e8re, forteresse ambitieuse,<br \/>\nSainte-Suzanne a r\u00e9sist\u00e9 victorieusement \u00e0 la venue de Guillaume le Conqu\u00e9rant.<br \/>\n\u00c9coutez ce que racontent les pierres de ce ch\u00e2teau.<br \/>\nVoyez comme Sainte-Suzanne d\u00e9fie le temps. <\/p>\n<\/p>\n    <img decoding=\"async\" aria-hidden=\"true\" draggable=\"false\" data-src=\"https:\/\/patrimoine.lamayenne.fr\/sainte-suzanne\/wp-content\/uploads\/2022\/02\/logo_sainte-suzanne_signe_blanc.png\" alt=\"\" src=\"data:image\/svg+xml;base64,PHN2ZyB3aWR0aD0iMSIgaGVpZ2h0PSIxIiB4bWxucz0iaHR0cDovL3d3dy53My5vcmcvMjAwMC9zdmciPjwvc3ZnPg==\" class=\"lazyload\" style=\"--smush-placeholder-width: 248px; --smush-placeholder-aspect-ratio: 248\/342;\">\n  <\/div>\n  <figure class=\"display1__image\">\n    <img decoding=\"async\" data-src=\"https:\/\/patrimoine.lamayenne.fr\/sainte-suzanne\/wp-content\/uploads\/2022\/02\/P1030405-1.jpg\" alt=\"\" src=\"data:image\/svg+xml;base64,PHN2ZyB3aWR0aD0iMSIgaGVpZ2h0PSIxIiB4bWxucz0iaHR0cDovL3d3dy53My5vcmcvMjAwMC9zdmciPjwvc3ZnPg==\" class=\"lazyload\" style=\"--smush-placeholder-width: 726px; --smush-placeholder-aspect-ratio: 726\/511;\">\n      <\/figure>\n<\/section>\n\n<section class=\"display1 flex\">\n  <div class=\"display1__content flex__col\">\n    <h3>SURPRENANTE SAINTE-SUZANNE<\/h3>\n    <p><p>Au-del\u00e0 de la fl\u00e2nerie, au-del\u00e0 de la qui\u00e9tude, au-del\u00e0 de son histoire, le ch\u00e2teau de Sainte-Suzanne abrite le Centre d\u2019interpr\u00e9tation de l\u2019architecture et du patrimoine (Ciap).<br \/>\nPoussez-en la porte pour d\u00e9couvrir le patrimoine  du Pays d\u2019art et d\u2019histoire Co\u00ebvrons-Mayenne, et de la Mayenne en g\u00e9n\u00e9ral. <\/p>\n<\/p>\n    <img decoding=\"async\" aria-hidden=\"true\" draggable=\"false\" data-src=\"https:\/\/patrimoine.lamayenne.fr\/sainte-suzanne\/wp-content\/uploads\/2022\/02\/logo_sainte-suzanne_signe_blanc.png\" alt=\"\" src=\"data:image\/svg+xml;base64,PHN2ZyB3aWR0aD0iMSIgaGVpZ2h0PSIxIiB4bWxucz0iaHR0cDovL3d3dy53My5vcmcvMjAwMC9zdmciPjwvc3ZnPg==\" class=\"lazyload\" style=\"--smush-placeholder-width: 248px; --smush-placeholder-aspect-ratio: 248\/342;\">\n  <\/div>\n  <figure class=\"display1__image\">\n    <img decoding=\"async\" data-src=\"https:\/\/patrimoine.lamayenne.fr\/sainte-suzanne\/wp-content\/uploads\/2022\/02\/bois.jpg\" alt=\"\" src=\"data:image\/svg+xml;base64,PHN2ZyB3aWR0aD0iMSIgaGVpZ2h0PSIxIiB4bWxucz0iaHR0cDovL3d3dy53My5vcmcvMjAwMC9zdmciPjwvc3ZnPg==\" class=\"lazyload\" style=\"--smush-placeholder-width: 711px; --smush-placeholder-aspect-ratio: 711\/511;\">\n      <\/figure>\n<\/section>\n\n<section class=\"redbloc flex__col\">\n  <h3 style=\"text-align: left;\">Le saviez-vous ?<\/h3>\n<p style=\"text-align: left;\">Le CIAP a re\u00e7u le label national <strong>Tourisme &amp; Handicap<\/strong> en 2010 pour les quatre handicaps : auditif, mental, moteur et visuel.<\/p>\n<p style=\"text-align: left;\">Il a obtenu le <strong>Prix Patrimoine pour tous, patrimoines pour chacun<\/strong> du minist\u00e8re de la Culture en 2011.<br \/>\nIl a \u00e9t\u00e9 laur\u00e9at des <strong>Troph\u00e9es de l\u2019accessibilit\u00e9 2013<\/strong> dans la cat\u00e9gorie \u00e9tablissement recevant du public.<\/p>\n        <figure aria-hidden=\"true\" class=\"redbloc__picto\">\n      <img decoding=\"async\" draggable=\"false\" data-src=\"https:\/\/patrimoine.lamayenne.fr\/sainte-suzanne\/wp-content\/uploads\/2022\/05\/logo-tourisme-et-handicap.svg\" alt=\"Tourisme et Handicap\" src=\"data:image\/svg+xml;base64,PHN2ZyB3aWR0aD0iMSIgaGVpZ2h0PSIxIiB4bWxucz0iaHR0cDovL3d3dy53My5vcmcvMjAwMC9zdmciPjwvc3ZnPg==\" class=\"lazyload\">\n    <\/figure>\n    <img decoding=\"async\" draggable=\"false\" aria-hidden=\"true\" class=\"redbloc__bg lazyload\" data-src=\"https:\/\/patrimoine.lamayenne.fr\/sainte-suzanne\/wp-content\/uploads\/2022\/02\/logo_sainte-suzanne_signe_blanc.png\" alt=\"https:\/\/patrimoine.lamayenne.fr\/sainte-suzanne\/wp-content\/uploads\/2022\/02\/logo_sainte-suzanne_signe_blanc.png\" src=\"data:image\/svg+xml;base64,PHN2ZyB3aWR0aD0iMSIgaGVpZ2h0PSIxIiB4bWxucz0iaHR0cDovL3d3dy53My5vcmcvMjAwMC9zdmciPjwvc3ZnPg==\" style=\"--smush-placeholder-width: 248px; --smush-placeholder-aspect-ratio: 248\/342;\">\n<\/section>\n\n\n<p><\/p>\n","protected":false},"excerpt":{"rendered":"","protected":false},"author":1,"featured_media":0,"parent":0,"menu_order":0,"comment_status":"closed","ping_status":"closed","template":"","meta":{"_acf_changed":false,"footnotes":""},"class_list":["post-218","page","type-page","status-publish","hentry"],"acf":[],"yoast_head":"<!-- This site is optimized with the Yoast SEO plugin v25.8 - https:\/\/yoast.com\/wordpress\/plugins\/seo\/ -->\n<title>Histoire Sainte-Suzanne - Sainte-Suzanne<\/title>\n<meta name=\"description\" content=\"Le mus\u00e9e de Sainte-Suzanne emm\u00e8ne le visiteur \u00e0 la d\u00e9couverte de la riche histoire du ch\u00e2teau et de son incroyable panorama.\" \/>\n<meta name=\"robots\" content=\"index, follow, max-snippet:-1, max-image-preview:large, max-video-preview:-1\" \/>\n<link rel=\"canonical\" href=\"https:\/\/patrimoine.lamayenne.fr\/sainte-suzanne\/histoire-sainte-suzanne\/\" \/>\n<meta name=\"twitter:card\" content=\"summary_large_image\" \/>\n<meta name=\"twitter:title\" content=\"Histoire Sainte-Suzanne - Sainte-Suzanne\" \/>\n<meta name=\"twitter:description\" content=\"Le mus\u00e9e de Sainte-Suzanne emm\u00e8ne le visiteur \u00e0 la d\u00e9couverte de la riche histoire du ch\u00e2teau et de son incroyable panorama.\" \/>\n<meta name=\"twitter:site\" content=\"@lamayenne\" \/>\n<script type=\"application\/ld+json\" class=\"yoast-schema-graph\">{\"@context\":\"https:\/\/schema.org\",\"@graph\":[{\"@type\":\"WebPage\",\"@id\":\"https:\/\/patrimoine.lamayenne.fr\/sainte-suzanne\/histoire-sainte-suzanne\/\",\"url\":\"https:\/\/patrimoine.lamayenne.fr\/sainte-suzanne\/histoire-sainte-suzanne\/\",\"name\":\"Histoire Sainte-Suzanne - Sainte-Suzanne\",\"isPartOf\":{\"@id\":\"https:\/\/patrimoine.lamayenne.fr\/sainte-suzanne\/#website\"},\"datePublished\":\"2022-02-09T11:26:07+00:00\",\"dateModified\":\"2022-07-01T12:03:38+00:00\",\"description\":\"Le mus\u00e9e de Sainte-Suzanne emm\u00e8ne le visiteur \u00e0 la d\u00e9couverte de la riche histoire du ch\u00e2teau et de son incroyable panorama.\",\"breadcrumb\":{\"@id\":\"https:\/\/patrimoine.lamayenne.fr\/sainte-suzanne\/histoire-sainte-suzanne\/#breadcrumb\"},\"inLanguage\":\"fr-FR\",\"potentialAction\":[{\"@type\":\"ReadAction\",\"target\":[\"https:\/\/patrimoine.lamayenne.fr\/sainte-suzanne\/histoire-sainte-suzanne\/\"]}]},{\"@type\":\"BreadcrumbList\",\"@id\":\"https:\/\/patrimoine.lamayenne.fr\/sainte-suzanne\/histoire-sainte-suzanne\/#breadcrumb\",\"itemListElement\":[{\"@type\":\"ListItem\",\"position\":1,\"name\":\"Accueil\",\"item\":\"https:\/\/patrimoine.lamayenne.fr\/sainte-suzanne\/\"},{\"@type\":\"ListItem\",\"position\":2,\"name\":\"Histoire Sainte-Suzanne\"}]},{\"@type\":\"WebSite\",\"@id\":\"https:\/\/patrimoine.lamayenne.fr\/sainte-suzanne\/#website\",\"url\":\"https:\/\/patrimoine.lamayenne.fr\/sainte-suzanne\/\",\"name\":\"Sainte-Suzanne\",\"description\":\"\",\"publisher\":{\"@id\":\"https:\/\/patrimoine.lamayenne.fr\/sainte-suzanne\/#organization\"},\"potentialAction\":[{\"@type\":\"SearchAction\",\"target\":{\"@type\":\"EntryPoint\",\"urlTemplate\":\"https:\/\/patrimoine.lamayenne.fr\/sainte-suzanne\/?s={search_term_string}\"},\"query-input\":{\"@type\":\"PropertyValueSpecification\",\"valueRequired\":true,\"valueName\":\"search_term_string\"}}],\"inLanguage\":\"fr-FR\"},{\"@type\":\"Organization\",\"@id\":\"https:\/\/patrimoine.lamayenne.fr\/sainte-suzanne\/#organization\",\"name\":\"Sainte-Suzanne\",\"url\":\"https:\/\/patrimoine.lamayenne.fr\/sainte-suzanne\/\",\"logo\":{\"@type\":\"ImageObject\",\"inLanguage\":\"fr-FR\",\"@id\":\"https:\/\/patrimoine.lamayenne.fr\/sainte-suzanne\/#\/schema\/logo\/image\/\",\"url\":\"https:\/\/patrimoine.lamayenne.fr\/sainte-suzanne\/wp-content\/uploads\/2022\/04\/SteSuz_logo.svg\",\"contentUrl\":\"https:\/\/patrimoine.lamayenne.fr\/sainte-suzanne\/wp-content\/uploads\/2022\/04\/SteSuz_logo.svg\",\"width\":1,\"height\":1,\"caption\":\"Sainte-Suzanne\"},\"image\":{\"@id\":\"https:\/\/patrimoine.lamayenne.fr\/sainte-suzanne\/#\/schema\/logo\/image\/\"},\"sameAs\":[\"https:\/\/www.facebook.com\/departement.lamayenne\",\"https:\/\/x.com\/lamayenne\",\"https:\/\/www.instagram.com\/la.mayenne\/\",\"https:\/\/www.youtube.com\/user\/LaMayenneTV\"]}]}<\/script>\n<!-- \/ Yoast SEO plugin. -->","yoast_head_json":{"title":"Histoire Sainte-Suzanne - Sainte-Suzanne","description":"Le mus\u00e9e de Sainte-Suzanne emm\u00e8ne le visiteur \u00e0 la d\u00e9couverte de la riche histoire du ch\u00e2teau et de son incroyable panorama.","robots":{"index":"index","follow":"follow","max-snippet":"max-snippet:-1","max-image-preview":"max-image-preview:large","max-video-preview":"max-video-preview:-1"},"canonical":"https:\/\/patrimoine.lamayenne.fr\/sainte-suzanne\/histoire-sainte-suzanne\/","twitter_card":"summary_large_image","twitter_title":"Histoire Sainte-Suzanne - Sainte-Suzanne","twitter_description":"Le mus\u00e9e de Sainte-Suzanne emm\u00e8ne le visiteur \u00e0 la d\u00e9couverte de la riche histoire du ch\u00e2teau et de son incroyable panorama.","twitter_site":"@lamayenne","schema":{"@context":"https:\/\/schema.org","@graph":[{"@type":"WebPage","@id":"https:\/\/patrimoine.lamayenne.fr\/sainte-suzanne\/histoire-sainte-suzanne\/","url":"https:\/\/patrimoine.lamayenne.fr\/sainte-suzanne\/histoire-sainte-suzanne\/","name":"Histoire Sainte-Suzanne - Sainte-Suzanne","isPartOf":{"@id":"https:\/\/patrimoine.lamayenne.fr\/sainte-suzanne\/#website"},"datePublished":"2022-02-09T11:26:07+00:00","dateModified":"2022-07-01T12:03:38+00:00","description":"Le mus\u00e9e de Sainte-Suzanne emm\u00e8ne le visiteur \u00e0 la d\u00e9couverte de la riche histoire du ch\u00e2teau et de son incroyable panorama.","breadcrumb":{"@id":"https:\/\/patrimoine.lamayenne.fr\/sainte-suzanne\/histoire-sainte-suzanne\/#breadcrumb"},"inLanguage":"fr-FR","potentialAction":[{"@type":"ReadAction","target":["https:\/\/patrimoine.lamayenne.fr\/sainte-suzanne\/histoire-sainte-suzanne\/"]}]},{"@type":"BreadcrumbList","@id":"https:\/\/patrimoine.lamayenne.fr\/sainte-suzanne\/histoire-sainte-suzanne\/#breadcrumb","itemListElement":[{"@type":"ListItem","position":1,"name":"Accueil","item":"https:\/\/patrimoine.lamayenne.fr\/sainte-suzanne\/"},{"@type":"ListItem","position":2,"name":"Histoire Sainte-Suzanne"}]},{"@type":"WebSite","@id":"https:\/\/patrimoine.lamayenne.fr\/sainte-suzanne\/#website","url":"https:\/\/patrimoine.lamayenne.fr\/sainte-suzanne\/","name":"Sainte-Suzanne","description":"","publisher":{"@id":"https:\/\/patrimoine.lamayenne.fr\/sainte-suzanne\/#organization"},"potentialAction":[{"@type":"SearchAction","target":{"@type":"EntryPoint","urlTemplate":"https:\/\/patrimoine.lamayenne.fr\/sainte-suzanne\/?s={search_term_string}"},"query-input":{"@type":"PropertyValueSpecification","valueRequired":true,"valueName":"search_term_string"}}],"inLanguage":"fr-FR"},{"@type":"Organization","@id":"https:\/\/patrimoine.lamayenne.fr\/sainte-suzanne\/#organization","name":"Sainte-Suzanne","url":"https:\/\/patrimoine.lamayenne.fr\/sainte-suzanne\/","logo":{"@type":"ImageObject","inLanguage":"fr-FR","@id":"https:\/\/patrimoine.lamayenne.fr\/sainte-suzanne\/#\/schema\/logo\/image\/","url":"https:\/\/patrimoine.lamayenne.fr\/sainte-suzanne\/wp-content\/uploads\/2022\/04\/SteSuz_logo.svg","contentUrl":"https:\/\/patrimoine.lamayenne.fr\/sainte-suzanne\/wp-content\/uploads\/2022\/04\/SteSuz_logo.svg","width":1,"height":1,"caption":"Sainte-Suzanne"},"image":{"@id":"https:\/\/patrimoine.lamayenne.fr\/sainte-suzanne\/#\/schema\/logo\/image\/"},"sameAs":["https:\/\/www.facebook.com\/departement.lamayenne","https:\/\/x.com\/lamayenne","https:\/\/www.instagram.com\/la.mayenne\/","https:\/\/www.youtube.com\/user\/LaMayenneTV"]}]}},"lang":"fr","translations":{"fr":218,"en":2033},"pll_sync_post":[],"_links":{"self":[{"href":"https:\/\/patrimoine.lamayenne.fr\/sainte-suzanne\/wp-json\/wp\/v2\/pages\/218","targetHints":{"allow":["GET"]}}],"collection":[{"href":"https:\/\/patrimoine.lamayenne.fr\/sainte-suzanne\/wp-json\/wp\/v2\/pages"}],"about":[{"href":"https:\/\/patrimoine.lamayenne.fr\/sainte-suzanne\/wp-json\/wp\/v2\/types\/page"}],"author":[{"embeddable":true,"href":"https:\/\/patrimoine.lamayenne.fr\/sainte-suzanne\/wp-json\/wp\/v2\/users\/1"}],"replies":[{"embeddable":true,"href":"https:\/\/patrimoine.lamayenne.fr\/sainte-suzanne\/wp-json\/wp\/v2\/comments?post=218"}],"version-history":[{"count":14,"href":"https:\/\/patrimoine.lamayenne.fr\/sainte-suzanne\/wp-json\/wp\/v2\/pages\/218\/revisions"}],"predecessor-version":[{"id":1126,"href":"https:\/\/patrimoine.lamayenne.fr\/sainte-suzanne\/wp-json\/wp\/v2\/pages\/218\/revisions\/1126"}],"wp:attachment":[{"href":"https:\/\/patrimoine.lamayenne.fr\/sainte-suzanne\/wp-json\/wp\/v2\/media?parent=218"}],"curies":[{"name":"wp","href":"https:\/\/api.w.org\/{rel}","templated":true}]}}