{"id":345,"date":"2022-02-11T15:24:22","date_gmt":"2022-02-11T14:24:22","guid":{"rendered":"https:\/\/patrimoine.lamayenne.fr\/sainte-suzanne\/?page_id=345"},"modified":"2026-03-12T12:35:52","modified_gmt":"2026-03-12T11:35:52","slug":"expositions-au-chateau","status":"publish","type":"page","link":"https:\/\/patrimoine.lamayenne.fr\/sainte-suzanne\/expositions-au-chateau\/","title":{"rendered":"Expositions au ch\u00e2teau"},"content":{"rendered":"<header class=\"hero flex\">\n  <h1>Expositions <br\/>au ch\u00e2teau<\/h1>\n  <figure class=\"hero__image\">\n    <img decoding=\"async\" data-src=\"https:\/\/patrimoine.lamayenne.fr\/sainte-suzanne\/wp-content\/uploads\/2022\/06\/Sainte-Suzanne-Pays_des_Coevrons_Sainte-Suzanne_-_Chammes-CP-Dominique_VERNIER-_Mayenne_Tourisme-1920px1.jpg\" alt=\"\" src=\"data:image\/svg+xml;base64,PHN2ZyB3aWR0aD0iMSIgaGVpZ2h0PSIxIiB4bWxucz0iaHR0cDovL3d3dy53My5vcmcvMjAwMC9zdmciPjwvc3ZnPg==\" class=\"lazyload\" style=\"--smush-placeholder-width: 1920px; --smush-placeholder-aspect-ratio: 1920\/1278;\">\n      <\/figure>\n  <\/header>\n\n<nav aria-label=\"Fil d'Ariane\" class=\"ariane\">\n  <ol>\n    <li>\n      <a href=\"https:\/\/patrimoine.lamayenne.fr\/sainte-suzanne\">Sainte-Suzanne<\/a>\n    <\/li>\n    <li>\n      <a href=\"https:\/\/patrimoine.lamayenne.fr\/sainte-suzanne\/expositions-au-chateau\/\" aria-current=\"page\">Expositions au ch\u00e2teau<\/a>\n    <\/li>\n  <\/ol>\n<\/nav>\n\n\n<h2 class=\"wp-block-heading\">exposition du moment <\/h2>\n\n\n\n<div class=\"wp-block-columns is-layout-flex wp-container-core-columns-is-layout-9d6595d7 wp-block-columns-is-layout-flex\">\n<div class=\"wp-block-column is-layout-flow wp-block-column-is-layout-flow\"><section class=\"template__evt evt flex\" id=\"evt\">\n    <article class=\"evt__card flex__col\">\n    <div class=\"evt__content flex__col\">\n      <h3 class=\"evt__title\">\n        <a href=\"https:\/\/patrimoine.lamayenne.fr\/sainte-suzanne\/expositions\/exposition-japl-2025-penser-lincertitude\/\">S\u00e9lection 2025 des jeunes architectes des Pays de la Loire<\/a>\n      <\/h3>\n      <div class=\"evt__date\">Du 07 mars au 09 avril 2026 De 10H00 \u00e0 18H00<\/div>\n    <\/div>\n    <figure class=\"evt__image flex__col lazyload\" style=\"background-image:inherit\" data-bg-image=\"url(&#039;https:\/\/patrimoine.lamayenne.fr\/sainte-suzanne\/wp-content\/uploads\/2026\/03\/affiche_JAPL_2025.png&#039;)\">\n      <img decoding=\"async\" class=\"evt__thumb lazyload\" data-src=\"https:\/\/patrimoine.lamayenne.fr\/sainte-suzanne\/wp-content\/uploads\/2026\/03\/affiche_JAPL_2025.png\" alt=\"affiche des JAPL 2025\" src=\"data:image\/svg+xml;base64,PHN2ZyB3aWR0aD0iMSIgaGVpZ2h0PSIxIiB4bWxucz0iaHR0cDovL3d3dy53My5vcmcvMjAwMC9zdmciPjwvc3ZnPg==\" style=\"--smush-placeholder-width: 515px; --smush-placeholder-aspect-ratio: 515\/730;\" \/>\n    <\/figure>\n  <\/article>\n<\/section><\/div>\n<\/div>\n\n\n\n<h2 class=\"wp-block-heading\" id=\"expositions-passees\">EXPOSITIONS PASS\u00c9ES<\/h2>\n\n\n  <section class=\"evt evt__three flex\" id=\"evt\">\n          <article class=\"evt__card flex__col\">\n          <div class=\"evt__content flex__col\">\n                        <h3 class=\"evt__title\">\n              <a href=\"https:\/\/patrimoine.lamayenne.fr\/sainte-suzanne\/expositions\/exposition-dune-berge-a-lautre\/\">Exposition \u00ab\u00a0D&rsquo;une berge \u00e0 l&rsquo;autre\u00a0\u00bb<\/a>\n            <\/h3>\n            <p class=\"evt__date\">Du 28 juin au 21 septembre 2025 <\/p>\n          <\/div>\n          <figure class=\"evt__image flex__col\">\n            <img decoding=\"async\" class=\"evt__thumb lazyload\" data-src=\"https:\/\/patrimoine.lamayenne.fr\/sainte-suzanne\/wp-content\/uploads\/2025\/05\/Daydream-Makiko-FURUICHI-1.png\" alt=\"\" src=\"data:image\/svg+xml;base64,PHN2ZyB3aWR0aD0iMSIgaGVpZ2h0PSIxIiB4bWxucz0iaHR0cDovL3d3dy53My5vcmcvMjAwMC9zdmciPjwvc3ZnPg==\" style=\"--smush-placeholder-width: 832px; --smush-placeholder-aspect-ratio: 832\/567;\" \/>\n            <div class=\"evt__cat\">\n                          <\/div>\n          <\/figure>\n        <\/article>\n            <article class=\"evt__card flex__col\">\n          <div class=\"evt__content flex__col\">\n                        <h3 class=\"evt__title\">\n              <a href=\"https:\/\/patrimoine.lamayenne.fr\/sainte-suzanne\/expositions\/exposition-dialogues-sur-le-chemin-des-nuits\/\">Exposition \u00ab\u00a0Dialogue(s) &#8211; Sur le chemin des Nuits\u00a0\u00bb<\/a>\n            <\/h3>\n            <p class=\"evt__date\">Du 28 juin au 31 ao\u00fbt 2025 De 10H00 \u00e0 19H00<\/p>\n          <\/div>\n          <figure class=\"evt__image flex__col\">\n            <img decoding=\"async\" class=\"evt__thumb lazyload\" data-src=\"https:\/\/patrimoine.lamayenne.fr\/sainte-suzanne\/wp-content\/uploads\/2025\/07\/Expo_Nuits_Mayenne_Bergerie_Internet.jpg\" alt=\"\" src=\"data:image\/svg+xml;base64,PHN2ZyB3aWR0aD0iMSIgaGVpZ2h0PSIxIiB4bWxucz0iaHR0cDovL3d3dy53My5vcmcvMjAwMC9zdmciPjwvc3ZnPg==\" style=\"--smush-placeholder-width: 1536px; --smush-placeholder-aspect-ratio: 1536\/863;\" \/>\n            <div class=\"evt__cat\">\n                          <\/div>\n          <\/figure>\n        <\/article>\n            <article class=\"evt__card flex__col\">\n          <div class=\"evt__content flex__col\">\n                        <h3 class=\"evt__title\">\n              <a href=\"https:\/\/patrimoine.lamayenne.fr\/sainte-suzanne\/expositions\/exposition-au-fil-des-chateaux\/\">Exposition \u00ab\u00a0Au fil des ch\u00e2teaux\u00a0\u00bb<\/a>\n            <\/h3>\n            <p class=\"evt__date\">Du 27 juin au 16 novembre 2025 <\/p>\n          <\/div>\n          <figure class=\"evt__image flex__col\">\n            <img decoding=\"async\" class=\"evt__thumb lazyload\" data-src=\"https:\/\/patrimoine.lamayenne.fr\/sainte-suzanne\/wp-content\/uploads\/2025\/05\/5_05_Mayenne_SteSuzanne_Affiche7_Internet-scaled.jpg\" alt=\"\" src=\"data:image\/svg+xml;base64,PHN2ZyB3aWR0aD0iMSIgaGVpZ2h0PSIxIiB4bWxucz0iaHR0cDovL3d3dy53My5vcmcvMjAwMC9zdmciPjwvc3ZnPg==\" style=\"--smush-placeholder-width: 1135px; --smush-placeholder-aspect-ratio: 1135\/1640;\" \/>\n            <div class=\"evt__cat\">\n                          <\/div>\n          <\/figure>\n        <\/article>\n    <\/section>\n  <ul class=\"links flex\">\n      <\/ul>\n  \n\n\n<h2 class=\"wp-block-heading\" id=\"l-exposition-permanente-du-ciap\">L\u2019EXPOSITION permanente du cIap<\/h2>\n\n\n<section class=\"template__evt evt flex\" id=\"evt\">\n    <article class=\"evt__card flex__col\">\n    <div class=\"evt__content flex__col\">\n      <h3 class=\"evt__title\">\n        <a href=\"https:\/\/patrimoine.lamayenne.fr\/sainte-suzanne\/expositions\/une-fenetre-ouverte-sur-les-patrimoines-de-la-mayenne\/\">Une fen\u00eatre ouverte sur les patrimoines de la Mayenne<\/a>\n      <\/h3>\n      <div class=\"evt__date\">Du 01 janvier 2022 au 01 janvier 2030 <\/div>\n    <\/div>\n    <figure class=\"evt__image flex__col lazyload\" style=\"background-image:inherit\" data-bg-image=\"url(&#039;https:\/\/patrimoine.lamayenne.fr\/sainte-suzanne\/wp-content\/uploads\/2022\/04\/745F2968.jpg&#039;)\">\n      <img decoding=\"async\" class=\"evt__thumb lazyload\" data-src=\"https:\/\/patrimoine.lamayenne.fr\/sainte-suzanne\/wp-content\/uploads\/2022\/04\/745F2968.jpg\" alt=\"\" src=\"data:image\/svg+xml;base64,PHN2ZyB3aWR0aD0iMSIgaGVpZ2h0PSIxIiB4bWxucz0iaHR0cDovL3d3dy53My5vcmcvMjAwMC9zdmciPjwvc3ZnPg==\" style=\"--smush-placeholder-width: 1000px; --smush-placeholder-aspect-ratio: 1000\/667;\" \/>\n    <\/figure>\n  <\/article>\n<\/section>\n\n<section class=\"expoMurs flex__col\">\n  <h2>EXPOSITIONS HORS LES MURS<\/h2>\n  <p>Le ch\u00e2teau pr\u00eate des expositions aux structures d\u00e9sireuses de montrer les richesses du patrimoine mayennais.<\/p>\n      <div class=\"expoMurs__blocs flex\">\n              <div class=\"expoMurs__card\">\n          <div class=\"expoMurs__text\">\n                          <h3>Auguste ALLEAUME, <\/h3>\n                        <p>un ma\u00eetre-verrier en Mayenne<\/p>\n          <\/div>\n          <figure class=\"expoMurs__image\">\n            <img decoding=\"async\" data-src=\"https:\/\/patrimoine.lamayenne.fr\/sainte-suzanne\/wp-content\/uploads\/2022\/02\/HMURS_01.jpg\" alt=\"\" src=\"data:image\/svg+xml;base64,PHN2ZyB3aWR0aD0iMSIgaGVpZ2h0PSIxIiB4bWxucz0iaHR0cDovL3d3dy53My5vcmcvMjAwMC9zdmciPjwvc3ZnPg==\" class=\"lazyload\" style=\"--smush-placeholder-width: 320px; --smush-placeholder-aspect-ratio: 320\/711;\">\n          <\/figure>\n        <\/div>\n                <div class=\"expoMurs__card\">\n          <div class=\"expoMurs__text\">\n                          <h3>Jardins \u00e0 la fran\u00e7aise <\/h3>\n                        <p>Clich\u00e9s de Sandrine Jousseaume<\/p>\n          <\/div>\n          <figure class=\"expoMurs__image\">\n            <img decoding=\"async\" data-src=\"https:\/\/patrimoine.lamayenne.fr\/sainte-suzanne\/wp-content\/uploads\/2022\/02\/HMURS_02.jpg\" alt=\"\" src=\"data:image\/svg+xml;base64,PHN2ZyB3aWR0aD0iMSIgaGVpZ2h0PSIxIiB4bWxucz0iaHR0cDovL3d3dy53My5vcmcvMjAwMC9zdmciPjwvc3ZnPg==\" class=\"lazyload\" style=\"--smush-placeholder-width: 320px; --smush-placeholder-aspect-ratio: 320\/711;\">\n          <\/figure>\n        <\/div>\n                <div class=\"expoMurs__card\">\n          <div class=\"expoMurs__text\">\n                          <h3>SAVOIR-FER <\/h3>\n                        <p>Clich\u00e9s de Nathalie MENON<\/p>\n          <\/div>\n          <figure class=\"expoMurs__image\">\n            <img decoding=\"async\" data-src=\"https:\/\/patrimoine.lamayenne.fr\/sainte-suzanne\/wp-content\/uploads\/2022\/02\/HMURS_03.jpg\" alt=\"\" src=\"data:image\/svg+xml;base64,PHN2ZyB3aWR0aD0iMSIgaGVpZ2h0PSIxIiB4bWxucz0iaHR0cDovL3d3dy53My5vcmcvMjAwMC9zdmciPjwvc3ZnPg==\" class=\"lazyload\" style=\"--smush-placeholder-width: 321px; --smush-placeholder-aspect-ratio: 321\/711;\">\n          <\/figure>\n        <\/div>\n                <div class=\"expoMurs__card\">\n          <div class=\"expoMurs__text\">\n                          <h3>14 <\/h3>\n                        <p>Clich\u00e9s de Christine Lh\u00f4te<\/p>\n          <\/div>\n          <figure class=\"expoMurs__image\">\n            <img decoding=\"async\" data-src=\"https:\/\/patrimoine.lamayenne.fr\/sainte-suzanne\/wp-content\/uploads\/2022\/02\/HMURS_04.jpg\" alt=\"\" src=\"data:image\/svg+xml;base64,PHN2ZyB3aWR0aD0iMSIgaGVpZ2h0PSIxIiB4bWxucz0iaHR0cDovL3d3dy53My5vcmcvMjAwMC9zdmciPjwvc3ZnPg==\" class=\"lazyload\" style=\"--smush-placeholder-width: 321px; --smush-placeholder-aspect-ratio: 321\/711;\">\n          <\/figure>\n        <\/div>\n            <\/div>\n    <\/section>","protected":false},"excerpt":{"rendered":"<p>exposition du moment EXPOSITIONS PASS\u00c9ES L\u2019EXPOSITION permanente du cIap<\/p>\n","protected":false},"author":1,"featured_media":0,"parent":0,"menu_order":0,"comment_status":"closed","ping_status":"closed","template":"","meta":{"_acf_changed":false,"footnotes":""},"class_list":["post-345","page","type-page","status-publish","hentry"],"acf":[],"yoast_head":"<!-- This site is optimized with the Yoast SEO plugin v25.8 - https:\/\/yoast.com\/wordpress\/plugins\/seo\/ -->\n<title>Expositions au ch\u00e2teau - Sainte-Suzanne<\/title>\n<meta name=\"description\" content=\"Le mus\u00e9e de Sainte-Suzanne propose \u00e0 ses visiteurs l&#039;exposition du moment. Retrouvez toutes les informations des expositions au mus\u00e9e.\" \/>\n<meta name=\"robots\" content=\"index, follow, max-snippet:-1, max-image-preview:large, max-video-preview:-1\" \/>\n<link rel=\"canonical\" href=\"https:\/\/patrimoine.lamayenne.fr\/sainte-suzanne\/expositions-au-chateau\/\" \/>\n<meta name=\"twitter:card\" content=\"summary_large_image\" \/>\n<meta name=\"twitter:title\" content=\"Expositions au ch\u00e2teau - Sainte-Suzanne\" \/>\n<meta name=\"twitter:description\" content=\"Le mus\u00e9e de Sainte-Suzanne propose \u00e0 ses visiteurs l&#039;exposition du moment. Retrouvez toutes les informations des expositions au mus\u00e9e.\" \/>\n<meta name=\"twitter:site\" content=\"@lamayenne\" \/>\n<meta name=\"twitter:label1\" content=\"Dur\u00e9e de lecture estim\u00e9e\" \/>\n\t<meta name=\"twitter:data1\" content=\"1 minute\" \/>\n<script type=\"application\/ld+json\" class=\"yoast-schema-graph\">{\"@context\":\"https:\/\/schema.org\",\"@graph\":[{\"@type\":\"WebPage\",\"@id\":\"https:\/\/patrimoine.lamayenne.fr\/sainte-suzanne\/expositions-au-chateau\/\",\"url\":\"https:\/\/patrimoine.lamayenne.fr\/sainte-suzanne\/expositions-au-chateau\/\",\"name\":\"Expositions au ch\u00e2teau - Sainte-Suzanne\",\"isPartOf\":{\"@id\":\"https:\/\/patrimoine.lamayenne.fr\/sainte-suzanne\/#website\"},\"datePublished\":\"2022-02-11T14:24:22+00:00\",\"dateModified\":\"2026-03-12T11:35:52+00:00\",\"description\":\"Le mus\u00e9e de Sainte-Suzanne propose \u00e0 ses visiteurs l'exposition du moment. Retrouvez toutes les informations des expositions au mus\u00e9e.\",\"breadcrumb\":{\"@id\":\"https:\/\/patrimoine.lamayenne.fr\/sainte-suzanne\/expositions-au-chateau\/#breadcrumb\"},\"inLanguage\":\"fr-FR\",\"potentialAction\":[{\"@type\":\"ReadAction\",\"target\":[\"https:\/\/patrimoine.lamayenne.fr\/sainte-suzanne\/expositions-au-chateau\/\"]}]},{\"@type\":\"BreadcrumbList\",\"@id\":\"https:\/\/patrimoine.lamayenne.fr\/sainte-suzanne\/expositions-au-chateau\/#breadcrumb\",\"itemListElement\":[{\"@type\":\"ListItem\",\"position\":1,\"name\":\"Accueil\",\"item\":\"https:\/\/patrimoine.lamayenne.fr\/sainte-suzanne\/\"},{\"@type\":\"ListItem\",\"position\":2,\"name\":\"Expositions au ch\u00e2teau\"}]},{\"@type\":\"WebSite\",\"@id\":\"https:\/\/patrimoine.lamayenne.fr\/sainte-suzanne\/#website\",\"url\":\"https:\/\/patrimoine.lamayenne.fr\/sainte-suzanne\/\",\"name\":\"Sainte-Suzanne\",\"description\":\"\",\"publisher\":{\"@id\":\"https:\/\/patrimoine.lamayenne.fr\/sainte-suzanne\/#organization\"},\"potentialAction\":[{\"@type\":\"SearchAction\",\"target\":{\"@type\":\"EntryPoint\",\"urlTemplate\":\"https:\/\/patrimoine.lamayenne.fr\/sainte-suzanne\/?s={search_term_string}\"},\"query-input\":{\"@type\":\"PropertyValueSpecification\",\"valueRequired\":true,\"valueName\":\"search_term_string\"}}],\"inLanguage\":\"fr-FR\"},{\"@type\":\"Organization\",\"@id\":\"https:\/\/patrimoine.lamayenne.fr\/sainte-suzanne\/#organization\",\"name\":\"Sainte-Suzanne\",\"url\":\"https:\/\/patrimoine.lamayenne.fr\/sainte-suzanne\/\",\"logo\":{\"@type\":\"ImageObject\",\"inLanguage\":\"fr-FR\",\"@id\":\"https:\/\/patrimoine.lamayenne.fr\/sainte-suzanne\/#\/schema\/logo\/image\/\",\"url\":\"https:\/\/patrimoine.lamayenne.fr\/sainte-suzanne\/wp-content\/uploads\/2022\/04\/SteSuz_logo.svg\",\"contentUrl\":\"https:\/\/patrimoine.lamayenne.fr\/sainte-suzanne\/wp-content\/uploads\/2022\/04\/SteSuz_logo.svg\",\"width\":1,\"height\":1,\"caption\":\"Sainte-Suzanne\"},\"image\":{\"@id\":\"https:\/\/patrimoine.lamayenne.fr\/sainte-suzanne\/#\/schema\/logo\/image\/\"},\"sameAs\":[\"https:\/\/www.facebook.com\/departement.lamayenne\",\"https:\/\/x.com\/lamayenne\",\"https:\/\/www.instagram.com\/la.mayenne\/\",\"https:\/\/www.youtube.com\/user\/LaMayenneTV\"]}]}<\/script>\n<!-- \/ Yoast SEO plugin. -->","yoast_head_json":{"title":"Expositions au ch\u00e2teau - Sainte-Suzanne","description":"Le mus\u00e9e de Sainte-Suzanne propose \u00e0 ses visiteurs l'exposition du moment. Retrouvez toutes les informations des expositions au mus\u00e9e.","robots":{"index":"index","follow":"follow","max-snippet":"max-snippet:-1","max-image-preview":"max-image-preview:large","max-video-preview":"max-video-preview:-1"},"canonical":"https:\/\/patrimoine.lamayenne.fr\/sainte-suzanne\/expositions-au-chateau\/","twitter_card":"summary_large_image","twitter_title":"Expositions au ch\u00e2teau - Sainte-Suzanne","twitter_description":"Le mus\u00e9e de Sainte-Suzanne propose \u00e0 ses visiteurs l'exposition du moment. Retrouvez toutes les informations des expositions au mus\u00e9e.","twitter_site":"@lamayenne","twitter_misc":{"Dur\u00e9e de lecture estim\u00e9e":"1 minute"},"schema":{"@context":"https:\/\/schema.org","@graph":[{"@type":"WebPage","@id":"https:\/\/patrimoine.lamayenne.fr\/sainte-suzanne\/expositions-au-chateau\/","url":"https:\/\/patrimoine.lamayenne.fr\/sainte-suzanne\/expositions-au-chateau\/","name":"Expositions au ch\u00e2teau - Sainte-Suzanne","isPartOf":{"@id":"https:\/\/patrimoine.lamayenne.fr\/sainte-suzanne\/#website"},"datePublished":"2022-02-11T14:24:22+00:00","dateModified":"2026-03-12T11:35:52+00:00","description":"Le mus\u00e9e de Sainte-Suzanne propose \u00e0 ses visiteurs l'exposition du moment. Retrouvez toutes les informations des expositions au mus\u00e9e.","breadcrumb":{"@id":"https:\/\/patrimoine.lamayenne.fr\/sainte-suzanne\/expositions-au-chateau\/#breadcrumb"},"inLanguage":"fr-FR","potentialAction":[{"@type":"ReadAction","target":["https:\/\/patrimoine.lamayenne.fr\/sainte-suzanne\/expositions-au-chateau\/"]}]},{"@type":"BreadcrumbList","@id":"https:\/\/patrimoine.lamayenne.fr\/sainte-suzanne\/expositions-au-chateau\/#breadcrumb","itemListElement":[{"@type":"ListItem","position":1,"name":"Accueil","item":"https:\/\/patrimoine.lamayenne.fr\/sainte-suzanne\/"},{"@type":"ListItem","position":2,"name":"Expositions au ch\u00e2teau"}]},{"@type":"WebSite","@id":"https:\/\/patrimoine.lamayenne.fr\/sainte-suzanne\/#website","url":"https:\/\/patrimoine.lamayenne.fr\/sainte-suzanne\/","name":"Sainte-Suzanne","description":"","publisher":{"@id":"https:\/\/patrimoine.lamayenne.fr\/sainte-suzanne\/#organization"},"potentialAction":[{"@type":"SearchAction","target":{"@type":"EntryPoint","urlTemplate":"https:\/\/patrimoine.lamayenne.fr\/sainte-suzanne\/?s={search_term_string}"},"query-input":{"@type":"PropertyValueSpecification","valueRequired":true,"valueName":"search_term_string"}}],"inLanguage":"fr-FR"},{"@type":"Organization","@id":"https:\/\/patrimoine.lamayenne.fr\/sainte-suzanne\/#organization","name":"Sainte-Suzanne","url":"https:\/\/patrimoine.lamayenne.fr\/sainte-suzanne\/","logo":{"@type":"ImageObject","inLanguage":"fr-FR","@id":"https:\/\/patrimoine.lamayenne.fr\/sainte-suzanne\/#\/schema\/logo\/image\/","url":"https:\/\/patrimoine.lamayenne.fr\/sainte-suzanne\/wp-content\/uploads\/2022\/04\/SteSuz_logo.svg","contentUrl":"https:\/\/patrimoine.lamayenne.fr\/sainte-suzanne\/wp-content\/uploads\/2022\/04\/SteSuz_logo.svg","width":1,"height":1,"caption":"Sainte-Suzanne"},"image":{"@id":"https:\/\/patrimoine.lamayenne.fr\/sainte-suzanne\/#\/schema\/logo\/image\/"},"sameAs":["https:\/\/www.facebook.com\/departement.lamayenne","https:\/\/x.com\/lamayenne","https:\/\/www.instagram.com\/la.mayenne\/","https:\/\/www.youtube.com\/user\/LaMayenneTV"]}]}},"lang":"fr","translations":{"fr":345,"en":2051},"pll_sync_post":[],"_links":{"self":[{"href":"https:\/\/patrimoine.lamayenne.fr\/sainte-suzanne\/wp-json\/wp\/v2\/pages\/345","targetHints":{"allow":["GET"]}}],"collection":[{"href":"https:\/\/patrimoine.lamayenne.fr\/sainte-suzanne\/wp-json\/wp\/v2\/pages"}],"about":[{"href":"https:\/\/patrimoine.lamayenne.fr\/sainte-suzanne\/wp-json\/wp\/v2\/types\/page"}],"author":[{"embeddable":true,"href":"https:\/\/patrimoine.lamayenne.fr\/sainte-suzanne\/wp-json\/wp\/v2\/users\/1"}],"replies":[{"embeddable":true,"href":"https:\/\/patrimoine.lamayenne.fr\/sainte-suzanne\/wp-json\/wp\/v2\/comments?post=345"}],"version-history":[{"count":60,"href":"https:\/\/patrimoine.lamayenne.fr\/sainte-suzanne\/wp-json\/wp\/v2\/pages\/345\/revisions"}],"predecessor-version":[{"id":5195,"href":"https:\/\/patrimoine.lamayenne.fr\/sainte-suzanne\/wp-json\/wp\/v2\/pages\/345\/revisions\/5195"}],"wp:attachment":[{"href":"https:\/\/patrimoine.lamayenne.fr\/sainte-suzanne\/wp-json\/wp\/v2\/media?parent=345"}],"curies":[{"name":"wp","href":"https:\/\/api.w.org\/{rel}","templated":true}]}}